{"id":753,"date":"2024-11-23T16:48:11","date_gmt":"2024-11-23T16:48:11","guid":{"rendered":"https:\/\/stalovers.pl\/?page_id=753"},"modified":"2025-12-02T19:11:36","modified_gmt":"2025-12-02T19:11:36","slug":"partner","status":"publish","type":"page","link":"https:\/\/stalovers.pl\/de\/hauser\/partner\/","title":{"rendered":"PARTNER"},"content":{"rendered":"<div class=\"breadcrumbs\"><nav aria-label=\"Brotkr\u00fcmel\" class=\"breadcrumb-container\"><ol class=\"breadcrumb\"><li class=\"breadcrumb-item\"><a href=\"https:\/\/stalovers.pl\/de\"><i class=\"fas fa-home\"><\/i> Startseite<\/a><\/li><\/ol><\/nav><\/div>\n\n\r\n\r\n<h1 class=\"section-title\">Partnerschaftliche Projekte<\/h1>\r\n<p class=\"section-description\"><\/p>\r\n<div class=\"row g-4\">\r\n            <a href=\"\/de\/hauser\/partner\/akkord-iv-haus\/\" class=\"col-12 col-md-6 col-lg-4\">\r\n        <div class=\"card\">\r\n            <div class=\"card-header p-0\">\r\n                                                <img decoding=\"async\" src=\"https:\/\/stalovers.pl\/wp-content\/uploads\/2024\/11\/nowoczesny-dom-z-drewnianymi-elementami-otoczony-zielenia-i-ogrodem-pod-blekitnym-niebem-widok-z-przodu.jpg\" alt=\"Ein modernes Haus mit Holzelementen, umgeben von Gr\u00fcn und einem Garten unter blauem Himmel; Blick von vorne.\"\r\n                    class=\"w-100\" \/>\r\n                            <\/div>\r\n            <div class=\"card-body\">\r\n                <h5 class=\"card-title\">AKORD IV<\/h5>\r\n                <p class=\"card-text\"><p><em>Ein Haus in klassischer Form mit einer eleganten Fassade, die im unteren Teil ihren traditionellen Charakter beibeh\u00e4lt, w\u00e4hrend der obere Teil in einem holz\u00e4hnlichen Material ausgef\u00fchrt ist, das einen modernen Touch verleiht. Die Kombination aus Klassik und Moderne sorgt f\u00fcr einen zeitlosen Stil und ein komfortables Wohnumfeld.<\/em><\/p>\n<\/p>\r\n            <\/div>\r\n        <\/div>\r\n    <\/a>\r\n        <a href=\"\/de\/hauser\/partner\/chord-ix-house\/\" class=\"col-12 col-md-6 col-lg-4\">\r\n        <div class=\"card\">\r\n            <div class=\"card-header p-0\">\r\n                                                <img decoding=\"async\" src=\"https:\/\/stalovers.pl\/wp-content\/uploads\/2024\/11\/nowoczesny-dom-jednorodzinny-z-dwuspadowym-dachem-otoczony-zielenia-i-niebem-w-tle.jpg\" alt=\"Ein modernes, freistehendes Haus mit Satteldach, umgeben von Gr\u00fcn und dem Himmel im Hintergrund.\"\r\n                    class=\"w-100\" \/>\r\n                            <\/div>\r\n            <div class=\"card-body\">\r\n                <h5 class=\"card-title\">ACORD IX<\/h5>\r\n                <p class=\"card-text\"><p>Ein modernes Haus mit einer Garage im Block, das sich durch eine helle Fassade mit subtilen Ziegelsteineins\u00e4tzen auszeichnet. Die Kombination von modernen Materialien mit traditionellen Akzenten schafft einen ger\u00e4umigen und funktionalen Raum, ideal f\u00fcr eine moderne Familie.<\/p>\n<\/p>\r\n            <\/div>\r\n        <\/div>\r\n    <\/a>\r\n        <a href=\"\/de\/hauser\/partner\/hausspinat\/\" class=\"col-12 col-md-6 col-lg-4\">\r\n        <div class=\"card\">\r\n            <div class=\"card-header p-0\">\r\n                                                <img decoding=\"async\" src=\"https:\/\/stalovers.pl\/wp-content\/uploads\/2024\/11\/nowoczesne-domy-szeregowe-z-drewnianymi-elewacjami-podjazd-i-samochod-na-tle-slonecznego-dnia.jpg\" alt=\"Moderne Reihenh\u00e4user mit Holzfassade, Einfahrt und Auto vor der Kulisse eines sonnigen Tages.\"\r\n                    class=\"w-100\" \/>\r\n                            <\/div>\r\n            <div class=\"card-body\">\r\n                <h5 class=\"card-title\">SPRINK<\/h5>\r\n                <p class=\"card-text\"><p><em>Ein Haus im Scheunenstil mit Garage, das aus einer Entwicklung entstanden ist. Es zeichnet sich durch einen modernen, schlichten Bauk\u00f6rper, eine gro\u00dfe Verglasung und eine funktionale Garage aus und ist damit ideal f\u00fcr alle, die ein ger\u00e4umiges und \u00e4sthetisch ansprechendes Haus im Scheunenstil suchen.<\/em><\/p>\n<\/p>\r\n            <\/div>\r\n        <\/div>\r\n    <\/a>\r\n        <\/div>\n\n\n<p><\/p>","protected":false},"excerpt":{"rendered":"<p>Entdecken Sie Stalovers H\u00e4user - modernes Design, hochwertige Ausstattung und attraktive Lagen. W\u00e4hlen Sie das perfekte Haus f\u00fcr Ihre Familie.<\/p>","protected":false},"author":1,"featured_media":3203,"parent":207,"menu_order":0,"comment_status":"closed","ping_status":"closed","template":"page-templates\/houses.php","meta":{"_acf_changed":false,"footnotes":""},"class_list":["post-753","page","type-page","status-publish","has-post-thumbnail","hentry"],"acf":[],"yoast_head":"<!-- This site is optimized with the Yoast SEO plugin v26.5 - https:\/\/yoast.com\/wordpress\/plugins\/seo\/ -->\n<title>Domy Partner\u00f3w \u2013 gotowe projekty dom\u00f3w stalowych<\/title>\n<meta name=\"description\" content=\"Gotowe projekty dom\u00f3w stalowych. Nowoczesne, energooszcz\u0119dne i szybkie w budowie konstrukcje dopasowane do r\u00f3\u017cnych potrzeb.\" \/>\n<meta name=\"robots\" content=\"index, follow, max-snippet:-1, max-image-preview:large, max-video-preview:-1\" \/>\n<link rel=\"canonical\" href=\"https:\/\/stalovers.pl\/de\/hauser\/partner\/\" \/>\n<meta property=\"og:locale\" content=\"de_DE\" \/>\n<meta property=\"og:type\" content=\"article\" \/>\n<meta property=\"og:title\" content=\"Domy Partner\u00f3w \u2013 gotowe projekty dom\u00f3w stalowych\" \/>\n<meta property=\"og:description\" content=\"Gotowe projekty dom\u00f3w stalowych. Nowoczesne, energooszcz\u0119dne i szybkie w budowie konstrukcje dopasowane do r\u00f3\u017cnych potrzeb.\" \/>\n<meta property=\"og:url\" content=\"https:\/\/stalovers.pl\/de\/hauser\/partner\/\" \/>\n<meta property=\"og:site_name\" content=\"Stalovers\" \/>\n<meta property=\"article:modified_time\" content=\"2025-12-02T19:11:36+00:00\" \/>\n<meta property=\"og:image\" content=\"https:\/\/stalovers.pl\/wp-content\/uploads\/2025\/05\/IMG_0119.webp\" \/>\n\t<meta property=\"og:image:width\" content=\"1440\" \/>\n\t<meta property=\"og:image:height\" content=\"1080\" \/>\n\t<meta property=\"og:image:type\" content=\"image\/webp\" \/>\n<meta name=\"twitter:card\" content=\"summary_large_image\" \/>\n<meta name=\"twitter:label1\" content=\"Gesch\u00e4tzte Lesezeit\" \/>\n\t<meta name=\"twitter:data1\" content=\"1\u00a0Minute\" \/>\n<script type=\"application\/ld+json\" class=\"yoast-schema-graph\">{\"@context\":\"https:\/\/schema.org\",\"@graph\":[{\"@type\":\"WebPage\",\"@id\":\"https:\/\/stalovers.pl\/domy\/partnerow\/\",\"url\":\"https:\/\/stalovers.pl\/domy\/partnerow\/\",\"name\":\"Domy Partner\u00f3w \u2013 gotowe projekty dom\u00f3w stalowych\",\"isPartOf\":{\"@id\":\"https:\/\/stalovers.pl\/#website\"},\"primaryImageOfPage\":{\"@id\":\"https:\/\/stalovers.pl\/domy\/partnerow\/#primaryimage\"},\"image\":{\"@id\":\"https:\/\/stalovers.pl\/domy\/partnerow\/#primaryimage\"},\"thumbnailUrl\":\"https:\/\/stalovers.pl\/wp-content\/uploads\/2025\/05\/IMG_0119.webp\",\"datePublished\":\"2024-11-23T16:48:11+00:00\",\"dateModified\":\"2025-12-02T19:11:36+00:00\",\"description\":\"Gotowe projekty dom\u00f3w stalowych. Nowoczesne, energooszcz\u0119dne i szybkie w budowie konstrukcje dopasowane do r\u00f3\u017cnych potrzeb.\",\"breadcrumb\":{\"@id\":\"https:\/\/stalovers.pl\/domy\/partnerow\/#breadcrumb\"},\"inLanguage\":\"de\",\"potentialAction\":[{\"@type\":\"ReadAction\",\"target\":[\"https:\/\/stalovers.pl\/domy\/partnerow\/\"]}]},{\"@type\":\"ImageObject\",\"inLanguage\":\"de\",\"@id\":\"https:\/\/stalovers.pl\/domy\/partnerow\/#primaryimage\",\"url\":\"https:\/\/stalovers.pl\/wp-content\/uploads\/2025\/05\/IMG_0119.webp\",\"contentUrl\":\"https:\/\/stalovers.pl\/wp-content\/uploads\/2025\/05\/IMG_0119.webp\",\"width\":1440,\"height\":1080,\"caption\":\"Konstrukcja Domu\"},{\"@type\":\"BreadcrumbList\",\"@id\":\"https:\/\/stalovers.pl\/domy\/partnerow\/#breadcrumb\",\"itemListElement\":[{\"@type\":\"ListItem\",\"position\":1,\"name\":\"Strona g\u0142\u00f3wna\",\"item\":\"https:\/\/stalovers.pl\/\"},{\"@type\":\"ListItem\",\"position\":2,\"name\":\"Domy\",\"item\":\"https:\/\/stalovers.pl\/domy\/\"},{\"@type\":\"ListItem\",\"position\":3,\"name\":\"PARTNER\u00d3W\"}]},{\"@type\":\"WebSite\",\"@id\":\"https:\/\/stalovers.pl\/#website\",\"url\":\"https:\/\/stalovers.pl\/\",\"name\":\"Stalovers\",\"description\":\"Fabryka dom\u00f3w stalowych \u2013 nowoczesne domy i hale\",\"publisher\":{\"@id\":\"https:\/\/stalovers.pl\/#organization\"},\"potentialAction\":[{\"@type\":\"SearchAction\",\"target\":{\"@type\":\"EntryPoint\",\"urlTemplate\":\"https:\/\/stalovers.pl\/?s={search_term_string}\"},\"query-input\":{\"@type\":\"PropertyValueSpecification\",\"valueRequired\":true,\"valueName\":\"search_term_string\"}}],\"inLanguage\":\"de\"},{\"@type\":\"Organization\",\"@id\":\"https:\/\/stalovers.pl\/#organization\",\"name\":\"Stalovers\",\"url\":\"https:\/\/stalovers.pl\/\",\"logo\":{\"@type\":\"ImageObject\",\"inLanguage\":\"de\",\"@id\":\"https:\/\/stalovers.pl\/#\/schema\/logo\/image\/\",\"url\":\"\",\"contentUrl\":\"\",\"caption\":\"Stalovers\"},\"image\":{\"@id\":\"https:\/\/stalovers.pl\/#\/schema\/logo\/image\/\"}}]}<\/script>\n<!-- \/ Yoast SEO plugin. -->","yoast_head_json":{"title":"Partnerh\u00e4user - fertige Stahlhausentw\u00fcrfe","description":"Fertige Stahlhausentw\u00fcrfe. Moderne, energieeffiziente und schnell zu errichtende Strukturen f\u00fcr unterschiedliche Bed\u00fcrfnisse.","robots":{"index":"index","follow":"follow","max-snippet":"max-snippet:-1","max-image-preview":"max-image-preview:large","max-video-preview":"max-video-preview:-1"},"canonical":"https:\/\/stalovers.pl\/de\/hauser\/partner\/","og_locale":"de_DE","og_type":"article","og_title":"Domy Partner\u00f3w \u2013 gotowe projekty dom\u00f3w stalowych","og_description":"Gotowe projekty dom\u00f3w stalowych. Nowoczesne, energooszcz\u0119dne i szybkie w budowie konstrukcje dopasowane do r\u00f3\u017cnych potrzeb.","og_url":"https:\/\/stalovers.pl\/de\/hauser\/partner\/","og_site_name":"Stalovers","article_modified_time":"2025-12-02T19:11:36+00:00","og_image":[{"width":1440,"height":1080,"url":"https:\/\/stalovers.pl\/wp-content\/uploads\/2025\/05\/IMG_0119.webp","type":"image\/webp"}],"twitter_card":"summary_large_image","twitter_misc":{"Gesch\u00e4tzte Lesezeit":"1\u00a0Minute"},"schema":{"@context":"https:\/\/schema.org","@graph":[{"@type":"WebPage","@id":"https:\/\/stalovers.pl\/domy\/partnerow\/","url":"https:\/\/stalovers.pl\/domy\/partnerow\/","name":"Partnerh\u00e4user - fertige Stahlhausentw\u00fcrfe","isPartOf":{"@id":"https:\/\/stalovers.pl\/#website"},"primaryImageOfPage":{"@id":"https:\/\/stalovers.pl\/domy\/partnerow\/#primaryimage"},"image":{"@id":"https:\/\/stalovers.pl\/domy\/partnerow\/#primaryimage"},"thumbnailUrl":"https:\/\/stalovers.pl\/wp-content\/uploads\/2025\/05\/IMG_0119.webp","datePublished":"2024-11-23T16:48:11+00:00","dateModified":"2025-12-02T19:11:36+00:00","description":"Fertige Stahlhausentw\u00fcrfe. Moderne, energieeffiziente und schnell zu errichtende Strukturen f\u00fcr unterschiedliche Bed\u00fcrfnisse.","breadcrumb":{"@id":"https:\/\/stalovers.pl\/domy\/partnerow\/#breadcrumb"},"inLanguage":"de","potentialAction":[{"@type":"ReadAction","target":["https:\/\/stalovers.pl\/domy\/partnerow\/"]}]},{"@type":"ImageObject","inLanguage":"de","@id":"https:\/\/stalovers.pl\/domy\/partnerow\/#primaryimage","url":"https:\/\/stalovers.pl\/wp-content\/uploads\/2025\/05\/IMG_0119.webp","contentUrl":"https:\/\/stalovers.pl\/wp-content\/uploads\/2025\/05\/IMG_0119.webp","width":1440,"height":1080,"caption":"Konstrukcja Domu"},{"@type":"BreadcrumbList","@id":"https:\/\/stalovers.pl\/domy\/partnerow\/#breadcrumb","itemListElement":[{"@type":"ListItem","position":1,"name":"Strona g\u0142\u00f3wna","item":"https:\/\/stalovers.pl\/"},{"@type":"ListItem","position":2,"name":"Domy","item":"https:\/\/stalovers.pl\/domy\/"},{"@type":"ListItem","position":3,"name":"PARTNER\u00d3W"}]},{"@type":"WebSite","@id":"https:\/\/stalovers.pl\/#website","url":"https:\/\/stalovers.pl\/","name":"Stalovers","description":"Stahlhausfabrik - moderne H\u00e4user und Hallen","publisher":{"@id":"https:\/\/stalovers.pl\/#organization"},"potentialAction":[{"@type":"SearchAction","target":{"@type":"EntryPoint","urlTemplate":"https:\/\/stalovers.pl\/?s={search_term_string}"},"query-input":{"@type":"PropertyValueSpecification","valueRequired":true,"valueName":"search_term_string"}}],"inLanguage":"de"},{"@type":"Organization","@id":"https:\/\/stalovers.pl\/#organization","name":"Stalovers","url":"https:\/\/stalovers.pl\/","logo":{"@type":"ImageObject","inLanguage":"de","@id":"https:\/\/stalovers.pl\/#\/schema\/logo\/image\/","url":"","contentUrl":"","caption":"Stalovers"},"image":{"@id":"https:\/\/stalovers.pl\/#\/schema\/logo\/image\/"}}]}},"_links":{"self":[{"href":"https:\/\/stalovers.pl\/de\/wp-json\/wp\/v2\/pages\/753","targetHints":{"allow":["GET"]}}],"collection":[{"href":"https:\/\/stalovers.pl\/de\/wp-json\/wp\/v2\/pages"}],"about":[{"href":"https:\/\/stalovers.pl\/de\/wp-json\/wp\/v2\/types\/page"}],"author":[{"embeddable":true,"href":"https:\/\/stalovers.pl\/de\/wp-json\/wp\/v2\/users\/1"}],"replies":[{"embeddable":true,"href":"https:\/\/stalovers.pl\/de\/wp-json\/wp\/v2\/comments?post=753"}],"version-history":[{"count":0,"href":"https:\/\/stalovers.pl\/de\/wp-json\/wp\/v2\/pages\/753\/revisions"}],"up":[{"embeddable":true,"href":"https:\/\/stalovers.pl\/de\/wp-json\/wp\/v2\/pages\/207"}],"wp:featuredmedia":[{"embeddable":true,"href":"https:\/\/stalovers.pl\/de\/wp-json\/wp\/v2\/media\/3203"}],"wp:attachment":[{"href":"https:\/\/stalovers.pl\/de\/wp-json\/wp\/v2\/media?parent=753"}],"curies":[{"name":"wp","href":"https:\/\/api.w.org\/{rel}","templated":true}]}}