{"id":750,"date":"2024-11-23T18:50:50","date_gmt":"2024-11-23T18:50:50","guid":{"rendered":"https:\/\/stalovers.pl\/?page_id=750"},"modified":"2025-12-11T13:13:31","modified_gmt":"2025-12-11T13:13:31","slug":"akkord-iv-haus","status":"publish","type":"page","link":"https:\/\/stalovers.pl\/de\/hauser\/partner\/akkord-iv-haus\/","title":{"rendered":"AKORD IV Haus"},"content":{"rendered":"<p>Projekt eines kleinen Hauses \u201cAkord IV\u201d mit nutzbarem Dachgeschoss ohne Garage f\u00fcr ein schmales Grundst\u00fcck, das sich durch einen kompakten Bauk\u00f6rper und eine optimale Raumausnutzung auszeichnet.<\/p>\n\n\n\n<p>Das Dach des Geb\u00e4udes liegt mit seinen Giebeln an der vorderen und der Gartengrenze des Grundst\u00fccks. Dadurch sind die Balkone und Dachfl\u00e4chenfenster nicht zu den Nachbargrundst\u00fccken hin ausgerichtet.<\/p>\n\n\n\n<p>Der Haupteingang des Hauses ist durch einen Balkon gesch\u00fctzt.<\/p>\n\n\n\n<p>Der Eingangsbereich hat einen direkten Durchgang zum Heizungsraum und viele Garderobenpl\u00e4tze.<\/p>\n\n\n\n<p>Die K\u00fcche und das Wohnzimmer bilden einen einzigen, lichtdurchfluteten Raum mit gro\u00dfen Fenstern.<\/p>\n\n\n\n<p>In einer abgelegenen Ecke befindet sich ein Arbeitszimmer mit eigenem Bad. Eine bequeme Treppe mit einem Treppenabsatz f\u00fchrt zum Dachgeschoss. Dort finden Sie drei Schlafzimmer mit Fenstern in den Giebeln, ein Badezimmer und eine Waschk\u00fcche. Das Gastgeberzimmer hat einen eigenen Ankleideraum.<\/p>\n\n\n\n<p>Die regelm\u00e4\u00dfige Form des Hauses und das einfache Dach reduzieren die Baukosten. Eine gute Wandisolierung und eine konzipierte L\u00fcftung mit W\u00e4rmer\u00fcckgewinnung erm\u00f6glichen hohe Energieeinsparungen im Betrieb.<\/p>\n\n\n\n<div class=\"wp-block-contact-form-7-contact-form-selector\">\n<div class=\"wpcf7 no-js\" id=\"wpcf7-f279-o1\" lang=\"pl-PL\" dir=\"ltr\" data-wpcf7-id=\"279\">\n<div class=\"screen-reader-response\"><p role=\"status\" aria-live=\"polite\" aria-atomic=\"true\"><\/p> <ul><\/ul><\/div>\n<form action=\"\/de\/wp-json\/wp\/v2\/pages\/750#wpcf7-f279-o1\" method=\"post\" class=\"wpcf7-form init\" aria-label=\"Formularz kontaktowy\" novalidate=\"novalidate\" data-status=\"init\" data-trp-original-action=\"\/de\/wp-json\/wp\/v2\/pages\/750#wpcf7-f279-o1\">\n<fieldset class=\"hidden-fields-container\"><input type=\"hidden\" name=\"_wpcf7\" value=\"279\" \/><input type=\"hidden\" name=\"_wpcf7_version\" value=\"6.1.4\" \/><input type=\"hidden\" name=\"_wpcf7_locale\" value=\"pl_PL\" \/><input type=\"hidden\" name=\"_wpcf7_unit_tag\" value=\"wpcf7-f279-o1\" \/><input type=\"hidden\" name=\"_wpcf7_container_post\" value=\"0\" \/><input type=\"hidden\" name=\"_wpcf7_posted_data_hash\" value=\"\" \/><input type=\"hidden\" name=\"_wpcf7_recaptcha_response\" value=\"\" \/>\n<\/fieldset>\n<div class=\"row gy-4 gy-xl-5 p-4 p-xl-5\">\n    <div class=\"col-12\">\n        <label>Name<\/label>\n        <span class=\"wpcf7-form-control-wrap\" data-name=\"fullname\"><input size=\"40\" maxlength=\"400\" class=\"wpcf7-form-control wpcf7-text wpcf7-validates-as-required form-control\" id=\"fullname\" aria-required=\"true\" aria-invalid=\"false\" value=\"\" type=\"text\" name=\"fullname\" \/><\/span>\n    <\/div>\n    <div class=\"col-12 col-md-6\">\n        <label>E-Mail<\/label>\n        <div class=\"input-group\">\n            <span class=\"input-group-text\">\n                <svg xmlns=\"http:\/\/www.w3.org\/2000\/svg\" width=\"16\" height=\"16\" fill=\"currentColor\" class=\"bi bi-envelope\" viewbox=\"0 0 16 16\">\n                    <path d=\"M0 4a2 2 0 0 1 2-2h12a2 2 0 0 1 2 2v8a2 2 0 0 1-2 2H2a2 2 0 0 1-2-2V4Zm2-1a1 1 0 0 0-1 1v.217l7 4.2 7-4.2V4a1 1 0 0 0-1-1H2Zm13 2.383-4.708 2.825L15 11.105V5.383Zm-.034 6.876-5.64-3.471L8 9.583l-1.326-.795-5.64 3.47A1 1 0 0 0 2 13h12a1 1 0 0 0 .966-.741ZM1 11.105l4.708-2.897L1 5.383v5.722Z\"\/>\n                <\/svg>\n            <\/span>\n            <span class=\"wpcf7-form-control-wrap\" data-name=\"email\"><input size=\"40\" maxlength=\"400\" class=\"wpcf7-form-control wpcf7-email wpcf7-validates-as-required wpcf7-text wpcf7-validates-as-email form-control\" id=\"email\" aria-required=\"true\" aria-invalid=\"false\" value=\"\" type=\"email\" name=\"email\" \/><\/span>\n        <\/div>\n    <\/div>\n    <div class=\"col-12 col-md-6\">\n        <label>Telefon Nummer<\/label>\n        <div class=\"input-group\">\n            <span class=\"input-group-text\">\n                <svg xmlns=\"http:\/\/www.w3.org\/2000\/svg\" width=\"16\" height=\"16\" fill=\"currentColor\" class=\"bi bi-telephone\" viewbox=\"0 0 16 16\">\n                    <path d=\"M3.654 1.328a.678.678 0 0 0-1.015-.063L1.605 2.3c-.483.484-.661 1.169-.45 1.77a17.568 17.568 0 0 0 4.168 6.608 17.569 17.569 0 0 0 6.608 4.168c.601.211 1.286.033 1.77-.45l1.034-1.034a.678.678 0 0 0-.063-1.015l-2.307-1.794a.678.678 0 0 0-.58-.122l-2.19.547a1.745 1.745 0 0 1-1.657-.459L5.482 8.062a1.745 1.745 0 0 1-.46-1.657l.548-2.19a.678.678 0 0 0-.122-.58L3.654 1.328zM1.884.511a1.745 1.745 0 0 1 2.612.163L6.29 2.98c.329.423.445.974.315 1.494l-.547 2.19a.678.678 0 0 0 .178.643l2.457 2.457a.678.678 0 0 0 .644.178l2.189-.547a1.745 1.745 0 0 1 1.494.315l2.306 1.794c.829.645.905 1.87.163 2.611l-1.034 1.034c-.74.74-1.846 1.065-2.877.702a18.634 18.634 0 0 1-7.01-4.42 18.634 18.634 0 0 1-4.42-7.009c-.362-1.03-.037-2.137.703-2.877L1.885.511z\"\/>\n                <\/svg>\n            <\/span>\n            <span class=\"wpcf7-form-control-wrap\" data-name=\"phone\"><input size=\"40\" maxlength=\"400\" class=\"wpcf7-form-control wpcf7-tel wpcf7-text wpcf7-validates-as-tel form-control\" id=\"phone\" aria-invalid=\"false\" value=\"\" type=\"tel\" name=\"phone\" \/><\/span>\n        <\/div>\n    <\/div>\n<div class=\"col-12\">\n<label>In welchem Stadium befinden Sie sich?<\/label>\n<span class=\"wpcf7-form-control-wrap\" data-name=\"menu-347\"><select class=\"wpcf7-form-control wpcf7-select wpcf7-validates-as-required\" aria-required=\"true\" aria-invalid=\"false\" name=\"menu-347\"><option value=\"\">&#8212;Prosz\u0119 wybra\u0107 opcj\u0119&#8212;<\/option><option value=\"Planuj\u0119 budow\u0119 domu\">Ich plane, ein Haus zu bauen<\/option><option value=\"Szukam dzia\u0142ki\">Suche nach einem Grundst\u00fcck<\/option><option value=\"Mam ju\u017c dzia\u0142k\u0119\">Ich habe bereits ein St\u00fcck Land<\/option><option value=\"Mam ju\u017c projekt\">Ich habe bereits einen Entwurf<\/option><option value=\"Tylko si\u0119 rozgl\u0105dam\">Ich schaue mich nur um<\/option><\/select><\/span>\n<\/div>\n<div class=\"col-12\">\n<label>Die Stadt oder das Viertel, in dem ich zu bauen beabsichtige?<\/label>\n<span class=\"wpcf7-form-control-wrap\" data-name=\"text-143\"><input size=\"40\" maxlength=\"400\" class=\"wpcf7-form-control wpcf7-text wpcf7-validates-as-required form-control\" aria-required=\"true\" aria-invalid=\"false\" value=\"\" type=\"text\" name=\"text-143\" \/><\/span>\n<\/div>\n    <div class=\"col-12\">\n        <label>Thema<\/label>\n        <span class=\"wpcf7-form-control-wrap\" data-name=\"subject\"><input size=\"40\" maxlength=\"400\" class=\"wpcf7-form-control wpcf7-text wpcf7-validates-as-required form-control\" id=\"subject\" aria-required=\"true\" aria-invalid=\"false\" value=\"\" type=\"text\" name=\"subject\" \/><\/span>\n    <\/div>\n    <div class=\"col-12\">\n        <label>Nachricht<\/label>\n        <span class=\"wpcf7-form-control-wrap\" data-name=\"message\"><textarea cols=\"40\" rows=\"3\" maxlength=\"2000\" class=\"wpcf7-form-control wpcf7-textarea wpcf7-validates-as-required form-control\" id=\"message\" aria-required=\"true\" aria-invalid=\"false\" name=\"message\"><\/textarea><\/span>\n    <\/div>\n<span class=\"wpcf7-form-control-wrap\" data-name=\"your-acceptance-field-name\"><span class=\"wpcf7-form-control wpcf7-acceptance\"><span class=\"wpcf7-list-item\"><label><input type=\"checkbox\" name=\"your-acceptance-field-name\" value=\"1\" aria-invalid=\"false\" \/><span class=\"wpcf7-list-item-label\">Ich akzeptiere <a href=\"\/de\/datenschutzbestimmungen\/\" target=\"_blank\">Datenschutzbestimmungen<\/a> Dienst*<\/span><\/label><\/span><\/span><\/span>\n<span class=\"wpcf7-form-control-wrap\" data-name=\"acceptance-329\"><span class=\"wpcf7-form-control wpcf7-acceptance\"><span class=\"wpcf7-list-item\"><label><input type=\"checkbox\" name=\"acceptance-329\" value=\"1\" aria-invalid=\"false\" \/><span class=\"wpcf7-list-item-label\">Ich stimme der Verarbeitung von Informationen f\u00fcr Marketingzwecke zu*<\/span><\/label><\/span><\/span><\/span>\n<input class=\"wpcf7-form-control wpcf7-hidden\" value=\"\" type=\"hidden\" name=\"page-url\" \/>\n        <div class=\"d-grid\">\n            <input class=\"wpcf7-form-control wpcf7-submit has-spinner btn btn-primary btn-lg\" type=\"submit\" value=\"Eine Nachricht senden\" \/>\n        <\/div>\n    <\/div><div class=\"wpcf7-response-output\" aria-hidden=\"true\"><\/div>\n<input type=\"hidden\" name=\"trp-form-language\" value=\"de\"\/><\/form>\n<\/div>\n<\/div>\n\n\n\n<p><\/p>","protected":false},"excerpt":{"rendered":"<p>Das moderne Stahlhaus Akord IV. Ein energieeffizientes, langlebiges und schnell zu errichtendes Projekt in Stahlleichtbauweise.<\/p>","protected":false},"author":1,"featured_media":2596,"parent":753,"menu_order":0,"comment_status":"closed","ping_status":"closed","template":"page-templates\/house.php","meta":{"_acf_changed":false,"footnotes":""},"class_list":["post-750","page","type-page","status-publish","has-post-thumbnail","hentry"],"acf":[],"yoast_head":"<!-- This site is optimized with the Yoast SEO plugin v26.5 - https:\/\/yoast.com\/wordpress\/plugins\/seo\/ -->\n<title>Dom Akord IV \u2013 nowoczesny projekt domu stalowego<\/title>\n<meta name=\"description\" content=\"Nowoczesny dom stalowy Akord IV. Energooszcz\u0119dny, trwa\u0142y i szybki w budowie projekt z lekkiej konstrukcji stalowej.\" \/>\n<meta name=\"robots\" content=\"index, follow, max-snippet:-1, max-image-preview:large, max-video-preview:-1\" \/>\n<link rel=\"canonical\" href=\"https:\/\/stalovers.pl\/de\/hauser\/partner\/akkord-iv-haus\/\" \/>\n<meta property=\"og:locale\" content=\"de_DE\" \/>\n<meta property=\"og:type\" content=\"article\" \/>\n<meta property=\"og:title\" content=\"Dom Akord IV \u2013 nowoczesny projekt domu stalowego\" \/>\n<meta property=\"og:description\" content=\"Nowoczesny dom stalowy Akord IV. Energooszcz\u0119dny, trwa\u0142y i szybki w budowie projekt z lekkiej konstrukcji stalowej.\" \/>\n<meta property=\"og:url\" content=\"https:\/\/stalovers.pl\/de\/hauser\/partner\/akkord-iv-haus\/\" \/>\n<meta property=\"og:site_name\" content=\"Stalovers\" \/>\n<meta property=\"article:modified_time\" content=\"2025-12-11T13:13:31+00:00\" \/>\n<meta property=\"og:image\" content=\"https:\/\/stalovers.pl\/wp-content\/uploads\/2025\/04\/nowoczesny-dom-jednorodzinny-z-drewniana-elewacja-otoczony-zielenia-z-zaparkowanym-rowerem-i-zadbanym-ogrodem-2-2.jpg\" \/>\n\t<meta property=\"og:image:width\" content=\"1920\" \/>\n\t<meta property=\"og:image:height\" content=\"1080\" \/>\n\t<meta property=\"og:image:type\" content=\"image\/jpeg\" \/>\n<meta name=\"twitter:card\" content=\"summary_large_image\" \/>\n<meta name=\"twitter:label1\" content=\"Gesch\u00e4tzte Lesezeit\" \/>\n\t<meta name=\"twitter:data1\" content=\"2\u00a0Minuten\" \/>\n<script type=\"application\/ld+json\" class=\"yoast-schema-graph\">{\"@context\":\"https:\/\/schema.org\",\"@graph\":[{\"@type\":\"WebPage\",\"@id\":\"https:\/\/stalovers.pl\/domy\/partnerow\/dom-akord-iv\/\",\"url\":\"https:\/\/stalovers.pl\/domy\/partnerow\/dom-akord-iv\/\",\"name\":\"Dom Akord IV \u2013 nowoczesny projekt domu stalowego\",\"isPartOf\":{\"@id\":\"https:\/\/stalovers.pl\/#website\"},\"primaryImageOfPage\":{\"@id\":\"https:\/\/stalovers.pl\/domy\/partnerow\/dom-akord-iv\/#primaryimage\"},\"image\":{\"@id\":\"https:\/\/stalovers.pl\/domy\/partnerow\/dom-akord-iv\/#primaryimage\"},\"thumbnailUrl\":\"https:\/\/stalovers.pl\/wp-content\/uploads\/2025\/04\/nowoczesny-dom-jednorodzinny-z-drewniana-elewacja-otoczony-zielenia-z-zaparkowanym-rowerem-i-zadbanym-ogrodem-2-2.jpg\",\"datePublished\":\"2024-11-23T18:50:50+00:00\",\"dateModified\":\"2025-12-11T13:13:31+00:00\",\"description\":\"Nowoczesny dom stalowy Akord IV. Energooszcz\u0119dny, trwa\u0142y i szybki w budowie projekt z lekkiej konstrukcji stalowej.\",\"breadcrumb\":{\"@id\":\"https:\/\/stalovers.pl\/domy\/partnerow\/dom-akord-iv\/#breadcrumb\"},\"inLanguage\":\"de\",\"potentialAction\":[{\"@type\":\"ReadAction\",\"target\":[\"https:\/\/stalovers.pl\/domy\/partnerow\/dom-akord-iv\/\"]}]},{\"@type\":\"ImageObject\",\"inLanguage\":\"de\",\"@id\":\"https:\/\/stalovers.pl\/domy\/partnerow\/dom-akord-iv\/#primaryimage\",\"url\":\"https:\/\/stalovers.pl\/wp-content\/uploads\/2025\/04\/nowoczesny-dom-jednorodzinny-z-drewniana-elewacja-otoczony-zielenia-z-zaparkowanym-rowerem-i-zadbanym-ogrodem-2-2.jpg\",\"contentUrl\":\"https:\/\/stalovers.pl\/wp-content\/uploads\/2025\/04\/nowoczesny-dom-jednorodzinny-z-drewniana-elewacja-otoczony-zielenia-z-zaparkowanym-rowerem-i-zadbanym-ogrodem-2-2.jpg\",\"width\":1920,\"height\":1080,\"caption\":\"Nowoczesny dom jednorodzinny z drewnian\u0105 elewacj\u0105, otoczony zieleni\u0105, z zaparkowanym rowerem i zadbanym ogrodem.\"},{\"@type\":\"BreadcrumbList\",\"@id\":\"https:\/\/stalovers.pl\/domy\/partnerow\/dom-akord-iv\/#breadcrumb\",\"itemListElement\":[{\"@type\":\"ListItem\",\"position\":1,\"name\":\"Strona g\u0142\u00f3wna\",\"item\":\"https:\/\/stalovers.pl\/\"},{\"@type\":\"ListItem\",\"position\":2,\"name\":\"Domy\",\"item\":\"https:\/\/stalovers.pl\/domy\/\"},{\"@type\":\"ListItem\",\"position\":3,\"name\":\"PARTNER\u00d3W\",\"item\":\"https:\/\/stalovers.pl\/domy\/partnerow\/\"},{\"@type\":\"ListItem\",\"position\":4,\"name\":\"Dom AKORD IV\"}]},{\"@type\":\"WebSite\",\"@id\":\"https:\/\/stalovers.pl\/#website\",\"url\":\"https:\/\/stalovers.pl\/\",\"name\":\"Stalovers\",\"description\":\"Fabryka dom\u00f3w stalowych \u2013 nowoczesne domy i hale\",\"publisher\":{\"@id\":\"https:\/\/stalovers.pl\/#organization\"},\"potentialAction\":[{\"@type\":\"SearchAction\",\"target\":{\"@type\":\"EntryPoint\",\"urlTemplate\":\"https:\/\/stalovers.pl\/?s={search_term_string}\"},\"query-input\":{\"@type\":\"PropertyValueSpecification\",\"valueRequired\":true,\"valueName\":\"search_term_string\"}}],\"inLanguage\":\"de\"},{\"@type\":\"Organization\",\"@id\":\"https:\/\/stalovers.pl\/#organization\",\"name\":\"Stalovers\",\"url\":\"https:\/\/stalovers.pl\/\",\"logo\":{\"@type\":\"ImageObject\",\"inLanguage\":\"de\",\"@id\":\"https:\/\/stalovers.pl\/#\/schema\/logo\/image\/\",\"url\":\"\",\"contentUrl\":\"\",\"caption\":\"Stalovers\"},\"image\":{\"@id\":\"https:\/\/stalovers.pl\/#\/schema\/logo\/image\/\"}}]}<\/script>\n<!-- \/ Yoast SEO plugin. -->","yoast_head_json":{"title":"Akord IV Haus - modernes Stahlhausprojekt","description":"Das moderne Stahlhaus Akord IV. Ein energieeffizientes, langlebiges und schnell zu errichtendes Projekt in Stahlleichtbauweise.","robots":{"index":"index","follow":"follow","max-snippet":"max-snippet:-1","max-image-preview":"max-image-preview:large","max-video-preview":"max-video-preview:-1"},"canonical":"https:\/\/stalovers.pl\/de\/hauser\/partner\/akkord-iv-haus\/","og_locale":"de_DE","og_type":"article","og_title":"Dom Akord IV \u2013 nowoczesny projekt domu stalowego","og_description":"Nowoczesny dom stalowy Akord IV. Energooszcz\u0119dny, trwa\u0142y i szybki w budowie projekt z lekkiej konstrukcji stalowej.","og_url":"https:\/\/stalovers.pl\/de\/hauser\/partner\/akkord-iv-haus\/","og_site_name":"Stalovers","article_modified_time":"2025-12-11T13:13:31+00:00","og_image":[{"width":1920,"height":1080,"url":"https:\/\/stalovers.pl\/wp-content\/uploads\/2025\/04\/nowoczesny-dom-jednorodzinny-z-drewniana-elewacja-otoczony-zielenia-z-zaparkowanym-rowerem-i-zadbanym-ogrodem-2-2.jpg","type":"image\/jpeg"}],"twitter_card":"summary_large_image","twitter_misc":{"Gesch\u00e4tzte Lesezeit":"2\u00a0Minuten"},"schema":{"@context":"https:\/\/schema.org","@graph":[{"@type":"WebPage","@id":"https:\/\/stalovers.pl\/domy\/partnerow\/dom-akord-iv\/","url":"https:\/\/stalovers.pl\/domy\/partnerow\/dom-akord-iv\/","name":"Akord IV Haus - modernes Stahlhausprojekt","isPartOf":{"@id":"https:\/\/stalovers.pl\/#website"},"primaryImageOfPage":{"@id":"https:\/\/stalovers.pl\/domy\/partnerow\/dom-akord-iv\/#primaryimage"},"image":{"@id":"https:\/\/stalovers.pl\/domy\/partnerow\/dom-akord-iv\/#primaryimage"},"thumbnailUrl":"https:\/\/stalovers.pl\/wp-content\/uploads\/2025\/04\/nowoczesny-dom-jednorodzinny-z-drewniana-elewacja-otoczony-zielenia-z-zaparkowanym-rowerem-i-zadbanym-ogrodem-2-2.jpg","datePublished":"2024-11-23T18:50:50+00:00","dateModified":"2025-12-11T13:13:31+00:00","description":"Das moderne Stahlhaus Akord IV. Ein energieeffizientes, langlebiges und schnell zu errichtendes Projekt in Stahlleichtbauweise.","breadcrumb":{"@id":"https:\/\/stalovers.pl\/domy\/partnerow\/dom-akord-iv\/#breadcrumb"},"inLanguage":"de","potentialAction":[{"@type":"ReadAction","target":["https:\/\/stalovers.pl\/domy\/partnerow\/dom-akord-iv\/"]}]},{"@type":"ImageObject","inLanguage":"de","@id":"https:\/\/stalovers.pl\/domy\/partnerow\/dom-akord-iv\/#primaryimage","url":"https:\/\/stalovers.pl\/wp-content\/uploads\/2025\/04\/nowoczesny-dom-jednorodzinny-z-drewniana-elewacja-otoczony-zielenia-z-zaparkowanym-rowerem-i-zadbanym-ogrodem-2-2.jpg","contentUrl":"https:\/\/stalovers.pl\/wp-content\/uploads\/2025\/04\/nowoczesny-dom-jednorodzinny-z-drewniana-elewacja-otoczony-zielenia-z-zaparkowanym-rowerem-i-zadbanym-ogrodem-2-2.jpg","width":1920,"height":1080,"caption":"Nowoczesny dom jednorodzinny z drewnian\u0105 elewacj\u0105, otoczony zieleni\u0105, z zaparkowanym rowerem i zadbanym ogrodem."},{"@type":"BreadcrumbList","@id":"https:\/\/stalovers.pl\/domy\/partnerow\/dom-akord-iv\/#breadcrumb","itemListElement":[{"@type":"ListItem","position":1,"name":"Strona g\u0142\u00f3wna","item":"https:\/\/stalovers.pl\/"},{"@type":"ListItem","position":2,"name":"Domy","item":"https:\/\/stalovers.pl\/domy\/"},{"@type":"ListItem","position":3,"name":"PARTNER\u00d3W","item":"https:\/\/stalovers.pl\/domy\/partnerow\/"},{"@type":"ListItem","position":4,"name":"Dom AKORD IV"}]},{"@type":"WebSite","@id":"https:\/\/stalovers.pl\/#website","url":"https:\/\/stalovers.pl\/","name":"Stalovers","description":"Stahlhausfabrik - moderne H\u00e4user und Hallen","publisher":{"@id":"https:\/\/stalovers.pl\/#organization"},"potentialAction":[{"@type":"SearchAction","target":{"@type":"EntryPoint","urlTemplate":"https:\/\/stalovers.pl\/?s={search_term_string}"},"query-input":{"@type":"PropertyValueSpecification","valueRequired":true,"valueName":"search_term_string"}}],"inLanguage":"de"},{"@type":"Organization","@id":"https:\/\/stalovers.pl\/#organization","name":"Stalovers","url":"https:\/\/stalovers.pl\/","logo":{"@type":"ImageObject","inLanguage":"de","@id":"https:\/\/stalovers.pl\/#\/schema\/logo\/image\/","url":"","contentUrl":"","caption":"Stalovers"},"image":{"@id":"https:\/\/stalovers.pl\/#\/schema\/logo\/image\/"}}]}},"_links":{"self":[{"href":"https:\/\/stalovers.pl\/de\/wp-json\/wp\/v2\/pages\/750","targetHints":{"allow":["GET"]}}],"collection":[{"href":"https:\/\/stalovers.pl\/de\/wp-json\/wp\/v2\/pages"}],"about":[{"href":"https:\/\/stalovers.pl\/de\/wp-json\/wp\/v2\/types\/page"}],"author":[{"embeddable":true,"href":"https:\/\/stalovers.pl\/de\/wp-json\/wp\/v2\/users\/1"}],"replies":[{"embeddable":true,"href":"https:\/\/stalovers.pl\/de\/wp-json\/wp\/v2\/comments?post=750"}],"version-history":[{"count":1,"href":"https:\/\/stalovers.pl\/de\/wp-json\/wp\/v2\/pages\/750\/revisions"}],"predecessor-version":[{"id":5196,"href":"https:\/\/stalovers.pl\/de\/wp-json\/wp\/v2\/pages\/750\/revisions\/5196"}],"up":[{"embeddable":true,"href":"https:\/\/stalovers.pl\/de\/wp-json\/wp\/v2\/pages\/753"}],"wp:featuredmedia":[{"embeddable":true,"href":"https:\/\/stalovers.pl\/de\/wp-json\/wp\/v2\/media\/2596"}],"wp:attachment":[{"href":"https:\/\/stalovers.pl\/de\/wp-json\/wp\/v2\/media?parent=750"}],"curies":[{"name":"wp","href":"https:\/\/api.w.org\/{rel}","templated":true}]}}