{"id":5151,"date":"2025-12-02T20:27:02","date_gmt":"2025-12-02T20:27:02","guid":{"rendered":"https:\/\/stalovers.pl\/?page_id=5151"},"modified":"2025-12-11T12:17:09","modified_gmt":"2025-12-11T12:17:09","slug":"datenschutzbestimmungen","status":"publish","type":"page","link":"https:\/\/stalovers.pl\/de\/datenschutzbestimmungen\/","title":{"rendered":"Datenschutzbestimmungen"},"content":{"rendered":"<div style=\"height:20px\" aria-hidden=\"true\" class=\"wp-block-spacer\"><\/div>\n\n\n\n<p><strong>Datum der letzten Aktualisierung:<\/strong> 11. Dezember 2025.<\/p>\n\n\n\n<p class=\"has-vivid-cyan-blue-color has-text-color has-link-color wp-elements-dcf7705dc4bab529f7ae2c733b384fe6\"><strong><a href=\"https:\/\/stalovers.pl\/wp-content\/uploads\/2025\/12\/Regulamin-Konkursu-Facebook.pdf\" target=\"_blank\" rel=\"noreferrer noopener nofollow\">Teilnahmebedingungen f\u00fcr das Facebook-Gewinnspiel<\/a><\/strong><\/p>\n\n\n\n<p>Website verf\u00fcgbar unter <a href=\"https:\/\/stalovers.pl\/de\/\">https:\/\/stalovers.pl<\/a> (nachstehend: \u201eDienst\u201d) wird von Stalovers Sp. z o.o. (im Folgenden: \u201eAdministrator\u201d, \u201eWir\u201d) betrieben.<\/p>\n\n\n\n<p>Wir k\u00fcmmern uns um Ihre Privatsph\u00e4re und verarbeiten Ihre personenbezogenen Daten in \u00dcbereinstimmung mit den geltenden Rechtsvorschriften, insbesondere mit der Verordnung (EU) 2016\/679 des Europ\u00e4ischen Parlaments und des Rates vom 27. April 2016. (\u201eRODO\u201d).<\/p>\n\n\n\n<h2 class=\"wp-block-heading\">1) Verantwortlicher f\u00fcr die personenbezogenen Daten<\/h2>\n\n\n\n<p><strong>Der f\u00fcr die Verarbeitung der personenbezogenen Daten Verantwortliche ist:<\/strong><\/p>\n\n\n\n<p>Stalovers Gesellschaft mit beschr\u00e4nkter Haftung<br>ul. Legionowa 28 lok. 703<br>15-281 Bialystok, Polen<br>NIP: 9662130864<br>REGON: 383564272<br><\/p>\n\n\n\n<p>E-Mail: <a href=\"mailto:biuro@stalovers.pl\">biuro@stalovers.pl<\/a><br>Telefon: <a href=\"tel:+48884000770\">884 000 770<\/a><\/p>\n\n\n\n<p>Bei Fragen zum Datenschutz k\u00f6nnen Sie uns unter der folgenden E-Mail-Adresse kontaktieren: <a href=\"mailto:biuro@stalovers.pl\">biuro@stalovers.pl<\/a>.<\/p>\n\n\n\n<h2 class=\"wp-block-heading\">2 Umfang der Datenverarbeitung<\/h2>\n\n\n\n<h3 class=\"wp-block-heading\">2.1 Freiwillig vom Nutzer zur Verf\u00fcgung gestellte Daten<\/h3>\n\n\n\n<p>Im Rahmen Ihrer Nutzung des Dienstes k\u00f6nnen Sie uns insbesondere die folgenden Daten zur Verf\u00fcgung stellen:<\/p>\n\n\n\n<ul class=\"wp-block-list\">\n<li>Name,<\/li>\n\n\n\n<li>E-Mail Adresse,<\/li>\n\n\n\n<li>Telefonnummer,<\/li>\n\n\n\n<li>den Inhalt der \u00fcber das Kontaktformular gesendeten Nachricht,<\/li>\n\n\n\n<li>Daten, die in Angebotsanfragen oder im weiteren Schriftverkehr mit uns enthalten sind.<\/li>\n<\/ul>\n\n\n\n<h3 class=\"wp-block-heading\">2.2 Automatisch erfasste Daten bei der Nutzung der Website<\/h3>\n\n\n\n<p>Wenn Sie die Website nutzen, k\u00f6nnen die folgenden Daten automatisch erfasst werden:<\/p>\n\n\n\n<ul class=\"wp-block-list\">\n<li>die IP-Adresse des vom Nutzer verwendeten Ger\u00e4ts,<\/li>\n\n\n\n<li>Informationen \u00fcber das Betriebssystem, den Browsertyp und das Ger\u00e4t,<\/li>\n\n\n\n<li>Datum und Uhrzeit der Nutzung der Website,<\/li>\n\n\n\n<li>Serverprotokolle und Systemprotokolle,<\/li>\n\n\n\n<li>Cookies, die auf dem Endger\u00e4t des Nutzers gespeichert sind,<\/li>\n\n\n\n<li>statistische und analytische Daten (z. B. \u00fcber den Verkehr auf der Website, von den Nutzern besuchte Unterseiten).<\/li>\n<\/ul>\n\n\n\n<p>Diese Daten sind in der Regel nicht bestimmten Personen zuzuordnen, k\u00f6nnen aber in Verbindung mit anderen Informationen personenbezogene Daten darstellen.<\/p>\n\n\n\n<h2 class=\"wp-block-heading\">3 Zwecke und Rechtsgrundlage der Datenverarbeitung<\/h2>\n\n\n\n<p>Ihre personenbezogenen Daten k\u00f6nnen f\u00fcr die folgenden Zwecke verarbeitet werden:<\/p>\n\n\n\n<h3 class=\"wp-block-heading\">3.1 Antwort auf Anfrage\/Kontakt<\/h3>\n\n\n\n<p>Wenn Sie uns \u00fcber ein Kontaktformular, per E-Mail, telefonisch oder anderweitig kontaktieren, verarbeiten wir Ihre Daten zu folgenden Zwecken:<\/p>\n\n\n\n<ul class=\"wp-block-list\">\n<li>um die gestellte Frage zu beantworten,<\/li>\n\n\n\n<li>um ein Angebot oder Informationen \u00fcber unsere Dienstleistungen zu pr\u00e4sentieren,<\/li>\n\n\n\n<li>bei Bedarf weiteren Schriftverkehr f\u00fchren.<\/li>\n<\/ul>\n\n\n\n<p><strong>Rechtsgrundlage:<\/strong> Artikel 6 Absatz 1 Buchstabe b der RODO - Handlungen, die auf den Abschluss eines Vertrages abzielen, oder Handlungen, die auf Ihren Wunsch hin vor Abschluss eines Vertrages vorgenommen werden.<\/p>\n\n\n\n<h3 class=\"wp-block-heading\">3.2 Umsetzung der Vereinbarung \/ Zusammenarbeit<\/h3>\n\n\n\n<p>Wenn Sie einen Vertrag mit uns abschlie\u00dfen (z.B. einen Dienstleistungsvertrag, einen Mandatsvertrag, einen Kooperationsvertrag), verarbeiten wir Ihre Daten, soweit dies erforderlich ist, um:<\/p>\n\n\n\n<ul class=\"wp-block-list\">\n<li>Abschluss, Erf\u00fcllung und Abwicklung des Vertrages,<\/li>\n\n\n\n<li>Ansprechpartner in allen Fragen, die den Vertrag betreffen,<\/li>\n\n\n\n<li>Finanz- und Buchhaltungskonten.<\/li>\n<\/ul>\n\n\n\n<p><strong>Rechtsgrundlage:<\/strong> Artikel 6 Absatz 1 Buchstabe b der DSGVO (Vertragserf\u00fcllung) und Artikel 6 Absatz 1 Buchstabe c der DSGVO (Erf\u00fcllung rechtlicher Verpflichtungen, z. B. Buchhaltung und Steuern).<\/p>\n\n\n\n<h3 class=\"wp-block-heading\">3.3 Marketing und Remarketing (wenn Sie zustimmen)<\/h3>\n\n\n\n<p>Wenn Sie Ihre freiwillige Zustimmung geben, k\u00f6nnen wir Ihre Daten f\u00fcr folgende Zwecke verarbeiten:<\/p>\n\n\n\n<ul class=\"wp-block-list\">\n<li>Vermarktung unserer Dienstleistungen,<\/li>\n\n\n\n<li>zur Durchf\u00fchrung von Remarketing-Aktivit\u00e4ten und zur Pr\u00e4sentation personalisierter Werbeinhalte,<\/li>\n\n\n\n<li>die Verwendung von Werbe- und Analyseinstrumenten (z. B. Statistik- oder Werbetools Dritter).<\/li>\n<\/ul>\n\n\n\n<p><strong>Rechtsgrundlage:<\/strong> Artikel 6(1)(a) RODO - freiwillige Zustimmung des Nutzers (z.B. Zustimmung zu Marketing-Cookies oder zu Marketing-Kontakten).<\/p>\n\n\n\n<h3 class=\"wp-block-heading\">3.4 Statistik, Analyse und Entwicklung des Dienstes<\/h3>\n\n\n\n<p>Wir k\u00f6nnen Daten im Zusammenhang mit Ihrer Nutzung des Dienstes verarbeiten, um:<\/p>\n\n\n\n<ul class=\"wp-block-list\">\n<li>Statistiken \u00fcber die Besucher zu f\u00fchren,<\/li>\n\n\n\n<li>um die Nutzung der Website durch die Nutzer zu analysieren,<\/li>\n\n\n\n<li>um die Funktionalit\u00e4t, den Inhalt und die Sicherheit der Website zu verbessern.<\/li>\n<\/ul>\n\n\n\n<p><strong>Rechtsgrundlage:<\/strong> Artikel 6(1)(f) der RODO - unser berechtigtes Interesse an der Analyse des Verkehrs auf dem Dienst und seiner Entwicklung.<\/p>\n\n\n\n<h3 class=\"wp-block-heading\">3.5 Identifizierung, Untersuchung und Abwehr von Anspr\u00fcchen<\/h3>\n\n\n\n<p>Ihre Daten k\u00f6nnen auch zu folgenden Zwecken verarbeitet werden:<\/p>\n\n\n\n<ul class=\"wp-block-list\">\n<li>Wiedergutmachung,<\/li>\n\n\n\n<li>Verteidigung gegen Anspr\u00fcche,<\/li>\n\n\n\n<li>die Archivierung von Dokumenten zu Beweiszwecken.<\/li>\n<\/ul>\n\n\n\n<p><strong>Rechtsgrundlage:<\/strong> Artikel 6(1)(f) RODO - unser berechtigtes Interesse, unsere Rechte zu sch\u00fctzen und in der Lage zu sein, bestimmte Fakten in der Zukunft zu beweisen.<\/p>\n\n\n\n<h2 class=\"wp-block-heading\">4 Datenempf\u00e4nger<\/h2>\n\n\n\n<p>Ihre personenbezogenen Daten k\u00f6nnen an die folgenden Kategorien von Empf\u00e4ngern \u00fcbermittelt werden:<\/p>\n\n\n\n<ul class=\"wp-block-list\">\n<li>Einrichtungen, die Hosting-Dienste anbieten und die IT-Infrastruktur warten,<\/li>\n\n\n\n<li>an Dienstleistungs- und IT-Dienstleister,<\/li>\n\n\n\n<li>an Anbieter von Buchhaltungs-, Rechts- oder Beratungsdienstleistungen,<\/li>\n\n\n\n<li>Anbieter von analytischen und statistischen Instrumenten,<\/li>\n\n\n\n<li>an Anbieter von Marketing- und Werbetools - nur in dem Umfang, der f\u00fcr Marketingzwecke erforderlich ist, und nur, wenn es daf\u00fcr eine Rechtsgrundlage gibt (z. B. Ihre Einwilligung).<\/li>\n<\/ul>\n\n\n\n<p>In jedem Fall schlie\u00dfen wir mit den Verantwortlichen f\u00fcr die Verarbeitung personenbezogener Daten Vereinbarungen ab, wenn dies in der RODO vorgesehen ist.<\/p>\n\n\n\n<p>In der Regel \u00fcbermitteln wir Ihre Daten nicht au\u00dferhalb des Europ\u00e4ischen Wirtschaftsraums (EWR). Wenn wir jedoch Lieferanten mit Sitz au\u00dferhalb des EWR nutzen (z. B. Analyse- oder Werbetools), erfolgt die \u00dcbermittlung von Daten auf der Grundlage der entsprechenden Garantien gem\u00e4\u00df der RODO (z. B. Standardvertragsklauseln).<\/p>\n\n\n\n<h2 class=\"wp-block-heading\">5 Dauer der Datenspeicherung<\/h2>\n\n\n\n<p>Wir werden Ihre Daten f\u00fcr die folgenden Zeitr\u00e4ume aufbewahren:<\/p>\n\n\n\n<ul class=\"wp-block-list\">\n<li>Daten, die auf der Grundlage einer Einwilligung verarbeitet werden, bis die Einwilligung widerrufen wird oder der Zweck, f\u00fcr den sie erhoben wurden, erf\u00fcllt ist;<\/li>\n\n\n\n<li>Daten, die zum Zweck der Kontaktaufnahme\/Beantwortung einer Anfrage verarbeitet werden - f\u00fcr die Dauer der Korrespondenz und danach f\u00fcr maximal 3 Jahre zur Wahrung etwaiger Anspr\u00fcche;<\/li>\n\n\n\n<li>Daten im Zusammenhang mit der Vertragserf\u00fcllung - f\u00fcr die Dauer des Vertrages und nach dessen Beendigung f\u00fcr den gesetzlich vorgeschriebenen Zeitraum (insbesondere Steuer- und Rechnungslegungsrecht);<\/li>\n\n\n\n<li>Daten, die zu statistischen und analytischen Zwecken verarbeitet werden - f\u00fcr den Zeitraum, der zur Erf\u00fcllung dieser Zwecke erforderlich ist, oder bis Sie Widerspruch einlegen, wenn die Verarbeitung auf unserem berechtigten Interesse beruht;<\/li>\n\n\n\n<li>Daten, die zum Zweck der Feststellung, Geltendmachung oder Abwehr von Anspr\u00fcchen verarbeitet werden - bis zur Verj\u00e4hrung der m\u00f6glichen Anspr\u00fcche.<\/li>\n<\/ul>\n\n\n\n<h2 class=\"wp-block-heading\">6 Benutzerrechte<\/h2>\n\n\n\n<p>Sie haben die folgenden Rechte in Bezug auf die Verarbeitung Ihrer personenbezogenen Daten:<\/p>\n\n\n\n<ul class=\"wp-block-list\">\n<li>Das Recht auf Zugang zu Ihren pers\u00f6nlichen Daten,<\/li>\n\n\n\n<li>das Recht auf Berichtigung (\u00c4nderung),<\/li>\n\n\n\n<li>Das Recht auf L\u00f6schung (\u201eRecht auf Vergessenwerden\u201d),<\/li>\n\n\n\n<li>das Recht auf Einschr\u00e4nkung der Verarbeitung,<\/li>\n\n\n\n<li>Das Recht auf Daten\u00fcbertragbarkeit an einen anderen f\u00fcr die Verarbeitung Verantwortlichen, sofern dies technisch m\u00f6glich ist,<\/li>\n\n\n\n<li>Das Recht, der Verarbeitung zu widersprechen - wenn die Verarbeitung auf der Grundlage unserer berechtigten Interessen durchgef\u00fchrt wird,<\/li>\n\n\n\n<li>Das Recht, die Einwilligung jederzeit zu widerrufen - wenn die Verarbeitung auf einer Einwilligung beruht; der Widerruf der Einwilligung hat keinen Einfluss auf die Rechtm\u00e4\u00dfigkeit der Verarbeitung vor dem Widerruf.<\/li>\n<\/ul>\n\n\n\n<p>Um die oben genannten Rechte auszu\u00fcben, k\u00f6nnen Sie uns unter der folgenden E-Mail-Adresse kontaktieren: <a href=\"mailto:biuro@stalovers.pl\">biuro@stalovers.pl<\/a>.<\/p>\n\n\n\n<p>Sie haben auch das Recht, sich bei einer Aufsichtsbeh\u00f6rde, insbesondere beim Pr\u00e4sidenten der Datenschutzbeh\u00f6rde, zu beschweren, wenn Sie der Ansicht sind, dass die Verarbeitung Ihrer Daten gegen die Bestimmungen der RODO verst\u00f6\u00dft.<\/p>\n\n\n\n<h2 class=\"wp-block-heading\">7 Freiwillige Datenbereitstellung<\/h2>\n\n\n\n<p>Die Angabe personenbezogener Daten ist freiwillig, aber in einigen F\u00e4llen erforderlich, um bestimmte Funktionen der Website zu nutzen oder einen Vertrag abzuschlie\u00dfen und zu erf\u00fcllen.<\/p>\n\n\n\n<ul class=\"wp-block-list\">\n<li>Wenn Sie keine E-Mail-Adresse oder Telefonnummer angeben, k\u00f6nnen wir m\u00f6glicherweise nicht auf Ihre Anfrage antworten;<\/li>\n\n\n\n<li>Wenn Sie der Verarbeitung von Daten zu bestimmten Zwecken (z. B. Marketing) nicht zustimmen, kann dies dazu f\u00fchren, dass wir keine kommerziellen Informationen oder ma\u00dfgeschneiderten Angebote versenden k\u00f6nnen;<\/li>\n\n\n\n<li>Wenn Sie die Speicherung bestimmter Cookies nicht zulassen, kann dies zu einer Einschr\u00e4nkung der Funktionalit\u00e4t der Website f\u00fchren.<\/li>\n<\/ul>\n\n\n\n<h2 class=\"wp-block-heading\">8 Cookies und \u00e4hnliche Technologien<\/h2>\n\n\n\n<p>Die Website verwendet Cookies (sogenannte \u201eCookies\u201d) und \u00e4hnliche Technologien, die auf dem Endger\u00e4t des Nutzers (z. B. Computer, Smartphone) gespeichert werden.<\/p>\n\n\n\n<h3 class=\"wp-block-heading\">8.1 Was sind Cookies?<\/h3>\n\n\n\n<p>Cookies sind kleine Textdateien, die von der Website gesendet und auf dem Endger\u00e4t des Nutzers gespeichert werden. Sie k\u00f6nnen von unserem System und von Systemen Dritter, deren Dienste wir in Anspruch nehmen (z. B. Anbieter von Analyse- oder Werbetools), gelesen werden.<\/p>\n\n\n\n<h3 class=\"wp-block-heading\">8.2 Wozu verwenden wir Cookies?<\/h3>\n\n\n\n<p>Cookies werden f\u00fcr die folgenden Zwecke verwendet:<\/p>\n\n\n\n<ul class=\"wp-block-list\">\n<li>um den ordnungsgem\u00e4\u00dfen Betrieb der Website und ihrer Kernfunktionen zu gew\u00e4hrleisten,<\/li>\n\n\n\n<li>die vom Benutzer gew\u00e4hlten Einstellungen zu speichern,<\/li>\n\n\n\n<li>Analyse des Verkehrs auf der Website und Erstellung von Besucherstatistiken,<\/li>\n\n\n\n<li>zur Durchf\u00fchrung von Marketing- und Remarketing-Aktivit\u00e4ten (nur in dem Umfang, in dem Sie dem zustimmen, falls erforderlich).<\/li>\n<\/ul>\n\n\n\n<h3 class=\"wp-block-heading\">8.3 Arten der verwendeten Cookies<\/h3>\n\n\n\n<p>Auf der Website k\u00f6nnen u. a. die folgenden Arten von Cookies verwendet werden:<\/p>\n\n\n\n<ul class=\"wp-block-list\">\n<li>essentielle Cookies - um das ordnungsgem\u00e4\u00dfe Funktionieren der Website zu erm\u00f6glichen,<\/li>\n\n\n\n<li>funktionale Cookies - sie speichern die von Ihnen gew\u00e4hlten Einstellungen,<\/li>\n\n\n\n<li>analytische\/statistische Cookies - um zu analysieren, wie die Website genutzt wird,<\/li>\n\n\n\n<li>Marketing-Cookies - um die Anzeige von ma\u00dfgeschneiderten Werbeinhalten zu erm\u00f6glichen.<\/li>\n<\/ul>\n\n\n\n<h3 class=\"wp-block-heading\">8.4 Verwaltung von Cookies<\/h3>\n\n\n\n<p>Wenn Sie die Website zum ersten Mal besuchen, werden Sie m\u00f6glicherweise aufgefordert, der Verwendung ausgew\u00e4hlter Kategorien von Cookies zuzustimmen. Sie k\u00f6nnen Ihre Cookie-Pr\u00e4ferenzen jederzeit \u00e4ndern (z. B. \u00fcber die Einstellungen Ihres Browsers oder das verf\u00fcgbare Zustimmungsmanagement-Panel, sofern auf der Website vorhanden).<\/p>\n\n\n\n<p>Sie k\u00f6nnen auf Ihrem Ger\u00e4t gespeicherte Cookies auch \u00fcber die entsprechenden Funktionen Ihres Browsers l\u00f6schen.<\/p>\n\n\n\n<h2 class=\"wp-block-heading\">9 Profilierung<\/h2>\n\n\n\n<p>Im Rahmen der Website k\u00f6nnen wir Analyse- oder Marketing-Tools verwenden, die ein so genanntes Profiling durchf\u00fchren, d. h. die automatische Analyse oder Vorhersage Ihrer Pr\u00e4ferenzen auf der Grundlage der erhobenen Daten (z. B. besuchte Seiten).<\/p>\n\n\n\n<p>Das Profiling dient in erster Linie dazu, Inhalte und Werbung auf Ihre Interessen abzustimmen. Das Profiling hat keine rechtlichen Auswirkungen auf Sie oder beeintr\u00e4chtigt Sie in keiner Weise.<\/p>\n\n\n\n<p>Wenn die Grundlage der Verarbeitung f\u00fcr das Profiling die Einwilligung ist, k\u00f6nnen Sie diese jederzeit widerrufen. Sie haben auch das Recht, einer solchen Verarbeitung zu widersprechen.<\/p>\n\n\n\n<h2 class=\"wp-block-heading\">10 Ma\u00dfnahmen zur Datensicherheit<\/h2>\n\n\n\n<p>Wir setzen geeignete technische und organisatorische Ma\u00dfnahmen ein, um sicherzustellen, dass Ihre personenbezogenen Daten vor versehentlicher oder unrechtm\u00e4\u00dfiger Zerst\u00f6rung, Verlust, \u00c4nderung, unbefugter Weitergabe oder unbefugtem Zugriff gesch\u00fctzt sind.<\/p>\n\n\n\n<p>Wir verwenden insbesondere:<\/p>\n\n\n\n<ul class=\"wp-block-list\">\n<li>Verschl\u00fcsselung der Verbindung zur Website (SSL\/TLS-Zertifikat),<\/li>\n\n\n\n<li>Sicherheit von Servern und IT-Infrastrukturen,<\/li>\n\n\n\n<li>regelm\u00e4\u00dfige System- und Software-Updates,<\/li>\n\n\n\n<li>Datenzugangskontrolle - nur befugte Personen haben Zugang.<\/li>\n<\/ul>\n\n\n\n<h2 class=\"wp-block-heading\">11. \u00e4nderungen der Datenschutzrichtlinie<\/h2>\n\n\n\n<p>Wir behalten uns das Recht vor, \u00c4nderungen an dieser Datenschutzerkl\u00e4rung vorzunehmen, insbesondere im Falle von:<\/p>\n\n\n\n<ul class=\"wp-block-list\">\n<li>\u00c4nderungen der Rechtsvorschriften,<\/li>\n\n\n\n<li>Einf\u00fchrung neuer Funktionen auf der Website,<\/li>\n\n\n\n<li>\u00c4nderungen der Art und Weise oder des Umfangs der Verarbeitung von personenbezogenen Daten.<\/li>\n<\/ul>\n\n\n\n<p>Wir werden Sie \u00fcber \u00c4nderungen an der Datenschutzrichtlinie informieren, indem wir die neue Version auf der Website ver\u00f6ffentlichen. Das Datum der letzten Aktualisierung finden Sie immer am Anfang des Dokuments.<\/p>","protected":false},"excerpt":{"rendered":"<p>Datum der letzten Aktualisierung: 11. Dezember 2025. Bedingungen des Facebook-Gewinnspiels Die Website https:\/\/stalovers.pl (im Folgenden: der \u201eDienst\u201d) wird von Stalovers Sp. z o.o. (im Folgenden: \u201eAdministrator\u201d, \u201eWir\u201d) betrieben. Wir k\u00fcmmern uns um die Privatsph\u00e4re der Nutzer und verarbeiten personenbezogene Daten in \u00dcbereinstimmung mit den geltenden Rechtsvorschriften, insbesondere der Verordnung (EU) 2016\/679 des Europ\u00e4ischen Parlaments und des Rates vom 27. April [...].<\/p>","protected":false},"author":1,"featured_media":0,"parent":0,"menu_order":0,"comment_status":"closed","ping_status":"closed","template":"page-templates\/page-blank-with-container.php","meta":{"_acf_changed":false,"footnotes":""},"class_list":["post-5151","page","type-page","status-publish","hentry"],"acf":[],"yoast_head":"<!-- This site is optimized with the Yoast SEO plugin v26.5 - https:\/\/yoast.com\/wordpress\/plugins\/seo\/ -->\n<title>Polityka prywatno\u015bci - Stalovers<\/title>\n<meta name=\"description\" content=\"Polityka prywatno\u015bci firmy Stalovers.\" \/>\n<meta name=\"robots\" content=\"index, follow, max-snippet:-1, max-image-preview:large, max-video-preview:-1\" \/>\n<link rel=\"canonical\" href=\"https:\/\/stalovers.pl\/de\/datenschutzbestimmungen\/\" \/>\n<meta property=\"og:locale\" content=\"de_DE\" \/>\n<meta property=\"og:type\" content=\"article\" \/>\n<meta property=\"og:title\" content=\"Polityka prywatno\u015bci - Stalovers\" \/>\n<meta property=\"og:description\" content=\"Polityka prywatno\u015bci firmy Stalovers.\" \/>\n<meta property=\"og:url\" content=\"https:\/\/stalovers.pl\/de\/datenschutzbestimmungen\/\" \/>\n<meta property=\"og:site_name\" content=\"Stalovers\" \/>\n<meta property=\"article:modified_time\" content=\"2025-12-11T12:17:09+00:00\" \/>\n<meta name=\"twitter:card\" content=\"summary_large_image\" \/>\n<meta name=\"twitter:label1\" content=\"Gesch\u00e4tzte Lesezeit\" \/>\n\t<meta name=\"twitter:data1\" content=\"9\u00a0Minuten\" \/>\n<script type=\"application\/ld+json\" class=\"yoast-schema-graph\">{\"@context\":\"https:\/\/schema.org\",\"@graph\":[{\"@type\":\"WebPage\",\"@id\":\"https:\/\/stalovers.pl\/polityka-prywatnosci\/\",\"url\":\"https:\/\/stalovers.pl\/polityka-prywatnosci\/\",\"name\":\"Polityka prywatno\u015bci - Stalovers\",\"isPartOf\":{\"@id\":\"https:\/\/stalovers.pl\/#website\"},\"datePublished\":\"2025-12-02T20:27:02+00:00\",\"dateModified\":\"2025-12-11T12:17:09+00:00\",\"description\":\"Polityka prywatno\u015bci firmy Stalovers.\",\"breadcrumb\":{\"@id\":\"https:\/\/stalovers.pl\/polityka-prywatnosci\/#breadcrumb\"},\"inLanguage\":\"de\",\"potentialAction\":[{\"@type\":\"ReadAction\",\"target\":[\"https:\/\/stalovers.pl\/polityka-prywatnosci\/\"]}]},{\"@type\":\"BreadcrumbList\",\"@id\":\"https:\/\/stalovers.pl\/polityka-prywatnosci\/#breadcrumb\",\"itemListElement\":[{\"@type\":\"ListItem\",\"position\":1,\"name\":\"Strona g\u0142\u00f3wna\",\"item\":\"https:\/\/stalovers.pl\/\"},{\"@type\":\"ListItem\",\"position\":2,\"name\":\"Polityka prywatno\u015bci\"}]},{\"@type\":\"WebSite\",\"@id\":\"https:\/\/stalovers.pl\/#website\",\"url\":\"https:\/\/stalovers.pl\/\",\"name\":\"Stalovers\",\"description\":\"Fabryka dom\u00f3w stalowych \u2013 nowoczesne domy i hale\",\"publisher\":{\"@id\":\"https:\/\/stalovers.pl\/#organization\"},\"potentialAction\":[{\"@type\":\"SearchAction\",\"target\":{\"@type\":\"EntryPoint\",\"urlTemplate\":\"https:\/\/stalovers.pl\/?s={search_term_string}\"},\"query-input\":{\"@type\":\"PropertyValueSpecification\",\"valueRequired\":true,\"valueName\":\"search_term_string\"}}],\"inLanguage\":\"de\"},{\"@type\":\"Organization\",\"@id\":\"https:\/\/stalovers.pl\/#organization\",\"name\":\"Stalovers\",\"url\":\"https:\/\/stalovers.pl\/\",\"logo\":{\"@type\":\"ImageObject\",\"inLanguage\":\"de\",\"@id\":\"https:\/\/stalovers.pl\/#\/schema\/logo\/image\/\",\"url\":\"\",\"contentUrl\":\"\",\"caption\":\"Stalovers\"},\"image\":{\"@id\":\"https:\/\/stalovers.pl\/#\/schema\/logo\/image\/\"}}]}<\/script>\n<!-- \/ Yoast SEO plugin. -->","yoast_head_json":{"title":"Datenschutzerkl\u00e4rung - Stalovers","description":"Datenschutzerkl\u00e4rung von Stalovers.","robots":{"index":"index","follow":"follow","max-snippet":"max-snippet:-1","max-image-preview":"max-image-preview:large","max-video-preview":"max-video-preview:-1"},"canonical":"https:\/\/stalovers.pl\/de\/datenschutzbestimmungen\/","og_locale":"de_DE","og_type":"article","og_title":"Polityka prywatno\u015bci - Stalovers","og_description":"Polityka prywatno\u015bci firmy Stalovers.","og_url":"https:\/\/stalovers.pl\/de\/datenschutzbestimmungen\/","og_site_name":"Stalovers","article_modified_time":"2025-12-11T12:17:09+00:00","twitter_card":"summary_large_image","twitter_misc":{"Gesch\u00e4tzte Lesezeit":"9\u00a0Minuten"},"schema":{"@context":"https:\/\/schema.org","@graph":[{"@type":"WebPage","@id":"https:\/\/stalovers.pl\/polityka-prywatnosci\/","url":"https:\/\/stalovers.pl\/polityka-prywatnosci\/","name":"Datenschutzerkl\u00e4rung - Stalovers","isPartOf":{"@id":"https:\/\/stalovers.pl\/#website"},"datePublished":"2025-12-02T20:27:02+00:00","dateModified":"2025-12-11T12:17:09+00:00","description":"Datenschutzerkl\u00e4rung von Stalovers.","breadcrumb":{"@id":"https:\/\/stalovers.pl\/polityka-prywatnosci\/#breadcrumb"},"inLanguage":"de","potentialAction":[{"@type":"ReadAction","target":["https:\/\/stalovers.pl\/polityka-prywatnosci\/"]}]},{"@type":"BreadcrumbList","@id":"https:\/\/stalovers.pl\/polityka-prywatnosci\/#breadcrumb","itemListElement":[{"@type":"ListItem","position":1,"name":"Strona g\u0142\u00f3wna","item":"https:\/\/stalovers.pl\/"},{"@type":"ListItem","position":2,"name":"Polityka prywatno\u015bci"}]},{"@type":"WebSite","@id":"https:\/\/stalovers.pl\/#website","url":"https:\/\/stalovers.pl\/","name":"Stalovers","description":"Stahlhausfabrik - moderne H\u00e4user und Hallen","publisher":{"@id":"https:\/\/stalovers.pl\/#organization"},"potentialAction":[{"@type":"SearchAction","target":{"@type":"EntryPoint","urlTemplate":"https:\/\/stalovers.pl\/?s={search_term_string}"},"query-input":{"@type":"PropertyValueSpecification","valueRequired":true,"valueName":"search_term_string"}}],"inLanguage":"de"},{"@type":"Organization","@id":"https:\/\/stalovers.pl\/#organization","name":"Stalovers","url":"https:\/\/stalovers.pl\/","logo":{"@type":"ImageObject","inLanguage":"de","@id":"https:\/\/stalovers.pl\/#\/schema\/logo\/image\/","url":"","contentUrl":"","caption":"Stalovers"},"image":{"@id":"https:\/\/stalovers.pl\/#\/schema\/logo\/image\/"}}]}},"_links":{"self":[{"href":"https:\/\/stalovers.pl\/de\/wp-json\/wp\/v2\/pages\/5151","targetHints":{"allow":["GET"]}}],"collection":[{"href":"https:\/\/stalovers.pl\/de\/wp-json\/wp\/v2\/pages"}],"about":[{"href":"https:\/\/stalovers.pl\/de\/wp-json\/wp\/v2\/types\/page"}],"author":[{"embeddable":true,"href":"https:\/\/stalovers.pl\/de\/wp-json\/wp\/v2\/users\/1"}],"replies":[{"embeddable":true,"href":"https:\/\/stalovers.pl\/de\/wp-json\/wp\/v2\/comments?post=5151"}],"version-history":[{"count":3,"href":"https:\/\/stalovers.pl\/de\/wp-json\/wp\/v2\/pages\/5151\/revisions"}],"predecessor-version":[{"id":5190,"href":"https:\/\/stalovers.pl\/de\/wp-json\/wp\/v2\/pages\/5151\/revisions\/5190"}],"wp:attachment":[{"href":"https:\/\/stalovers.pl\/de\/wp-json\/wp\/v2\/media?parent=5151"}],"curies":[{"name":"wp","href":"https:\/\/api.w.org\/{rel}","templated":true}]}}