{"id":514,"date":"2024-10-07T11:24:50","date_gmt":"2024-10-07T11:24:50","guid":{"rendered":"https:\/\/stalovers.pl\/?page_id=514"},"modified":"2026-04-16T07:33:01","modified_gmt":"2026-04-16T07:33:01","slug":"reihe-v","status":"publish","type":"page","link":"https:\/\/stalovers.pl\/de\/hauser\/reihe-v\/","title":{"rendered":"Baureihe V"},"content":{"rendered":"<div class=\"breadcrumbs\"><nav aria-label=\"Brotkr\u00fcmel\" class=\"breadcrumb-container\"><ol class=\"breadcrumb\"><li class=\"breadcrumb-item\"><a href=\"https:\/\/stalovers.pl\/de\"><i class=\"fas fa-home\"><\/i> Startseite<\/a><\/li><\/ol><\/nav><\/div>\n\n\r\n\r\n<h1 class=\"section-title\">Schauen Sie sich unsere H\u00e4user an!<\/h1>\r\n<p class=\"section-description\"><\/p>\r\n<div class=\"row g-4\">\r\n            <a href=\"\/de\/hauser\/reihe-v\/haus-berlin-erdgeschoss\/\" class=\"col-12 col-md-6 col-lg-4\">\r\n        <div class=\"card\">\r\n            <div class=\"card-header p-0\">\r\n                                                <img decoding=\"async\" src=\"https:\/\/stalovers.pl\/wp-content\/uploads\/2025\/04\/nowoczesny-dom-z-drewniana-elewacja-w-otoczeniu-zieleni-wspierany-przez-fundusze-unii-europejskiej-3.jpg\" alt=\"Modernes Haus mit Holzfassade, umgeben von Gr\u00fcnanlagen, gef\u00f6rdert mit Mitteln der Europ\u00e4ischen Union.\"\r\n                    class=\"w-100\" \/>\r\n                            <\/div>\r\n            <div class=\"card-body\">\r\n                <h5 class=\"card-title\">BERLIN PARTNER<\/h5>\r\n                <p class=\"card-text\"><p>Die moderne Scheune in einst\u00f6ckiger Ausf\u00fchrung besticht durch gro\u00dfe Verglasungen, einen ger\u00e4umigen Wohnraum und eine stilvolle Kombination aus Holz und gefalztem Blech. Minimalismus, Energieeffizienz und Komfort in einem!<\/p>\n<\/p>\r\n            <\/div>\r\n        <\/div>\r\n    <\/a>\r\n        <a href=\"\/de\/hauser\/reihe-v\/haus-berlin-einstockig\/\" class=\"col-12 col-md-6 col-lg-4\">\r\n        <div class=\"card\">\r\n            <div class=\"card-header p-0\">\r\n                                                <img decoding=\"async\" src=\"https:\/\/stalovers.pl\/wp-content\/uploads\/2024\/11\/nowoczesny-dom-w-otoczeniu-zieleni-z-duzymi-oknami-logo-funduszy-europejskich-w-prawym-dolnym-rogu.jpg\" alt=\"Modernes Haus im Gr\u00fcnen mit gro\u00dfen Fenstern, Logo der Europ\u00e4ischen Fonds in der unteren rechten Ecke.\"\r\n                    class=\"w-100\" \/>\r\n                            <\/div>\r\n            <div class=\"card-body\">\r\n                <h5 class=\"card-title\">BERLIN<\/h5>\r\n                <p class=\"card-text\"><p>Das Haus \u201eBerlin\u201d mit Obergeschoss und Mezzanin ist ein moderner Raum, in dem das Obergeschoss als privater Schlafbereich dient. Das ger\u00e4umige Wohnzimmer, die gro\u00dfe Verglasung und die elegante Fassade aus Holz und gefalztem Blech schaffen einen idealen Ort zum Leben.<\/p>\n<\/p>\r\n            <\/div>\r\n        <\/div>\r\n    <\/a>\r\n        <a href=\"\/de\/hauser\/reihe-v\/haus-bonn-erdgeschoss\/\" class=\"col-12 col-md-6 col-lg-4\">\r\n        <div class=\"card\">\r\n            <div class=\"card-header p-0\">\r\n                                                <img decoding=\"async\" src=\"https:\/\/stalovers.pl\/wp-content\/uploads\/2024\/11\/dom-jednorodzinny-w-otoczeniu-zieleni-projekt-wspolfinansowany-przez-fundusze-europejskie-i-polske.jpg\" alt=\"Einfamilienhaus im Gr\u00fcnen, ein von europ\u00e4ischen Fonds und Polen kofinanziertes Projekt.\"\r\n                    class=\"w-100\" \/>\r\n                            <\/div>\r\n            <div class=\"card-body\">\r\n                <h5 class=\"card-title\">BONN PARTNER<\/h5>\r\n                <p class=\"card-text\"><p>\u201eBonn\u201d ist ein klassisches, einst\u00f6ckiges Haus mit einem ger\u00e4umigen K\u00f6rper und einem funktionalen Innenraum. Die helle Fassade mit dunkleren Akzenten um die Fenster herum verleiht dem Haus Eleganz, und die gro\u00dfen Fenster lassen nat\u00fcrliches Licht herein und schaffen einen komfortablen Wohnraum.<\/p>\n<\/p>\r\n            <\/div>\r\n        <\/div>\r\n    <\/a>\r\n        <a href=\"\/de\/hauser\/reihe-v\/bonn-einstockiges-haus\/\" class=\"col-12 col-md-6 col-lg-4\">\r\n        <div class=\"card\">\r\n            <div class=\"card-header p-0\">\r\n                                                <img decoding=\"async\" src=\"https:\/\/stalovers.pl\/wp-content\/uploads\/2025\/11\/1.jpg\" alt=\"\"\r\n                    class=\"w-100\" \/>\r\n                            <\/div>\r\n            <div class=\"card-body\">\r\n                <h5 class=\"card-title\">BOND BONN<\/h5>\r\n                <p class=\"card-text\"><p>\u201eBonn\u201d in der Version mit Obergeschoss ist ein klassisches Haus, das Gro\u00dfz\u00fcgigkeit mit Funktionalit\u00e4t verbindet. Die helle Fassade mit dunklen Akzenten und der gro\u00dfz\u00fcgige Grundriss mit privaten Schlafzimmern im Obergeschoss bieten Komfort und Eleganz f\u00fcr das t\u00e4gliche Leben.<\/p>\n<\/p>\r\n            <\/div>\r\n        <\/div>\r\n    <\/a>\r\n        <a href=\"\/de\/hauser\/reihe-v\/haus-bremen-erdgeschoss\/\" class=\"col-12 col-md-6 col-lg-4\">\r\n        <div class=\"card\">\r\n            <div class=\"card-header p-0\">\r\n                                                <img decoding=\"async\" src=\"https:\/\/stalovers.pl\/wp-content\/uploads\/2024\/11\/nowoczesny-dom-jednorodzinny-z-brazowym-dachem-otoczony-zielenia-i-ogrodem-pod-jasnym-niebieskim-niebem.jpg\" alt=\"Ein modernes, freistehendes Haus mit braunem Dach, umgeben von Gr\u00fcn und einem Garten unter strahlend blauem Himmel.\"\r\n                    class=\"w-100\" \/>\r\n                            <\/div>\r\n            <div class=\"card-body\">\r\n                <h5 class=\"card-title\">BREMEN PARTNER<\/h5>\r\n                <p class=\"card-text\"><p>Das eingeschossige Haus \u201eBremen\u201d verbindet klassische Eleganz mit Funktionalit\u00e4t. Die helle Fassade und das braune Dach sorgen f\u00fcr einen zeitlosen Stil, w\u00e4hrend der ger\u00e4umige Innenraum und die gro\u00dfen Fenster f\u00fcr Komfort und nat\u00fcrliches Licht sorgen.<\/p>\n<\/p>\r\n            <\/div>\r\n        <\/div>\r\n    <\/a>\r\n        <a href=\"\/de\/hauser\/reihe-v\/bremen-einstockiges-haus\/\" class=\"col-12 col-md-6 col-lg-4\">\r\n        <div class=\"card\">\r\n            <div class=\"card-header p-0\">\r\n                                                <img decoding=\"async\" src=\"https:\/\/stalovers.pl\/wp-content\/uploads\/2024\/11\/nowoczesny-dom-z-biala-elewacja-i-ogrodem-wspolfinansowany-przez-fundusze-europejskie-i-polskie.jpg\" alt=\"Modernes Haus mit wei\u00dfer Fassade und Garten, kofinanziert aus europ\u00e4ischen und polnischen Mitteln.\"\r\n                    class=\"w-100\" \/>\r\n                            <\/div>\r\n            <div class=\"card-body\">\r\n                <h5 class=\"card-title\">BREMEN STORIED<\/h5>\r\n                <p class=\"card-text\"><p>\u201eBremen\u201d mit einem ersten Stock ist ein klassisches Haus mit einer hellen Fassade und einem braunen Dach. Das ger\u00e4umige Innere bietet ein gem\u00fctliches Wohnzimmer im Erdgeschoss und einen privaten Schlafbereich im Erdgeschoss, der Komfort f\u00fcr die ganze Familie bietet.<\/p>\n<\/p>\r\n            <\/div>\r\n        <\/div>\r\n    <\/a>\r\n        <a href=\"\/de\/hauser\/reihe-v\/hamburg-haus-erdgeschoss\/\" class=\"col-12 col-md-6 col-lg-4\">\r\n        <div class=\"card\">\r\n            <div class=\"card-header p-0\">\r\n                                                <img decoding=\"async\" src=\"https:\/\/stalovers.pl\/wp-content\/uploads\/2024\/11\/nowoczesny-dom-parterowy-z-ogrodkiem-szary-tynk-duze-okna-wieczor-fundusze-europejskie-polska-wschodnia.jpg\" alt=\"Modernes einst\u00f6ckiges Haus mit Garten, grauer Putz, gro\u00dfe Fenster, abends. Europ\u00e4ische Fonds Ostpolen.\"\r\n                    class=\"w-100\" \/>\r\n                            <\/div>\r\n            <div class=\"card-body\">\r\n                <h5 class=\"card-title\">HAMBURG PARTNER<\/h5>\r\n                <p class=\"card-text\"><p>Das moderne Haus \u201eHamburg\u201d besticht durch seine gro\u00dfe Verglasung und die markante Einbuchtung an der Front. Das gro\u00dfz\u00fcgige Wohnzimmer mit breitem Zugang zur Terrasse schafft einen komfortablen und stilvollen Lebensraum.<\/p>\n<\/p>\r\n            <\/div>\r\n        <\/div>\r\n    <\/a>\r\n        <a href=\"\/de\/hauser\/reihe-v\/hamburg-haus\/\" class=\"col-12 col-md-6 col-lg-4\">\r\n        <div class=\"card\">\r\n            <div class=\"card-header p-0\">\r\n                                                <img decoding=\"async\" src=\"https:\/\/stalovers.pl\/wp-content\/uploads\/2025\/12\/4.jpg\" alt=\"\"\r\n                    class=\"w-100\" \/>\r\n                            <\/div>\r\n            <div class=\"card-body\">\r\n                <h5 class=\"card-title\">HAMBURG BUNKER<\/h5>\r\n                <p class=\"card-text\"><p>\u201eHamburg\u201d mit einem ersten Stockwerk ist ein modernes Haus mit gro\u00dfen Verglasungen und einer markanten Fassadeneinbuchtung. Das ger\u00e4umige Wohnzimmer, die funktionale Aufteilung und die gro\u00dfe Terrasse sorgen f\u00fcr einen komfortablen und eleganten Lebensstil.<\/p>\n<\/p>\r\n            <\/div>\r\n        <\/div>\r\n    <\/a>\r\n        <a href=\"\/de\/hauser\/reihe-v\/haus-hannover-erdgeschoss\/\" class=\"col-12 col-md-6 col-lg-4\">\r\n        <div class=\"card\">\r\n            <div class=\"card-header p-0\">\r\n                                                <img decoding=\"async\" src=\"https:\/\/stalovers.pl\/wp-content\/uploads\/2026\/04\/2.jpg\" alt=\"Hannover\"\r\n                    class=\"w-100\" \/>\r\n                            <\/div>\r\n            <div class=\"card-body\">\r\n                <h5 class=\"card-title\">HANNOVER ERDGESCHOSS<\/h5>\r\n                <p class=\"card-text\"><p>Das eingeschossige Haus \u201eHannover\u201d besticht durch seine Wetterbohlenfassade und die charmante Veranda an der Vorderseite. Die ger\u00e4umigen Innenr\u00e4ume und die nat\u00fcrlichen Materialien schaffen einen warmen und gem\u00fctlichen Ort zum Leben.<\/p>\n<\/p>\r\n            <\/div>\r\n        <\/div>\r\n    <\/a>\r\n        <a href=\"\/de\/hauser\/reihe-v\/hannoversches-einstockiges-haus\/\" class=\"col-12 col-md-6 col-lg-4\">\r\n        <div class=\"card\">\r\n            <div class=\"card-header p-0\">\r\n                                                <img decoding=\"async\" src=\"https:\/\/stalovers.pl\/wp-content\/uploads\/2026\/04\/1.jpg\" alt=\"Hannover_Boden\"\r\n                    class=\"w-100\" \/>\r\n                            <\/div>\r\n            <div class=\"card-body\">\r\n                <h5 class=\"card-title\">HANNOVERSCHER BUNKER<\/h5>\r\n                <p class=\"card-text\"><p>\u201eHannover\u201d mit einem ersten Stockwerk ist ein elegantes Haus mit einer Wetterschutzfassade und einer Veranda an der Vorderseite. Die gro\u00dfz\u00fcgige Raumaufteilung und die nat\u00fcrlichen Materialien garantieren Komfort und zeitlosen Stil.<\/p>\n<\/p>\r\n            <\/div>\r\n        <\/div>\r\n    <\/a>\r\n        <a href=\"\/de\/hauser\/reihe-v\/haus-koln-erdgeschoss\/\" class=\"col-12 col-md-6 col-lg-4\">\r\n        <div class=\"card\">\r\n            <div class=\"card-header p-0\">\r\n                                                <img decoding=\"async\" src=\"https:\/\/stalovers.pl\/wp-content\/uploads\/2025\/04\/nowoczesny-dom-z-drewnianym-tarasem-i-grillem-wspierany-przez-fundusze-europejskie-biale-i-niebieskie-logo-w-rogu-2-2.jpg\" alt=\"Modernes Haus mit Holzterrasse und Grill, gef\u00f6rdert mit europ\u00e4ischen Mitteln, wei\u00df-blaues Logo in der Ecke.\"\r\n                    class=\"w-100\" \/>\r\n                            <\/div>\r\n            <div class=\"card-body\">\r\n                <h5 class=\"card-title\">KOLN PARTER<\/h5>\r\n                <p class=\"card-text\"><p>Die moderne Scheune \u201eK\u00f6ln\u201d ist ein ger\u00e4umiges Haus mit einer gefalzten Metall- und Wetterbretterfassade. Gro\u00dfe Verglasungen und ein offener Innenraum sorgen f\u00fcr Helligkeit, Ger\u00e4umigkeit und einen modernen Stil.<\/p>\n<\/p>\r\n            <\/div>\r\n        <\/div>\r\n    <\/a>\r\n        <a href=\"\/de\/hauser\/reihe-v\/koln-einstockiges-haus\/\" class=\"col-12 col-md-6 col-lg-4\">\r\n        <div class=\"card\">\r\n            <div class=\"card-header p-0\">\r\n                                                <img decoding=\"async\" src=\"https:\/\/stalovers.pl\/wp-content\/uploads\/2025\/04\/nowoczesny-dom-z-duzymi-oknami-w-zielonym-otoczeniu-patio-z-miejscem-do-wypoczynku-na-swiezym-powietrzu-4.jpg\" alt=\"Modernes Haus mit gro\u00dfen Fenstern in gr\u00fcner Umgebung, Innenhof mit Sitzgelegenheiten im Freien.\"\r\n                    class=\"w-100\" \/>\r\n                            <\/div>\r\n            <div class=\"card-body\">\r\n                <h5 class=\"card-title\">BEDROOM KOLN<\/h5>\r\n                <p class=\"card-text\"><p>\u201eK\u00f6ln\u201d mit einem ersten Stockwerk ist eine ger\u00e4umige moderne Scheune mit gro\u00dfen Verglasungen. Die Fassade kombiniert gefalztes Blech mit Holz, um einen eleganten und funktionalen Block mit einem offenen, hellen Innenraum zu schaffen.<\/p>\n<\/p>\r\n            <\/div>\r\n        <\/div>\r\n    <\/a>\r\n        <a href=\"\/de\/hauser\/reihe-v\/haus-lipsk-erdgeschoss\/\" class=\"col-12 col-md-6 col-lg-4\">\r\n        <div class=\"card\">\r\n            <div class=\"card-header p-0\">\r\n                                                <img decoding=\"async\" src=\"https:\/\/stalovers.pl\/wp-content\/uploads\/2024\/11\/przestronny-dom-z-tarasem-i-ogrodem-na-tle-blekitnego-nieba-wspierany-przez-fundusze-europejskie.jpg\" alt=\"Ger\u00e4umiges Haus mit Terrasse und Garten vor dem Hintergrund eines blauen Himmels, unterst\u00fctzt durch europ\u00e4ische F\u00f6rdermittel.\"\r\n                    class=\"w-100\" \/>\r\n                            <\/div>\r\n            <div class=\"card-body\">\r\n                <h5 class=\"card-title\">LIPSK PARTNER<\/h5>\r\n                <p class=\"card-text\"><p>\u201eLeipzig\u201d ist ein amerikanisch inspiriertes Haus mit einer gro\u00dfen Veranda an der Vorderseite und einer Fassade aus Wetterschutzplatten. Klassische Fenster und ein ger\u00e4umiger Innenraum schaffen einen warmen, gem\u00fctlichen Ort zum Leben.<\/p>\n<\/p>\r\n            <\/div>\r\n        <\/div>\r\n    <\/a>\r\n        <a href=\"\/de\/hauser\/reihe-v\/haus-linde\/\" class=\"col-12 col-md-6 col-lg-4\">\r\n        <div class=\"card\">\r\n            <div class=\"card-header p-0\">\r\n                                                <img decoding=\"async\" src=\"https:\/\/stalovers.pl\/wp-content\/uploads\/2024\/11\/dom-z-weranda-otoczony-zielenia-wspierany-przez-fundusze-europejskie-i-rpo-z-polska-oraz-ue.jpg\" alt=\"Haus mit Veranda, umgeben von Gr\u00fcn, unterst\u00fctzt durch europ\u00e4ische Fonds und RPO mit Polen und der EU.\"\r\n                    class=\"w-100\" \/>\r\n                            <\/div>\r\n            <div class=\"card-body\">\r\n                <h5 class=\"card-title\">BEDROOM LIPSK<\/h5>\r\n                <p class=\"card-text\"><p>\u201eLeipzig\u201d mit einem ersten Stock ist ein Haus im amerikanischen Stil mit einer gro\u00dfen Veranda und klassischen Fenstern. Die Holzfassade und die ger\u00e4umige Innenausstattung schaffen einen komfortablen und eleganten Lebensraum.<\/p>\n<\/p>\r\n            <\/div>\r\n        <\/div>\r\n    <\/a>\r\n        <a href=\"\/de\/hauser\/reihe-v\/haus-munchen-erdgeschoss\/\" class=\"col-12 col-md-6 col-lg-4\">\r\n        <div class=\"card\">\r\n            <div class=\"card-header p-0\">\r\n                                                <img decoding=\"async\" src=\"https:\/\/stalovers.pl\/wp-content\/uploads\/2024\/11\/nowoczesny-budynek-z-dwuspadowym-dachem-otoczony-zielenia-wspierany-przez-fundusze-unijne.jpg\" alt=\"Ein modernes Geb\u00e4ude mit geneigtem Dach, umgeben von Gr\u00fcnanlagen und unterst\u00fctzt durch EU-Mittel.\"\r\n                    class=\"w-100\" \/>\r\n                            <\/div>\r\n            <div class=\"card-body\">\r\n                <h5 class=\"card-title\">MUNCHEN PARTER<\/h5>\r\n                <p class=\"card-text\"><p>\u201eM\u00fcnchen\u201d ist ein Haus mit einer klassischen hellen Fassade mit dunklen Akzenten und einer charakteristischen Einbuchtung im Korpus. Der ger\u00e4umige Innenraum und die gro\u00dfe Verglasung sorgen f\u00fcr Komfort und Eleganz.<\/p>\n<\/p>\r\n            <\/div>\r\n        <\/div>\r\n    <\/a>\r\n        <a href=\"\/de\/hauser\/reihe-v\/munchen-einstockiges-haus\/\" class=\"col-12 col-md-6 col-lg-4\">\r\n        <div class=\"card\">\r\n            <div class=\"card-header p-0\">\r\n                                                <img decoding=\"async\" src=\"https:\/\/stalovers.pl\/wp-content\/uploads\/2024\/11\/nowoczesny-dom-jednorodzinny-na-tle-zieleni-samochody-obok-wsparcie-funduszy-europejskich-i-unii-europejskiej.jpg\" alt=\"Modernes Einfamilienhaus vor gr\u00fcner Kulisse, Autos nebenan, Unterst\u00fctzung durch europ\u00e4ische Fonds und die Europ\u00e4ische Union.\"\r\n                    class=\"w-100\" \/>\r\n                            <\/div>\r\n            <div class=\"card-body\">\r\n                <h5 class=\"card-title\">M\u00dcNCHEN STORIED<\/h5>\r\n                <p class=\"card-text\"><p>\u201eM\u00fcnchen\u201d mit einem ersten Stockwerk ist ein elegantes Haus mit einer hellen Fassade mit dunklen Akzenten und einer einzigartigen Einbuchtung im Block. Die moderne Innenaufteilung sorgt f\u00fcr Gro\u00dfz\u00fcgigkeit und Komfort im Alltag.<\/p>\n<\/p>\r\n            <\/div>\r\n        <\/div>\r\n    <\/a>\r\n        <\/div>","protected":false},"excerpt":{"rendered":"<p>Die V-Serie sind moderne Stahlh\u00e4user mit schneller Bauweise und hoher Energieeffizienz. Sehen Sie sich die verf\u00fcgbaren Designs an.<\/p>","protected":false},"author":1,"featured_media":2917,"parent":207,"menu_order":0,"comment_status":"closed","ping_status":"closed","template":"page-templates\/houses.php","meta":{"_acf_changed":false,"footnotes":""},"class_list":["post-514","page","type-page","status-publish","has-post-thumbnail","hentry"],"acf":[],"yoast_head":"<!-- This site is optimized with the Yoast SEO plugin v26.5 - https:\/\/yoast.com\/wordpress\/plugins\/seo\/ -->\n<title>Seria V \u2013 nowoczesne domy stalowe<\/title>\n<meta name=\"description\" content=\"Seria V to nowoczesne domy stalowe o szybkiej budowie i wysokiej energooszcz\u0119dno\u015bci. Sprawd\u017a dost\u0119pne projekty.\" \/>\n<meta name=\"robots\" content=\"index, follow, max-snippet:-1, max-image-preview:large, max-video-preview:-1\" \/>\n<link rel=\"canonical\" href=\"https:\/\/stalovers.pl\/de\/hauser\/reihe-v\/\" \/>\n<meta property=\"og:locale\" content=\"de_DE\" \/>\n<meta property=\"og:type\" content=\"article\" \/>\n<meta property=\"og:title\" content=\"Seria V \u2013 nowoczesne domy stalowe\" \/>\n<meta property=\"og:description\" content=\"Seria V to nowoczesne domy stalowe o szybkiej budowie i wysokiej energooszcz\u0119dno\u015bci. Sprawd\u017a dost\u0119pne projekty.\" \/>\n<meta property=\"og:url\" content=\"https:\/\/stalovers.pl\/de\/hauser\/reihe-v\/\" \/>\n<meta property=\"og:site_name\" content=\"Stalovers\" \/>\n<meta property=\"article:modified_time\" content=\"2026-04-16T07:33:01+00:00\" \/>\n<meta property=\"og:image\" content=\"https:\/\/stalovers.pl\/wp-content\/uploads\/2025\/04\/Seria-V-1.jpg\" \/>\n\t<meta property=\"og:image:width\" content=\"1200\" \/>\n\t<meta property=\"og:image:height\" content=\"675\" \/>\n\t<meta property=\"og:image:type\" content=\"image\/jpeg\" \/>\n<meta name=\"twitter:card\" content=\"summary_large_image\" \/>\n<meta name=\"twitter:label1\" content=\"Gesch\u00e4tzte Lesezeit\" \/>\n\t<meta name=\"twitter:data1\" content=\"1\u00a0Minute\" \/>\n<script type=\"application\/ld+json\" class=\"yoast-schema-graph\">{\"@context\":\"https:\/\/schema.org\",\"@graph\":[{\"@type\":\"WebPage\",\"@id\":\"https:\/\/stalovers.pl\/domy\/seria-v\/\",\"url\":\"https:\/\/stalovers.pl\/domy\/seria-v\/\",\"name\":\"Seria V \u2013 nowoczesne domy stalowe\",\"isPartOf\":{\"@id\":\"https:\/\/stalovers.pl\/#website\"},\"primaryImageOfPage\":{\"@id\":\"https:\/\/stalovers.pl\/domy\/seria-v\/#primaryimage\"},\"image\":{\"@id\":\"https:\/\/stalovers.pl\/domy\/seria-v\/#primaryimage\"},\"thumbnailUrl\":\"https:\/\/stalovers.pl\/wp-content\/uploads\/2025\/04\/Seria-V-1.jpg\",\"datePublished\":\"2024-10-07T11:24:50+00:00\",\"dateModified\":\"2026-04-16T07:33:01+00:00\",\"description\":\"Seria V to nowoczesne domy stalowe o szybkiej budowie i wysokiej energooszcz\u0119dno\u015bci. Sprawd\u017a dost\u0119pne projekty.\",\"breadcrumb\":{\"@id\":\"https:\/\/stalovers.pl\/domy\/seria-v\/#breadcrumb\"},\"inLanguage\":\"de\",\"potentialAction\":[{\"@type\":\"ReadAction\",\"target\":[\"https:\/\/stalovers.pl\/domy\/seria-v\/\"]}]},{\"@type\":\"ImageObject\",\"inLanguage\":\"de\",\"@id\":\"https:\/\/stalovers.pl\/domy\/seria-v\/#primaryimage\",\"url\":\"https:\/\/stalovers.pl\/wp-content\/uploads\/2025\/04\/Seria-V-1.jpg\",\"contentUrl\":\"https:\/\/stalovers.pl\/wp-content\/uploads\/2025\/04\/Seria-V-1.jpg\",\"width\":1200,\"height\":675,\"caption\":\"Odkryj domy Stalovers \u2014 nowoczesne projekty, wysoka jako\u015b\u0107 wyko\u0144czenia i atrakcyjne lokalizacje. Wybierz dom idealny dla swojej rodziny.\"},{\"@type\":\"BreadcrumbList\",\"@id\":\"https:\/\/stalovers.pl\/domy\/seria-v\/#breadcrumb\",\"itemListElement\":[{\"@type\":\"ListItem\",\"position\":1,\"name\":\"Strona g\u0142\u00f3wna\",\"item\":\"https:\/\/stalovers.pl\/\"},{\"@type\":\"ListItem\",\"position\":2,\"name\":\"Domy\",\"item\":\"https:\/\/stalovers.pl\/domy\/\"},{\"@type\":\"ListItem\",\"position\":3,\"name\":\"Seria V\"}]},{\"@type\":\"WebSite\",\"@id\":\"https:\/\/stalovers.pl\/#website\",\"url\":\"https:\/\/stalovers.pl\/\",\"name\":\"Stalovers\",\"description\":\"Fabryka dom\u00f3w stalowych \u2013 nowoczesne domy i hale\",\"publisher\":{\"@id\":\"https:\/\/stalovers.pl\/#organization\"},\"potentialAction\":[{\"@type\":\"SearchAction\",\"target\":{\"@type\":\"EntryPoint\",\"urlTemplate\":\"https:\/\/stalovers.pl\/?s={search_term_string}\"},\"query-input\":{\"@type\":\"PropertyValueSpecification\",\"valueRequired\":true,\"valueName\":\"search_term_string\"}}],\"inLanguage\":\"de\"},{\"@type\":\"Organization\",\"@id\":\"https:\/\/stalovers.pl\/#organization\",\"name\":\"Stalovers\",\"url\":\"https:\/\/stalovers.pl\/\",\"logo\":{\"@type\":\"ImageObject\",\"inLanguage\":\"de\",\"@id\":\"https:\/\/stalovers.pl\/#\/schema\/logo\/image\/\",\"url\":\"\",\"contentUrl\":\"\",\"caption\":\"Stalovers\"},\"image\":{\"@id\":\"https:\/\/stalovers.pl\/#\/schema\/logo\/image\/\"}}]}<\/script>\n<!-- \/ Yoast SEO plugin. -->","yoast_head_json":{"title":"Serie V - moderne Stahlh\u00e4user","description":"Die V-Serie sind moderne Stahlh\u00e4user mit schneller Bauweise und hoher Energieeffizienz. Sehen Sie sich die verf\u00fcgbaren Designs an.","robots":{"index":"index","follow":"follow","max-snippet":"max-snippet:-1","max-image-preview":"max-image-preview:large","max-video-preview":"max-video-preview:-1"},"canonical":"https:\/\/stalovers.pl\/de\/hauser\/reihe-v\/","og_locale":"de_DE","og_type":"article","og_title":"Seria V \u2013 nowoczesne domy stalowe","og_description":"Seria V to nowoczesne domy stalowe o szybkiej budowie i wysokiej energooszcz\u0119dno\u015bci. Sprawd\u017a dost\u0119pne projekty.","og_url":"https:\/\/stalovers.pl\/de\/hauser\/reihe-v\/","og_site_name":"Stalovers","article_modified_time":"2026-04-16T07:33:01+00:00","og_image":[{"width":1200,"height":675,"url":"https:\/\/stalovers.pl\/wp-content\/uploads\/2025\/04\/Seria-V-1.jpg","type":"image\/jpeg"}],"twitter_card":"summary_large_image","twitter_misc":{"Gesch\u00e4tzte Lesezeit":"1\u00a0Minute"},"schema":{"@context":"https:\/\/schema.org","@graph":[{"@type":"WebPage","@id":"https:\/\/stalovers.pl\/domy\/seria-v\/","url":"https:\/\/stalovers.pl\/domy\/seria-v\/","name":"Serie V - moderne Stahlh\u00e4user","isPartOf":{"@id":"https:\/\/stalovers.pl\/#website"},"primaryImageOfPage":{"@id":"https:\/\/stalovers.pl\/domy\/seria-v\/#primaryimage"},"image":{"@id":"https:\/\/stalovers.pl\/domy\/seria-v\/#primaryimage"},"thumbnailUrl":"https:\/\/stalovers.pl\/wp-content\/uploads\/2025\/04\/Seria-V-1.jpg","datePublished":"2024-10-07T11:24:50+00:00","dateModified":"2026-04-16T07:33:01+00:00","description":"Die V-Serie sind moderne Stahlh\u00e4user mit schneller Bauweise und hoher Energieeffizienz. Sehen Sie sich die verf\u00fcgbaren Designs an.","breadcrumb":{"@id":"https:\/\/stalovers.pl\/domy\/seria-v\/#breadcrumb"},"inLanguage":"de","potentialAction":[{"@type":"ReadAction","target":["https:\/\/stalovers.pl\/domy\/seria-v\/"]}]},{"@type":"ImageObject","inLanguage":"de","@id":"https:\/\/stalovers.pl\/domy\/seria-v\/#primaryimage","url":"https:\/\/stalovers.pl\/wp-content\/uploads\/2025\/04\/Seria-V-1.jpg","contentUrl":"https:\/\/stalovers.pl\/wp-content\/uploads\/2025\/04\/Seria-V-1.jpg","width":1200,"height":675,"caption":"Odkryj domy Stalovers \u2014 nowoczesne projekty, wysoka jako\u015b\u0107 wyko\u0144czenia i atrakcyjne lokalizacje. Wybierz dom idealny dla swojej rodziny."},{"@type":"BreadcrumbList","@id":"https:\/\/stalovers.pl\/domy\/seria-v\/#breadcrumb","itemListElement":[{"@type":"ListItem","position":1,"name":"Strona g\u0142\u00f3wna","item":"https:\/\/stalovers.pl\/"},{"@type":"ListItem","position":2,"name":"Domy","item":"https:\/\/stalovers.pl\/domy\/"},{"@type":"ListItem","position":3,"name":"Seria V"}]},{"@type":"WebSite","@id":"https:\/\/stalovers.pl\/#website","url":"https:\/\/stalovers.pl\/","name":"Stalovers","description":"Stahlhausfabrik - moderne H\u00e4user und Hallen","publisher":{"@id":"https:\/\/stalovers.pl\/#organization"},"potentialAction":[{"@type":"SearchAction","target":{"@type":"EntryPoint","urlTemplate":"https:\/\/stalovers.pl\/?s={search_term_string}"},"query-input":{"@type":"PropertyValueSpecification","valueRequired":true,"valueName":"search_term_string"}}],"inLanguage":"de"},{"@type":"Organization","@id":"https:\/\/stalovers.pl\/#organization","name":"Stalovers","url":"https:\/\/stalovers.pl\/","logo":{"@type":"ImageObject","inLanguage":"de","@id":"https:\/\/stalovers.pl\/#\/schema\/logo\/image\/","url":"","contentUrl":"","caption":"Stalovers"},"image":{"@id":"https:\/\/stalovers.pl\/#\/schema\/logo\/image\/"}}]}},"_links":{"self":[{"href":"https:\/\/stalovers.pl\/de\/wp-json\/wp\/v2\/pages\/514","targetHints":{"allow":["GET"]}}],"collection":[{"href":"https:\/\/stalovers.pl\/de\/wp-json\/wp\/v2\/pages"}],"about":[{"href":"https:\/\/stalovers.pl\/de\/wp-json\/wp\/v2\/types\/page"}],"author":[{"embeddable":true,"href":"https:\/\/stalovers.pl\/de\/wp-json\/wp\/v2\/users\/1"}],"replies":[{"embeddable":true,"href":"https:\/\/stalovers.pl\/de\/wp-json\/wp\/v2\/comments?post=514"}],"version-history":[{"count":3,"href":"https:\/\/stalovers.pl\/de\/wp-json\/wp\/v2\/pages\/514\/revisions"}],"predecessor-version":[{"id":5432,"href":"https:\/\/stalovers.pl\/de\/wp-json\/wp\/v2\/pages\/514\/revisions\/5432"}],"up":[{"embeddable":true,"href":"https:\/\/stalovers.pl\/de\/wp-json\/wp\/v2\/pages\/207"}],"wp:featuredmedia":[{"embeddable":true,"href":"https:\/\/stalovers.pl\/de\/wp-json\/wp\/v2\/media\/2917"}],"wp:attachment":[{"href":"https:\/\/stalovers.pl\/de\/wp-json\/wp\/v2\/media?parent=514"}],"curies":[{"name":"wp","href":"https:\/\/api.w.org\/{rel}","templated":true}]}}