{"id":411,"date":"2024-08-18T15:59:57","date_gmt":"2024-08-18T15:59:57","guid":{"rendered":"https:\/\/stalovers.pl\/?page_id=411"},"modified":"2026-02-26T09:30:55","modified_gmt":"2026-02-26T09:30:55","slug":"hauser","status":"publish","type":"page","link":"https:\/\/stalovers.pl\/de\/verwirklichungen\/hauser\/","title":{"rendered":"H\u00e4user"},"content":{"rendered":"","protected":false},"excerpt":{"rendered":"<p>\u00dcbersicht \u00fcber fertiggestellte Stahlh\u00e4user. Inspiration, Fotos und Beispiele von Projekten in Stahlleichtbauweise.<\/p>","protected":false},"author":1,"featured_media":0,"parent":400,"menu_order":0,"comment_status":"closed","ping_status":"closed","template":"page-templates\/realizations.php","meta":{"_acf_changed":false,"footnotes":""},"class_list":["post-411","page","type-page","status-publish","hentry"],"acf":[],"yoast_head":"<!-- This site is optimized with the Yoast SEO plugin v26.5 - https:\/\/yoast.com\/wordpress\/plugins\/seo\/ -->\n<title>Realizacje dom\u00f3w stalowych<\/title>\n<meta name=\"description\" content=\"Przegl\u0105d zrealizowanych dom\u00f3w stalowych. Inspiracje, zdj\u0119cia i przyk\u0142ady projekt\u00f3w wykonanych w lekkiej konstrukcji stalowej.\" \/>\n<meta name=\"robots\" content=\"index, follow, max-snippet:-1, max-image-preview:large, max-video-preview:-1\" \/>\n<link rel=\"canonical\" href=\"https:\/\/stalovers.pl\/de\/verwirklichungen\/hauser\/\" \/>\n<meta property=\"og:locale\" content=\"de_DE\" \/>\n<meta property=\"og:type\" content=\"article\" \/>\n<meta property=\"og:title\" content=\"Realizacje dom\u00f3w stalowych\" \/>\n<meta property=\"og:description\" content=\"Przegl\u0105d zrealizowanych dom\u00f3w stalowych. Inspiracje, zdj\u0119cia i przyk\u0142ady projekt\u00f3w wykonanych w lekkiej konstrukcji stalowej.\" \/>\n<meta property=\"og:url\" content=\"https:\/\/stalovers.pl\/de\/verwirklichungen\/hauser\/\" \/>\n<meta property=\"og:site_name\" content=\"Stalovers\" \/>\n<meta property=\"article:modified_time\" content=\"2026-02-26T09:30:55+00:00\" \/>\n<meta name=\"twitter:card\" content=\"summary_large_image\" \/>\n<script type=\"application\/ld+json\" class=\"yoast-schema-graph\">{\"@context\":\"https:\/\/schema.org\",\"@graph\":[{\"@type\":\"WebPage\",\"@id\":\"https:\/\/stalovers.pl\/realizacje\/domy\/\",\"url\":\"https:\/\/stalovers.pl\/realizacje\/domy\/\",\"name\":\"Realizacje dom\u00f3w stalowych\",\"isPartOf\":{\"@id\":\"https:\/\/stalovers.pl\/#website\"},\"datePublished\":\"2024-08-18T15:59:57+00:00\",\"dateModified\":\"2026-02-26T09:30:55+00:00\",\"description\":\"Przegl\u0105d zrealizowanych dom\u00f3w stalowych. Inspiracje, zdj\u0119cia i przyk\u0142ady projekt\u00f3w wykonanych w lekkiej konstrukcji stalowej.\",\"breadcrumb\":{\"@id\":\"https:\/\/stalovers.pl\/realizacje\/domy\/#breadcrumb\"},\"inLanguage\":\"de\",\"potentialAction\":[{\"@type\":\"ReadAction\",\"target\":[\"https:\/\/stalovers.pl\/realizacje\/domy\/\"]}]},{\"@type\":\"BreadcrumbList\",\"@id\":\"https:\/\/stalovers.pl\/realizacje\/domy\/#breadcrumb\",\"itemListElement\":[{\"@type\":\"ListItem\",\"position\":1,\"name\":\"Strona g\u0142\u00f3wna\",\"item\":\"https:\/\/stalovers.pl\/\"},{\"@type\":\"ListItem\",\"position\":2,\"name\":\"Realizacje\",\"item\":\"https:\/\/stalovers.pl\/realizacje\/\"},{\"@type\":\"ListItem\",\"position\":3,\"name\":\"Domy\"}]},{\"@type\":\"WebSite\",\"@id\":\"https:\/\/stalovers.pl\/#website\",\"url\":\"https:\/\/stalovers.pl\/\",\"name\":\"Stalovers\",\"description\":\"Fabryka dom\u00f3w stalowych \u2013 nowoczesne domy i hale\",\"publisher\":{\"@id\":\"https:\/\/stalovers.pl\/#organization\"},\"potentialAction\":[{\"@type\":\"SearchAction\",\"target\":{\"@type\":\"EntryPoint\",\"urlTemplate\":\"https:\/\/stalovers.pl\/?s={search_term_string}\"},\"query-input\":{\"@type\":\"PropertyValueSpecification\",\"valueRequired\":true,\"valueName\":\"search_term_string\"}}],\"inLanguage\":\"de\"},{\"@type\":\"Organization\",\"@id\":\"https:\/\/stalovers.pl\/#organization\",\"name\":\"Stalovers\",\"url\":\"https:\/\/stalovers.pl\/\",\"logo\":{\"@type\":\"ImageObject\",\"inLanguage\":\"de\",\"@id\":\"https:\/\/stalovers.pl\/#\/schema\/logo\/image\/\",\"url\":\"\",\"contentUrl\":\"\",\"caption\":\"Stalovers\"},\"image\":{\"@id\":\"https:\/\/stalovers.pl\/#\/schema\/logo\/image\/\"}}]}<\/script>\n<!-- \/ Yoast SEO plugin. -->","yoast_head_json":{"title":"Realisierungen von Stahlh\u00e4usern","description":"\u00dcbersicht \u00fcber fertiggestellte Stahlh\u00e4user. Inspiration, Fotos und Beispiele von Projekten in Stahlleichtbauweise.","robots":{"index":"index","follow":"follow","max-snippet":"max-snippet:-1","max-image-preview":"max-image-preview:large","max-video-preview":"max-video-preview:-1"},"canonical":"https:\/\/stalovers.pl\/de\/verwirklichungen\/hauser\/","og_locale":"de_DE","og_type":"article","og_title":"Realizacje dom\u00f3w stalowych","og_description":"Przegl\u0105d zrealizowanych dom\u00f3w stalowych. Inspiracje, zdj\u0119cia i przyk\u0142ady projekt\u00f3w wykonanych w lekkiej konstrukcji stalowej.","og_url":"https:\/\/stalovers.pl\/de\/verwirklichungen\/hauser\/","og_site_name":"Stalovers","article_modified_time":"2026-02-26T09:30:55+00:00","twitter_card":"summary_large_image","schema":{"@context":"https:\/\/schema.org","@graph":[{"@type":"WebPage","@id":"https:\/\/stalovers.pl\/realizacje\/domy\/","url":"https:\/\/stalovers.pl\/realizacje\/domy\/","name":"Realisierungen von Stahlh\u00e4usern","isPartOf":{"@id":"https:\/\/stalovers.pl\/#website"},"datePublished":"2024-08-18T15:59:57+00:00","dateModified":"2026-02-26T09:30:55+00:00","description":"\u00dcbersicht \u00fcber fertiggestellte Stahlh\u00e4user. Inspiration, Fotos und Beispiele von Projekten in Stahlleichtbauweise.","breadcrumb":{"@id":"https:\/\/stalovers.pl\/realizacje\/domy\/#breadcrumb"},"inLanguage":"de","potentialAction":[{"@type":"ReadAction","target":["https:\/\/stalovers.pl\/realizacje\/domy\/"]}]},{"@type":"BreadcrumbList","@id":"https:\/\/stalovers.pl\/realizacje\/domy\/#breadcrumb","itemListElement":[{"@type":"ListItem","position":1,"name":"Strona g\u0142\u00f3wna","item":"https:\/\/stalovers.pl\/"},{"@type":"ListItem","position":2,"name":"Realizacje","item":"https:\/\/stalovers.pl\/realizacje\/"},{"@type":"ListItem","position":3,"name":"Domy"}]},{"@type":"WebSite","@id":"https:\/\/stalovers.pl\/#website","url":"https:\/\/stalovers.pl\/","name":"Stalovers","description":"Stahlhausfabrik - moderne H\u00e4user und Hallen","publisher":{"@id":"https:\/\/stalovers.pl\/#organization"},"potentialAction":[{"@type":"SearchAction","target":{"@type":"EntryPoint","urlTemplate":"https:\/\/stalovers.pl\/?s={search_term_string}"},"query-input":{"@type":"PropertyValueSpecification","valueRequired":true,"valueName":"search_term_string"}}],"inLanguage":"de"},{"@type":"Organization","@id":"https:\/\/stalovers.pl\/#organization","name":"Stalovers","url":"https:\/\/stalovers.pl\/","logo":{"@type":"ImageObject","inLanguage":"de","@id":"https:\/\/stalovers.pl\/#\/schema\/logo\/image\/","url":"","contentUrl":"","caption":"Stalovers"},"image":{"@id":"https:\/\/stalovers.pl\/#\/schema\/logo\/image\/"}}]}},"_links":{"self":[{"href":"https:\/\/stalovers.pl\/de\/wp-json\/wp\/v2\/pages\/411","targetHints":{"allow":["GET"]}}],"collection":[{"href":"https:\/\/stalovers.pl\/de\/wp-json\/wp\/v2\/pages"}],"about":[{"href":"https:\/\/stalovers.pl\/de\/wp-json\/wp\/v2\/types\/page"}],"author":[{"embeddable":true,"href":"https:\/\/stalovers.pl\/de\/wp-json\/wp\/v2\/users\/1"}],"replies":[{"embeddable":true,"href":"https:\/\/stalovers.pl\/de\/wp-json\/wp\/v2\/comments?post=411"}],"version-history":[{"count":5,"href":"https:\/\/stalovers.pl\/de\/wp-json\/wp\/v2\/pages\/411\/revisions"}],"predecessor-version":[{"id":5276,"href":"https:\/\/stalovers.pl\/de\/wp-json\/wp\/v2\/pages\/411\/revisions\/5276"}],"up":[{"embeddable":true,"href":"https:\/\/stalovers.pl\/de\/wp-json\/wp\/v2\/pages\/400"}],"wp:attachment":[{"href":"https:\/\/stalovers.pl\/de\/wp-json\/wp\/v2\/media?parent=411"}],"curies":[{"name":"wp","href":"https:\/\/api.w.org\/{rel}","templated":true}]}}