{"id":390,"date":"2024-08-14T14:17:13","date_gmt":"2024-08-14T14:17:13","guid":{"rendered":"https:\/\/stalovers.pl\/?page_id=390"},"modified":"2026-04-02T08:18:19","modified_gmt":"2026-04-02T08:18:19","slug":"serie-uber","status":"publish","type":"page","link":"https:\/\/stalovers.pl\/de\/hauser\/serie-uber\/","title":{"rendered":"O-Serie"},"content":{"rendered":"<div class=\"breadcrumbs\"><nav aria-label=\"Brotkr\u00fcmel\" class=\"breadcrumb-container\"><ol class=\"breadcrumb\"><li class=\"breadcrumb-item\"><a href=\"https:\/\/stalovers.pl\/de\"><i class=\"fas fa-home\"><\/i> Startseite<\/a><\/li><\/ol><\/nav><\/div>\n\n\r\n\r\n<h1 class=\"section-title\">O-Serie<\/h1>\r\n<p class=\"section-description\"><\/p>\r\n<div class=\"row g-4\">\r\n            <a href=\"\/de\/hauser\/serie-uber\/o2-haus\/\" class=\"col-12 col-md-6 col-lg-4\">\r\n        <div class=\"card\">\r\n            <div class=\"card-header p-0\">\r\n                                                <img decoding=\"async\" src=\"https:\/\/stalovers.pl\/wp-content\/uploads\/2026\/04\/1_Korzenna1a.jpg\" alt=\"\"\r\n                    class=\"w-100\" \/>\r\n                            <\/div>\r\n            <div class=\"card-body\">\r\n                <h5 class=\"card-title\">O2<\/h5>\r\n                <p class=\"card-text\"><p><em>Ein modernes Haus mit einer dunklen Fassade und einer beeindruckenden Verglasung an der Giebelseite, die f\u00fcr eine hervorragende Belichtung der Innenr\u00e4ume sorgt. Sein Designerstil verbindet Eleganz mit Funktionalit\u00e4t und schafft einen einzigartigen Lebensraum.<\/em><\/p>\n<\/p>\r\n            <\/div>\r\n        <\/div>\r\n    <\/a>\r\n        <\/div>","protected":false},"excerpt":{"rendered":"<p>Die Serie O umfasst moderne und energieeffiziente Stahlh\u00e4user mit einfacher und funktionaler Architektur. Langlebige Stahlkonstruktion.<\/p>","protected":false},"author":1,"featured_media":4968,"parent":207,"menu_order":0,"comment_status":"closed","ping_status":"closed","template":"page-templates\/houses.php","meta":{"_acf_changed":false,"footnotes":""},"class_list":["post-390","page","type-page","status-publish","has-post-thumbnail","hentry"],"acf":[],"yoast_head":"<!-- This site is optimized with the Yoast SEO plugin v26.5 - https:\/\/yoast.com\/wordpress\/plugins\/seo\/ -->\n<title>Seria O \u2013 lekkie i nowoczesne domy stalowe<\/title>\n<meta name=\"description\" content=\"Seria O obejmuje nowoczesne i energooszcz\u0119dne domy stalowe o prostej i funkcjonalnej architekturze. Trwa\u0142a konstrukcja stalowa.\" \/>\n<meta name=\"robots\" content=\"index, follow, max-snippet:-1, max-image-preview:large, max-video-preview:-1\" \/>\n<link rel=\"canonical\" href=\"https:\/\/stalovers.pl\/de\/hauser\/serie-uber\/\" \/>\n<meta property=\"og:locale\" content=\"de_DE\" \/>\n<meta property=\"og:type\" content=\"article\" \/>\n<meta property=\"og:title\" content=\"Seria O \u2013 lekkie i nowoczesne domy stalowe\" \/>\n<meta property=\"og:description\" content=\"Seria O obejmuje nowoczesne i energooszcz\u0119dne domy stalowe o prostej i funkcjonalnej architekturze. Trwa\u0142a konstrukcja stalowa.\" \/>\n<meta property=\"og:url\" content=\"https:\/\/stalovers.pl\/de\/hauser\/serie-uber\/\" \/>\n<meta property=\"og:site_name\" content=\"Stalovers\" \/>\n<meta property=\"article:modified_time\" content=\"2026-04-02T08:18:19+00:00\" \/>\n<meta property=\"og:image\" content=\"https:\/\/stalovers.pl\/wp-content\/uploads\/2025\/11\/Projekt-bez-nazwy-2.jpg\" \/>\n\t<meta property=\"og:image:width\" content=\"1200\" \/>\n\t<meta property=\"og:image:height\" content=\"675\" \/>\n\t<meta property=\"og:image:type\" content=\"image\/jpeg\" \/>\n<meta name=\"twitter:card\" content=\"summary_large_image\" \/>\n<meta name=\"twitter:label1\" content=\"Gesch\u00e4tzte Lesezeit\" \/>\n\t<meta name=\"twitter:data1\" content=\"1\u00a0Minute\" \/>\n<script type=\"application\/ld+json\" class=\"yoast-schema-graph\">{\"@context\":\"https:\/\/schema.org\",\"@graph\":[{\"@type\":\"WebPage\",\"@id\":\"https:\/\/stalovers.pl\/domy\/seria-o\/\",\"url\":\"https:\/\/stalovers.pl\/domy\/seria-o\/\",\"name\":\"Seria O \u2013 lekkie i nowoczesne domy stalowe\",\"isPartOf\":{\"@id\":\"https:\/\/stalovers.pl\/#website\"},\"primaryImageOfPage\":{\"@id\":\"https:\/\/stalovers.pl\/domy\/seria-o\/#primaryimage\"},\"image\":{\"@id\":\"https:\/\/stalovers.pl\/domy\/seria-o\/#primaryimage\"},\"thumbnailUrl\":\"https:\/\/stalovers.pl\/wp-content\/uploads\/2025\/11\/Projekt-bez-nazwy-2.jpg\",\"datePublished\":\"2024-08-14T14:17:13+00:00\",\"dateModified\":\"2026-04-02T08:18:19+00:00\",\"description\":\"Seria O obejmuje nowoczesne i energooszcz\u0119dne domy stalowe o prostej i funkcjonalnej architekturze. Trwa\u0142a konstrukcja stalowa.\",\"breadcrumb\":{\"@id\":\"https:\/\/stalovers.pl\/domy\/seria-o\/#breadcrumb\"},\"inLanguage\":\"de\",\"potentialAction\":[{\"@type\":\"ReadAction\",\"target\":[\"https:\/\/stalovers.pl\/domy\/seria-o\/\"]}]},{\"@type\":\"ImageObject\",\"inLanguage\":\"de\",\"@id\":\"https:\/\/stalovers.pl\/domy\/seria-o\/#primaryimage\",\"url\":\"https:\/\/stalovers.pl\/wp-content\/uploads\/2025\/11\/Projekt-bez-nazwy-2.jpg\",\"contentUrl\":\"https:\/\/stalovers.pl\/wp-content\/uploads\/2025\/11\/Projekt-bez-nazwy-2.jpg\",\"width\":1200,\"height\":675},{\"@type\":\"BreadcrumbList\",\"@id\":\"https:\/\/stalovers.pl\/domy\/seria-o\/#breadcrumb\",\"itemListElement\":[{\"@type\":\"ListItem\",\"position\":1,\"name\":\"Strona g\u0142\u00f3wna\",\"item\":\"https:\/\/stalovers.pl\/\"},{\"@type\":\"ListItem\",\"position\":2,\"name\":\"Domy\",\"item\":\"https:\/\/stalovers.pl\/domy\/\"},{\"@type\":\"ListItem\",\"position\":3,\"name\":\"Seria O\"}]},{\"@type\":\"WebSite\",\"@id\":\"https:\/\/stalovers.pl\/#website\",\"url\":\"https:\/\/stalovers.pl\/\",\"name\":\"Stalovers\",\"description\":\"Fabryka dom\u00f3w stalowych \u2013 nowoczesne domy i hale\",\"publisher\":{\"@id\":\"https:\/\/stalovers.pl\/#organization\"},\"potentialAction\":[{\"@type\":\"SearchAction\",\"target\":{\"@type\":\"EntryPoint\",\"urlTemplate\":\"https:\/\/stalovers.pl\/?s={search_term_string}\"},\"query-input\":{\"@type\":\"PropertyValueSpecification\",\"valueRequired\":true,\"valueName\":\"search_term_string\"}}],\"inLanguage\":\"de\"},{\"@type\":\"Organization\",\"@id\":\"https:\/\/stalovers.pl\/#organization\",\"name\":\"Stalovers\",\"url\":\"https:\/\/stalovers.pl\/\",\"logo\":{\"@type\":\"ImageObject\",\"inLanguage\":\"de\",\"@id\":\"https:\/\/stalovers.pl\/#\/schema\/logo\/image\/\",\"url\":\"\",\"contentUrl\":\"\",\"caption\":\"Stalovers\"},\"image\":{\"@id\":\"https:\/\/stalovers.pl\/#\/schema\/logo\/image\/\"}}]}<\/script>\n<!-- \/ Yoast SEO plugin. -->","yoast_head_json":{"title":"Serie O - leichte und moderne Stahlh\u00e4user","description":"Die Serie O umfasst moderne und energieeffiziente Stahlh\u00e4user mit einfacher und funktionaler Architektur. Langlebige Stahlkonstruktion.","robots":{"index":"index","follow":"follow","max-snippet":"max-snippet:-1","max-image-preview":"max-image-preview:large","max-video-preview":"max-video-preview:-1"},"canonical":"https:\/\/stalovers.pl\/de\/hauser\/serie-uber\/","og_locale":"de_DE","og_type":"article","og_title":"Seria O \u2013 lekkie i nowoczesne domy stalowe","og_description":"Seria O obejmuje nowoczesne i energooszcz\u0119dne domy stalowe o prostej i funkcjonalnej architekturze. Trwa\u0142a konstrukcja stalowa.","og_url":"https:\/\/stalovers.pl\/de\/hauser\/serie-uber\/","og_site_name":"Stalovers","article_modified_time":"2026-04-02T08:18:19+00:00","og_image":[{"width":1200,"height":675,"url":"https:\/\/stalovers.pl\/wp-content\/uploads\/2025\/11\/Projekt-bez-nazwy-2.jpg","type":"image\/jpeg"}],"twitter_card":"summary_large_image","twitter_misc":{"Gesch\u00e4tzte Lesezeit":"1\u00a0Minute"},"schema":{"@context":"https:\/\/schema.org","@graph":[{"@type":"WebPage","@id":"https:\/\/stalovers.pl\/domy\/seria-o\/","url":"https:\/\/stalovers.pl\/domy\/seria-o\/","name":"Serie O - leichte und moderne Stahlh\u00e4user","isPartOf":{"@id":"https:\/\/stalovers.pl\/#website"},"primaryImageOfPage":{"@id":"https:\/\/stalovers.pl\/domy\/seria-o\/#primaryimage"},"image":{"@id":"https:\/\/stalovers.pl\/domy\/seria-o\/#primaryimage"},"thumbnailUrl":"https:\/\/stalovers.pl\/wp-content\/uploads\/2025\/11\/Projekt-bez-nazwy-2.jpg","datePublished":"2024-08-14T14:17:13+00:00","dateModified":"2026-04-02T08:18:19+00:00","description":"Die Serie O umfasst moderne und energieeffiziente Stahlh\u00e4user mit einfacher und funktionaler Architektur. Langlebige Stahlkonstruktion.","breadcrumb":{"@id":"https:\/\/stalovers.pl\/domy\/seria-o\/#breadcrumb"},"inLanguage":"de","potentialAction":[{"@type":"ReadAction","target":["https:\/\/stalovers.pl\/domy\/seria-o\/"]}]},{"@type":"ImageObject","inLanguage":"de","@id":"https:\/\/stalovers.pl\/domy\/seria-o\/#primaryimage","url":"https:\/\/stalovers.pl\/wp-content\/uploads\/2025\/11\/Projekt-bez-nazwy-2.jpg","contentUrl":"https:\/\/stalovers.pl\/wp-content\/uploads\/2025\/11\/Projekt-bez-nazwy-2.jpg","width":1200,"height":675},{"@type":"BreadcrumbList","@id":"https:\/\/stalovers.pl\/domy\/seria-o\/#breadcrumb","itemListElement":[{"@type":"ListItem","position":1,"name":"Strona g\u0142\u00f3wna","item":"https:\/\/stalovers.pl\/"},{"@type":"ListItem","position":2,"name":"Domy","item":"https:\/\/stalovers.pl\/domy\/"},{"@type":"ListItem","position":3,"name":"Seria O"}]},{"@type":"WebSite","@id":"https:\/\/stalovers.pl\/#website","url":"https:\/\/stalovers.pl\/","name":"Stalovers","description":"Stahlhausfabrik - moderne H\u00e4user und Hallen","publisher":{"@id":"https:\/\/stalovers.pl\/#organization"},"potentialAction":[{"@type":"SearchAction","target":{"@type":"EntryPoint","urlTemplate":"https:\/\/stalovers.pl\/?s={search_term_string}"},"query-input":{"@type":"PropertyValueSpecification","valueRequired":true,"valueName":"search_term_string"}}],"inLanguage":"de"},{"@type":"Organization","@id":"https:\/\/stalovers.pl\/#organization","name":"Stalovers","url":"https:\/\/stalovers.pl\/","logo":{"@type":"ImageObject","inLanguage":"de","@id":"https:\/\/stalovers.pl\/#\/schema\/logo\/image\/","url":"","contentUrl":"","caption":"Stalovers"},"image":{"@id":"https:\/\/stalovers.pl\/#\/schema\/logo\/image\/"}}]}},"_links":{"self":[{"href":"https:\/\/stalovers.pl\/de\/wp-json\/wp\/v2\/pages\/390","targetHints":{"allow":["GET"]}}],"collection":[{"href":"https:\/\/stalovers.pl\/de\/wp-json\/wp\/v2\/pages"}],"about":[{"href":"https:\/\/stalovers.pl\/de\/wp-json\/wp\/v2\/types\/page"}],"author":[{"embeddable":true,"href":"https:\/\/stalovers.pl\/de\/wp-json\/wp\/v2\/users\/1"}],"replies":[{"embeddable":true,"href":"https:\/\/stalovers.pl\/de\/wp-json\/wp\/v2\/comments?post=390"}],"version-history":[{"count":1,"href":"https:\/\/stalovers.pl\/de\/wp-json\/wp\/v2\/pages\/390\/revisions"}],"predecessor-version":[{"id":5338,"href":"https:\/\/stalovers.pl\/de\/wp-json\/wp\/v2\/pages\/390\/revisions\/5338"}],"up":[{"embeddable":true,"href":"https:\/\/stalovers.pl\/de\/wp-json\/wp\/v2\/pages\/207"}],"wp:featuredmedia":[{"embeddable":true,"href":"https:\/\/stalovers.pl\/de\/wp-json\/wp\/v2\/media\/4968"}],"wp:attachment":[{"href":"https:\/\/stalovers.pl\/de\/wp-json\/wp\/v2\/media?parent=390"}],"curies":[{"name":"wp","href":"https:\/\/api.w.org\/{rel}","templated":true}]}}