{"id":376,"date":"2024-08-14T14:05:36","date_gmt":"2024-08-14T14:05:36","guid":{"rendered":"https:\/\/stalovers.pl\/?page_id=376"},"modified":"2026-03-03T11:44:17","modified_gmt":"2026-03-03T11:44:17","slug":"l-serie","status":"publish","type":"page","link":"https:\/\/stalovers.pl\/de\/hauser\/l-serie\/","title":{"rendered":"Serie L"},"content":{"rendered":"<div class=\"breadcrumbs\"><nav aria-label=\"Brotkr\u00fcmel\" class=\"breadcrumb-container\"><ol class=\"breadcrumb\"><li class=\"breadcrumb-item\"><a href=\"https:\/\/stalovers.pl\/de\"><i class=\"fas fa-home\"><\/i> Startseite<\/a><\/li><\/ol><\/nav><\/div>\n\n\r\n\r\n<h1 class=\"section-title\">Serie L<\/h1>\r\n<p class=\"section-description\"><\/p>\r\n<div class=\"row g-4\">\r\n            <a href=\"\/de\/hauser\/l-serie\/haushalt-l1\/\" class=\"col-12 col-md-6 col-lg-4\">\r\n        <div class=\"card\">\r\n            <div class=\"card-header p-0\">\r\n                                                <img decoding=\"async\" src=\"https:\/\/stalovers.pl\/wp-content\/uploads\/2024\/08\/nowoczesny-dom-z-drewnianym-wykonczeniem-otoczony-zielenia-i-ogrodem-rower-na-podjezdzie-latem.webp\" alt=\"Modernes Haus mit Holzverkleidung, umgeben von Gr\u00fcn und Garten, Fahrrad auf der Einfahrt, im Sommer.\"\r\n                    class=\"w-100\" \/>\r\n                            <\/div>\r\n            <div class=\"card-body\">\r\n                <h5 class=\"card-title\">L1<\/h5>\r\n                <p class=\"card-text\"><p><em>Ein modernes, einst\u00f6ckiges Haus mit einer eleganten Fassade mit Holzeinlagen und gro\u00dfen Fenstern, die f\u00fcr viel Licht im Inneren sorgen. Die Kombination aus nat\u00fcrlichen Materialien und minimalistischem Stil schafft eine ger\u00e4umige und gem\u00fctliche Atmosph\u00e4re.<\/em><\/p>\n<\/p>\r\n            <\/div>\r\n        <\/div>\r\n    <\/a>\r\n        <a href=\"\/de\/hauser\/l-serie\/haus-l2\/\" class=\"col-12 col-md-6 col-lg-4\">\r\n        <div class=\"card\">\r\n            <div class=\"card-header p-0\">\r\n                                                <img decoding=\"async\" src=\"https:\/\/stalovers.pl\/wp-content\/uploads\/2024\/08\/nowoczesny-dom-jednorodzinny-z-garazem-i-samochodem-na-podjezdzie-otoczony-zielenia-i-drzewami.webp\" alt=\"Modernes freistehendes Haus mit Garage und Auto auf der Auffahrt, umgeben von Gr\u00fcn und B\u00e4umen.\"\r\n                    class=\"w-100\" \/>\r\n                            <\/div>\r\n            <div class=\"card-body\">\r\n                <h5 class=\"card-title\">L2<\/h5>\r\n                <p class=\"card-text\"><p><em>Ein Haus mit klassischem Korpus und H\u00fcllendach, das traditionelles Design mit Funktionalit\u00e4t verbindet. Die schlichte Form, die elegante Architektur und die komfortable Raumaufteilung schaffen einen idealen Ort zum Leben.<\/em><\/p>\n<\/p>\r\n            <\/div>\r\n        <\/div>\r\n    <\/a>\r\n        <a href=\"\/de\/hauser\/l-serie\/l3-haus\/\" class=\"col-12 col-md-6 col-lg-4\">\r\n        <div class=\"card\">\r\n            <div class=\"card-header p-0\">\r\n                                                <img decoding=\"async\" src=\"https:\/\/stalovers.pl\/wp-content\/uploads\/2026\/03\/Front.jpg\" alt=\"\"\r\n                    class=\"w-100\" \/>\r\n                            <\/div>\r\n            <div class=\"card-body\">\r\n                <h5 class=\"card-title\">L3<\/h5>\r\n                <p class=\"card-text\"><p><em>Ein modernes und funktionelles eingeschossiges Haus mit Satteldach, das f\u00fcr das komfortable Wohnen eines Paares oder einer 2+1-Familie konzipiert ist. Ein einfacher Bauk\u00f6rper in Verbindung mit einer durchdachten Raumaufteilung macht das Haus sowohl wirtschaftlich als auch komfortabel in der t\u00e4glichen Nutzung.<\/em><\/p>\n<\/p>\r\n            <\/div>\r\n        <\/div>\r\n    <\/a>\r\n        <\/div>\n\n\n<p><\/p>","protected":false},"excerpt":{"rendered":"<p>Die L-Serie sind moderne und ger\u00e4umige Stahlh\u00e4user, die ideal f\u00fcr Familien sind. Energieeffiziente, langlebige und schnell zu bauende Designs.<\/p>","protected":false},"author":1,"featured_media":1663,"parent":207,"menu_order":0,"comment_status":"closed","ping_status":"closed","template":"page-templates\/houses.php","meta":{"_acf_changed":false,"footnotes":""},"class_list":["post-376","page","type-page","status-publish","has-post-thumbnail","hentry"],"acf":[],"yoast_head":"<!-- This site is optimized with the Yoast SEO plugin v26.5 - https:\/\/yoast.com\/wordpress\/plugins\/seo\/ -->\n<title>Seria L \u2013 nowoczesne domy stalowe o du\u017cej przestrzeni<\/title>\n<meta name=\"description\" content=\"Seria L to nowoczesne i przestronne domy stalowe idealne dla rodzin. Energooszcz\u0119dne, trwa\u0142e i szybkie w budowie projekty.\" \/>\n<meta name=\"robots\" content=\"index, follow, max-snippet:-1, max-image-preview:large, max-video-preview:-1\" \/>\n<link rel=\"canonical\" href=\"https:\/\/stalovers.pl\/de\/hauser\/l-serie\/\" \/>\n<meta property=\"og:locale\" content=\"de_DE\" \/>\n<meta property=\"og:type\" content=\"article\" \/>\n<meta property=\"og:title\" content=\"Seria L \u2013 nowoczesne domy stalowe o du\u017cej przestrzeni\" \/>\n<meta property=\"og:description\" content=\"Seria L to nowoczesne i przestronne domy stalowe idealne dla rodzin. Energooszcz\u0119dne, trwa\u0142e i szybkie w budowie projekty.\" \/>\n<meta property=\"og:url\" content=\"https:\/\/stalovers.pl\/de\/hauser\/l-serie\/\" \/>\n<meta property=\"og:site_name\" content=\"Stalovers\" \/>\n<meta property=\"article:modified_time\" content=\"2026-03-03T11:44:17+00:00\" \/>\n<meta property=\"og:image\" content=\"https:\/\/stalovers.pl\/wp-content\/uploads\/2025\/04\/jednopietrowy-dom-z-drewnianymi-elementami-wsrod-zielonego-ogrodu-otoczony-kwiatami-i-trawnikiem-w-sloneczny-dzien-1.webp\" \/>\n\t<meta property=\"og:image:width\" content=\"1920\" \/>\n\t<meta property=\"og:image:height\" content=\"1080\" \/>\n\t<meta property=\"og:image:type\" content=\"image\/webp\" \/>\n<meta name=\"twitter:card\" content=\"summary_large_image\" \/>\n<meta name=\"twitter:label1\" content=\"Gesch\u00e4tzte Lesezeit\" \/>\n\t<meta name=\"twitter:data1\" content=\"1\u00a0Minute\" \/>\n<script type=\"application\/ld+json\" class=\"yoast-schema-graph\">{\"@context\":\"https:\/\/schema.org\",\"@graph\":[{\"@type\":\"WebPage\",\"@id\":\"https:\/\/stalovers.pl\/domy\/seria-l\/\",\"url\":\"https:\/\/stalovers.pl\/domy\/seria-l\/\",\"name\":\"Seria L \u2013 nowoczesne domy stalowe o du\u017cej przestrzeni\",\"isPartOf\":{\"@id\":\"https:\/\/stalovers.pl\/#website\"},\"primaryImageOfPage\":{\"@id\":\"https:\/\/stalovers.pl\/domy\/seria-l\/#primaryimage\"},\"image\":{\"@id\":\"https:\/\/stalovers.pl\/domy\/seria-l\/#primaryimage\"},\"thumbnailUrl\":\"https:\/\/stalovers.pl\/wp-content\/uploads\/2025\/04\/jednopietrowy-dom-z-drewnianymi-elementami-wsrod-zielonego-ogrodu-otoczony-kwiatami-i-trawnikiem-w-sloneczny-dzien-1.webp\",\"datePublished\":\"2024-08-14T14:05:36+00:00\",\"dateModified\":\"2026-03-03T11:44:17+00:00\",\"description\":\"Seria L to nowoczesne i przestronne domy stalowe idealne dla rodzin. Energooszcz\u0119dne, trwa\u0142e i szybkie w budowie projekty.\",\"breadcrumb\":{\"@id\":\"https:\/\/stalovers.pl\/domy\/seria-l\/#breadcrumb\"},\"inLanguage\":\"de\",\"potentialAction\":[{\"@type\":\"ReadAction\",\"target\":[\"https:\/\/stalovers.pl\/domy\/seria-l\/\"]}]},{\"@type\":\"ImageObject\",\"inLanguage\":\"de\",\"@id\":\"https:\/\/stalovers.pl\/domy\/seria-l\/#primaryimage\",\"url\":\"https:\/\/stalovers.pl\/wp-content\/uploads\/2025\/04\/jednopietrowy-dom-z-drewnianymi-elementami-wsrod-zielonego-ogrodu-otoczony-kwiatami-i-trawnikiem-w-sloneczny-dzien-1.webp\",\"contentUrl\":\"https:\/\/stalovers.pl\/wp-content\/uploads\/2025\/04\/jednopietrowy-dom-z-drewnianymi-elementami-wsrod-zielonego-ogrodu-otoczony-kwiatami-i-trawnikiem-w-sloneczny-dzien-1.webp\",\"width\":1920,\"height\":1080,\"caption\":\"Jednopi\u0119trowy dom z drewnianymi elementami w\u015br\u00f3d zielonego ogrodu, otoczony kwiatami i trawnikiem w s\u0142oneczny dzie\u0144.\"},{\"@type\":\"BreadcrumbList\",\"@id\":\"https:\/\/stalovers.pl\/domy\/seria-l\/#breadcrumb\",\"itemListElement\":[{\"@type\":\"ListItem\",\"position\":1,\"name\":\"Strona g\u0142\u00f3wna\",\"item\":\"https:\/\/stalovers.pl\/\"},{\"@type\":\"ListItem\",\"position\":2,\"name\":\"Domy\",\"item\":\"https:\/\/stalovers.pl\/domy\/\"},{\"@type\":\"ListItem\",\"position\":3,\"name\":\"Seria L\"}]},{\"@type\":\"WebSite\",\"@id\":\"https:\/\/stalovers.pl\/#website\",\"url\":\"https:\/\/stalovers.pl\/\",\"name\":\"Stalovers\",\"description\":\"Fabryka dom\u00f3w stalowych \u2013 nowoczesne domy i hale\",\"publisher\":{\"@id\":\"https:\/\/stalovers.pl\/#organization\"},\"potentialAction\":[{\"@type\":\"SearchAction\",\"target\":{\"@type\":\"EntryPoint\",\"urlTemplate\":\"https:\/\/stalovers.pl\/?s={search_term_string}\"},\"query-input\":{\"@type\":\"PropertyValueSpecification\",\"valueRequired\":true,\"valueName\":\"search_term_string\"}}],\"inLanguage\":\"de\"},{\"@type\":\"Organization\",\"@id\":\"https:\/\/stalovers.pl\/#organization\",\"name\":\"Stalovers\",\"url\":\"https:\/\/stalovers.pl\/\",\"logo\":{\"@type\":\"ImageObject\",\"inLanguage\":\"de\",\"@id\":\"https:\/\/stalovers.pl\/#\/schema\/logo\/image\/\",\"url\":\"\",\"contentUrl\":\"\",\"caption\":\"Stalovers\"},\"image\":{\"@id\":\"https:\/\/stalovers.pl\/#\/schema\/logo\/image\/\"}}]}<\/script>\n<!-- \/ Yoast SEO plugin. -->","yoast_head_json":{"title":"Serie L - moderne Stahlh\u00e4user mit viel Platz","description":"Die L-Serie sind moderne und ger\u00e4umige Stahlh\u00e4user, die ideal f\u00fcr Familien sind. Energieeffiziente, langlebige und schnell zu bauende Designs.","robots":{"index":"index","follow":"follow","max-snippet":"max-snippet:-1","max-image-preview":"max-image-preview:large","max-video-preview":"max-video-preview:-1"},"canonical":"https:\/\/stalovers.pl\/de\/hauser\/l-serie\/","og_locale":"de_DE","og_type":"article","og_title":"Seria L \u2013 nowoczesne domy stalowe o du\u017cej przestrzeni","og_description":"Seria L to nowoczesne i przestronne domy stalowe idealne dla rodzin. Energooszcz\u0119dne, trwa\u0142e i szybkie w budowie projekty.","og_url":"https:\/\/stalovers.pl\/de\/hauser\/l-serie\/","og_site_name":"Stalovers","article_modified_time":"2026-03-03T11:44:17+00:00","og_image":[{"width":1920,"height":1080,"url":"https:\/\/stalovers.pl\/wp-content\/uploads\/2025\/04\/jednopietrowy-dom-z-drewnianymi-elementami-wsrod-zielonego-ogrodu-otoczony-kwiatami-i-trawnikiem-w-sloneczny-dzien-1.webp","type":"image\/webp"}],"twitter_card":"summary_large_image","twitter_misc":{"Gesch\u00e4tzte Lesezeit":"1\u00a0Minute"},"schema":{"@context":"https:\/\/schema.org","@graph":[{"@type":"WebPage","@id":"https:\/\/stalovers.pl\/domy\/seria-l\/","url":"https:\/\/stalovers.pl\/domy\/seria-l\/","name":"Serie L - moderne Stahlh\u00e4user mit viel Platz","isPartOf":{"@id":"https:\/\/stalovers.pl\/#website"},"primaryImageOfPage":{"@id":"https:\/\/stalovers.pl\/domy\/seria-l\/#primaryimage"},"image":{"@id":"https:\/\/stalovers.pl\/domy\/seria-l\/#primaryimage"},"thumbnailUrl":"https:\/\/stalovers.pl\/wp-content\/uploads\/2025\/04\/jednopietrowy-dom-z-drewnianymi-elementami-wsrod-zielonego-ogrodu-otoczony-kwiatami-i-trawnikiem-w-sloneczny-dzien-1.webp","datePublished":"2024-08-14T14:05:36+00:00","dateModified":"2026-03-03T11:44:17+00:00","description":"Die L-Serie sind moderne und ger\u00e4umige Stahlh\u00e4user, die ideal f\u00fcr Familien sind. Energieeffiziente, langlebige und schnell zu bauende Designs.","breadcrumb":{"@id":"https:\/\/stalovers.pl\/domy\/seria-l\/#breadcrumb"},"inLanguage":"de","potentialAction":[{"@type":"ReadAction","target":["https:\/\/stalovers.pl\/domy\/seria-l\/"]}]},{"@type":"ImageObject","inLanguage":"de","@id":"https:\/\/stalovers.pl\/domy\/seria-l\/#primaryimage","url":"https:\/\/stalovers.pl\/wp-content\/uploads\/2025\/04\/jednopietrowy-dom-z-drewnianymi-elementami-wsrod-zielonego-ogrodu-otoczony-kwiatami-i-trawnikiem-w-sloneczny-dzien-1.webp","contentUrl":"https:\/\/stalovers.pl\/wp-content\/uploads\/2025\/04\/jednopietrowy-dom-z-drewnianymi-elementami-wsrod-zielonego-ogrodu-otoczony-kwiatami-i-trawnikiem-w-sloneczny-dzien-1.webp","width":1920,"height":1080,"caption":"Jednopi\u0119trowy dom z drewnianymi elementami w\u015br\u00f3d zielonego ogrodu, otoczony kwiatami i trawnikiem w s\u0142oneczny dzie\u0144."},{"@type":"BreadcrumbList","@id":"https:\/\/stalovers.pl\/domy\/seria-l\/#breadcrumb","itemListElement":[{"@type":"ListItem","position":1,"name":"Strona g\u0142\u00f3wna","item":"https:\/\/stalovers.pl\/"},{"@type":"ListItem","position":2,"name":"Domy","item":"https:\/\/stalovers.pl\/domy\/"},{"@type":"ListItem","position":3,"name":"Seria L"}]},{"@type":"WebSite","@id":"https:\/\/stalovers.pl\/#website","url":"https:\/\/stalovers.pl\/","name":"Stalovers","description":"Stahlhausfabrik - moderne H\u00e4user und Hallen","publisher":{"@id":"https:\/\/stalovers.pl\/#organization"},"potentialAction":[{"@type":"SearchAction","target":{"@type":"EntryPoint","urlTemplate":"https:\/\/stalovers.pl\/?s={search_term_string}"},"query-input":{"@type":"PropertyValueSpecification","valueRequired":true,"valueName":"search_term_string"}}],"inLanguage":"de"},{"@type":"Organization","@id":"https:\/\/stalovers.pl\/#organization","name":"Stalovers","url":"https:\/\/stalovers.pl\/","logo":{"@type":"ImageObject","inLanguage":"de","@id":"https:\/\/stalovers.pl\/#\/schema\/logo\/image\/","url":"","contentUrl":"","caption":"Stalovers"},"image":{"@id":"https:\/\/stalovers.pl\/#\/schema\/logo\/image\/"}}]}},"_links":{"self":[{"href":"https:\/\/stalovers.pl\/de\/wp-json\/wp\/v2\/pages\/376","targetHints":{"allow":["GET"]}}],"collection":[{"href":"https:\/\/stalovers.pl\/de\/wp-json\/wp\/v2\/pages"}],"about":[{"href":"https:\/\/stalovers.pl\/de\/wp-json\/wp\/v2\/types\/page"}],"author":[{"embeddable":true,"href":"https:\/\/stalovers.pl\/de\/wp-json\/wp\/v2\/users\/1"}],"replies":[{"embeddable":true,"href":"https:\/\/stalovers.pl\/de\/wp-json\/wp\/v2\/comments?post=376"}],"version-history":[{"count":2,"href":"https:\/\/stalovers.pl\/de\/wp-json\/wp\/v2\/pages\/376\/revisions"}],"predecessor-version":[{"id":5285,"href":"https:\/\/stalovers.pl\/de\/wp-json\/wp\/v2\/pages\/376\/revisions\/5285"}],"up":[{"embeddable":true,"href":"https:\/\/stalovers.pl\/de\/wp-json\/wp\/v2\/pages\/207"}],"wp:featuredmedia":[{"embeddable":true,"href":"https:\/\/stalovers.pl\/de\/wp-json\/wp\/v2\/media\/1663"}],"wp:attachment":[{"href":"https:\/\/stalovers.pl\/de\/wp-json\/wp\/v2\/media?parent=376"}],"curies":[{"name":"wp","href":"https:\/\/api.w.org\/{rel}","templated":true}]}}