{"id":339,"date":"2024-08-14T13:38:41","date_gmt":"2024-08-14T13:38:41","guid":{"rendered":"https:\/\/stalovers.pl\/?page_id=339"},"modified":"2025-12-03T11:42:28","modified_gmt":"2025-12-03T11:42:28","slug":"t-serie","status":"publish","type":"page","link":"https:\/\/stalovers.pl\/de\/hauser\/t-serie\/","title":{"rendered":"T-Serie"},"content":{"rendered":"<div class=\"breadcrumbs\"><nav aria-label=\"Brotkr\u00fcmel\" class=\"breadcrumb-container\"><ol class=\"breadcrumb\"><li class=\"breadcrumb-item\"><a href=\"https:\/\/stalovers.pl\/de\"><i class=\"fas fa-home\"><\/i> Startseite<\/a><\/li><\/ol><\/nav><\/div>\n\n\r\n\r\n<h1 class=\"section-title\">T-Serie<\/h1>\r\n<p class=\"section-description\"><\/p>\r\n<div class=\"row g-4\">\r\n            <a href=\"\/de\/hauser\/t-serie\/haus-t1\/\" class=\"col-12 col-md-6 col-lg-4\">\r\n        <div class=\"card\">\r\n            <div class=\"card-header p-0\">\r\n                                                <img decoding=\"async\" src=\"https:\/\/stalovers.pl\/wp-content\/uploads\/2024\/08\/nowoczesny-dom-jednorodzinny-z-bialymi-scianami-i-samochodem-na-podjezdzie-otoczony-zielenia-i-drzewami.jpg\" alt=\"Modernes, freistehendes Haus mit wei\u00dfen W\u00e4nden und einem Auto auf der Auffahrt, umgeben von Gr\u00fcnfl\u00e4chen und B\u00e4umen.\"\r\n                    class=\"w-100\" \/>\r\n                            <\/div>\r\n            <div class=\"card-body\">\r\n                <h5 class=\"card-title\">T1<\/h5>\r\n                <p class=\"card-text\"><p><em>Ein klassisches Haus mit einem traditionellen Dach, das Eleganz mit zeitloser Schlichtheit verbindet. Eine ideale Wahl f\u00fcr alle, die Wert auf traditionelles Design und Funktionalit\u00e4t legen.<\/em><\/p>\n<\/p>\r\n            <\/div>\r\n        <\/div>\r\n    <\/a>\r\n        <\/div>","protected":false},"excerpt":{"rendered":"<p>Einfache, funktionale Stahlh\u00e4user f\u00fcr Menschen, die Minimalismus und energieeffiziente L\u00f6sungen sch\u00e4tzen. Sehen Sie sich die Projekte der Serie an.<\/p>","protected":false},"author":1,"featured_media":2557,"parent":207,"menu_order":0,"comment_status":"closed","ping_status":"closed","template":"page-templates\/houses.php","meta":{"_acf_changed":false,"footnotes":""},"class_list":["post-339","page","type-page","status-publish","has-post-thumbnail","hentry"],"acf":[],"yoast_head":"<!-- This site is optimized with the Yoast SEO plugin v26.5 - https:\/\/yoast.com\/wordpress\/plugins\/seo\/ -->\n<title>Seria T \u2013 nowoczesne domy stalowe o prostej formie<\/title>\n<meta name=\"description\" content=\"Proste, funkcjonalne domy stalowe stworzone dla os\u00f3b ceni\u0105cych minimalizm i energooszcz\u0119dne rozwi\u0105zania. Sprawd\u017a projekty z serii.\" \/>\n<meta name=\"robots\" content=\"index, follow, max-snippet:-1, max-image-preview:large, max-video-preview:-1\" \/>\n<link rel=\"canonical\" href=\"https:\/\/stalovers.pl\/de\/hauser\/t-serie\/\" \/>\n<meta property=\"og:locale\" content=\"de_DE\" \/>\n<meta property=\"og:type\" content=\"article\" \/>\n<meta property=\"og:title\" content=\"Seria T \u2013 nowoczesne domy stalowe o prostej formie\" \/>\n<meta property=\"og:description\" content=\"Proste, funkcjonalne domy stalowe stworzone dla os\u00f3b ceni\u0105cych minimalizm i energooszcz\u0119dne rozwi\u0105zania. Sprawd\u017a projekty z serii.\" \/>\n<meta property=\"og:url\" content=\"https:\/\/stalovers.pl\/de\/hauser\/t-serie\/\" \/>\n<meta property=\"og:site_name\" content=\"Stalovers\" \/>\n<meta property=\"article:modified_time\" content=\"2025-12-03T11:42:28+00:00\" \/>\n<meta property=\"og:image\" content=\"https:\/\/stalovers.pl\/wp-content\/uploads\/2025\/04\/nowoczesny-bialy-dom-z-duzymi-oknami-w-otoczeniu-zieleni-z-zaparkowanym-bialym-samochodem-na-podjezdzie-1.jpg\" \/>\n\t<meta property=\"og:image:width\" content=\"1920\" \/>\n\t<meta property=\"og:image:height\" content=\"1080\" \/>\n\t<meta property=\"og:image:type\" content=\"image\/jpeg\" \/>\n<meta name=\"twitter:card\" content=\"summary_large_image\" \/>\n<meta name=\"twitter:label1\" content=\"Gesch\u00e4tzte Lesezeit\" \/>\n\t<meta name=\"twitter:data1\" content=\"1\u00a0Minute\" \/>\n<script type=\"application\/ld+json\" class=\"yoast-schema-graph\">{\"@context\":\"https:\/\/schema.org\",\"@graph\":[{\"@type\":\"WebPage\",\"@id\":\"https:\/\/stalovers.pl\/domy\/seria-t\/\",\"url\":\"https:\/\/stalovers.pl\/domy\/seria-t\/\",\"name\":\"Seria T \u2013 nowoczesne domy stalowe o prostej formie\",\"isPartOf\":{\"@id\":\"https:\/\/stalovers.pl\/#website\"},\"primaryImageOfPage\":{\"@id\":\"https:\/\/stalovers.pl\/domy\/seria-t\/#primaryimage\"},\"image\":{\"@id\":\"https:\/\/stalovers.pl\/domy\/seria-t\/#primaryimage\"},\"thumbnailUrl\":\"https:\/\/stalovers.pl\/wp-content\/uploads\/2025\/04\/nowoczesny-bialy-dom-z-duzymi-oknami-w-otoczeniu-zieleni-z-zaparkowanym-bialym-samochodem-na-podjezdzie-1.jpg\",\"datePublished\":\"2024-08-14T13:38:41+00:00\",\"dateModified\":\"2025-12-03T11:42:28+00:00\",\"description\":\"Proste, funkcjonalne domy stalowe stworzone dla os\u00f3b ceni\u0105cych minimalizm i energooszcz\u0119dne rozwi\u0105zania. Sprawd\u017a projekty z serii.\",\"breadcrumb\":{\"@id\":\"https:\/\/stalovers.pl\/domy\/seria-t\/#breadcrumb\"},\"inLanguage\":\"de\",\"potentialAction\":[{\"@type\":\"ReadAction\",\"target\":[\"https:\/\/stalovers.pl\/domy\/seria-t\/\"]}]},{\"@type\":\"ImageObject\",\"inLanguage\":\"de\",\"@id\":\"https:\/\/stalovers.pl\/domy\/seria-t\/#primaryimage\",\"url\":\"https:\/\/stalovers.pl\/wp-content\/uploads\/2025\/04\/nowoczesny-bialy-dom-z-duzymi-oknami-w-otoczeniu-zieleni-z-zaparkowanym-bialym-samochodem-na-podjezdzie-1.jpg\",\"contentUrl\":\"https:\/\/stalovers.pl\/wp-content\/uploads\/2025\/04\/nowoczesny-bialy-dom-z-duzymi-oknami-w-otoczeniu-zieleni-z-zaparkowanym-bialym-samochodem-na-podjezdzie-1.jpg\",\"width\":1920,\"height\":1080,\"caption\":\"Nowoczesny, bia\u0142y dom z du\u017cymi oknami, w otoczeniu zieleni, z zaparkowanym bia\u0142ym samochodem na podje\u017adzie.\"},{\"@type\":\"BreadcrumbList\",\"@id\":\"https:\/\/stalovers.pl\/domy\/seria-t\/#breadcrumb\",\"itemListElement\":[{\"@type\":\"ListItem\",\"position\":1,\"name\":\"Strona g\u0142\u00f3wna\",\"item\":\"https:\/\/stalovers.pl\/\"},{\"@type\":\"ListItem\",\"position\":2,\"name\":\"Domy\",\"item\":\"https:\/\/stalovers.pl\/domy\/\"},{\"@type\":\"ListItem\",\"position\":3,\"name\":\"Seria T\"}]},{\"@type\":\"WebSite\",\"@id\":\"https:\/\/stalovers.pl\/#website\",\"url\":\"https:\/\/stalovers.pl\/\",\"name\":\"Stalovers\",\"description\":\"Fabryka dom\u00f3w stalowych \u2013 nowoczesne domy i hale\",\"publisher\":{\"@id\":\"https:\/\/stalovers.pl\/#organization\"},\"potentialAction\":[{\"@type\":\"SearchAction\",\"target\":{\"@type\":\"EntryPoint\",\"urlTemplate\":\"https:\/\/stalovers.pl\/?s={search_term_string}\"},\"query-input\":{\"@type\":\"PropertyValueSpecification\",\"valueRequired\":true,\"valueName\":\"search_term_string\"}}],\"inLanguage\":\"de\"},{\"@type\":\"Organization\",\"@id\":\"https:\/\/stalovers.pl\/#organization\",\"name\":\"Stalovers\",\"url\":\"https:\/\/stalovers.pl\/\",\"logo\":{\"@type\":\"ImageObject\",\"inLanguage\":\"de\",\"@id\":\"https:\/\/stalovers.pl\/#\/schema\/logo\/image\/\",\"url\":\"\",\"contentUrl\":\"\",\"caption\":\"Stalovers\"},\"image\":{\"@id\":\"https:\/\/stalovers.pl\/#\/schema\/logo\/image\/\"}}]}<\/script>\n<!-- \/ Yoast SEO plugin. -->","yoast_head_json":{"title":"Serie T - moderne Stahlh\u00e4user mit einfachem Design","description":"Einfache, funktionale Stahlh\u00e4user f\u00fcr Menschen, die Minimalismus und energieeffiziente L\u00f6sungen sch\u00e4tzen. Sehen Sie sich die Projekte der Serie an.","robots":{"index":"index","follow":"follow","max-snippet":"max-snippet:-1","max-image-preview":"max-image-preview:large","max-video-preview":"max-video-preview:-1"},"canonical":"https:\/\/stalovers.pl\/de\/hauser\/t-serie\/","og_locale":"de_DE","og_type":"article","og_title":"Seria T \u2013 nowoczesne domy stalowe o prostej formie","og_description":"Proste, funkcjonalne domy stalowe stworzone dla os\u00f3b ceni\u0105cych minimalizm i energooszcz\u0119dne rozwi\u0105zania. Sprawd\u017a projekty z serii.","og_url":"https:\/\/stalovers.pl\/de\/hauser\/t-serie\/","og_site_name":"Stalovers","article_modified_time":"2025-12-03T11:42:28+00:00","og_image":[{"width":1920,"height":1080,"url":"https:\/\/stalovers.pl\/wp-content\/uploads\/2025\/04\/nowoczesny-bialy-dom-z-duzymi-oknami-w-otoczeniu-zieleni-z-zaparkowanym-bialym-samochodem-na-podjezdzie-1.jpg","type":"image\/jpeg"}],"twitter_card":"summary_large_image","twitter_misc":{"Gesch\u00e4tzte Lesezeit":"1\u00a0Minute"},"schema":{"@context":"https:\/\/schema.org","@graph":[{"@type":"WebPage","@id":"https:\/\/stalovers.pl\/domy\/seria-t\/","url":"https:\/\/stalovers.pl\/domy\/seria-t\/","name":"Serie T - moderne Stahlh\u00e4user mit einfachem Design","isPartOf":{"@id":"https:\/\/stalovers.pl\/#website"},"primaryImageOfPage":{"@id":"https:\/\/stalovers.pl\/domy\/seria-t\/#primaryimage"},"image":{"@id":"https:\/\/stalovers.pl\/domy\/seria-t\/#primaryimage"},"thumbnailUrl":"https:\/\/stalovers.pl\/wp-content\/uploads\/2025\/04\/nowoczesny-bialy-dom-z-duzymi-oknami-w-otoczeniu-zieleni-z-zaparkowanym-bialym-samochodem-na-podjezdzie-1.jpg","datePublished":"2024-08-14T13:38:41+00:00","dateModified":"2025-12-03T11:42:28+00:00","description":"Einfache, funktionale Stahlh\u00e4user f\u00fcr Menschen, die Minimalismus und energieeffiziente L\u00f6sungen sch\u00e4tzen. Sehen Sie sich die Projekte der Serie an.","breadcrumb":{"@id":"https:\/\/stalovers.pl\/domy\/seria-t\/#breadcrumb"},"inLanguage":"de","potentialAction":[{"@type":"ReadAction","target":["https:\/\/stalovers.pl\/domy\/seria-t\/"]}]},{"@type":"ImageObject","inLanguage":"de","@id":"https:\/\/stalovers.pl\/domy\/seria-t\/#primaryimage","url":"https:\/\/stalovers.pl\/wp-content\/uploads\/2025\/04\/nowoczesny-bialy-dom-z-duzymi-oknami-w-otoczeniu-zieleni-z-zaparkowanym-bialym-samochodem-na-podjezdzie-1.jpg","contentUrl":"https:\/\/stalovers.pl\/wp-content\/uploads\/2025\/04\/nowoczesny-bialy-dom-z-duzymi-oknami-w-otoczeniu-zieleni-z-zaparkowanym-bialym-samochodem-na-podjezdzie-1.jpg","width":1920,"height":1080,"caption":"Nowoczesny, bia\u0142y dom z du\u017cymi oknami, w otoczeniu zieleni, z zaparkowanym bia\u0142ym samochodem na podje\u017adzie."},{"@type":"BreadcrumbList","@id":"https:\/\/stalovers.pl\/domy\/seria-t\/#breadcrumb","itemListElement":[{"@type":"ListItem","position":1,"name":"Strona g\u0142\u00f3wna","item":"https:\/\/stalovers.pl\/"},{"@type":"ListItem","position":2,"name":"Domy","item":"https:\/\/stalovers.pl\/domy\/"},{"@type":"ListItem","position":3,"name":"Seria T"}]},{"@type":"WebSite","@id":"https:\/\/stalovers.pl\/#website","url":"https:\/\/stalovers.pl\/","name":"Stalovers","description":"Stahlhausfabrik - moderne H\u00e4user und Hallen","publisher":{"@id":"https:\/\/stalovers.pl\/#organization"},"potentialAction":[{"@type":"SearchAction","target":{"@type":"EntryPoint","urlTemplate":"https:\/\/stalovers.pl\/?s={search_term_string}"},"query-input":{"@type":"PropertyValueSpecification","valueRequired":true,"valueName":"search_term_string"}}],"inLanguage":"de"},{"@type":"Organization","@id":"https:\/\/stalovers.pl\/#organization","name":"Stalovers","url":"https:\/\/stalovers.pl\/","logo":{"@type":"ImageObject","inLanguage":"de","@id":"https:\/\/stalovers.pl\/#\/schema\/logo\/image\/","url":"","contentUrl":"","caption":"Stalovers"},"image":{"@id":"https:\/\/stalovers.pl\/#\/schema\/logo\/image\/"}}]}},"_links":{"self":[{"href":"https:\/\/stalovers.pl\/de\/wp-json\/wp\/v2\/pages\/339","targetHints":{"allow":["GET"]}}],"collection":[{"href":"https:\/\/stalovers.pl\/de\/wp-json\/wp\/v2\/pages"}],"about":[{"href":"https:\/\/stalovers.pl\/de\/wp-json\/wp\/v2\/types\/page"}],"author":[{"embeddable":true,"href":"https:\/\/stalovers.pl\/de\/wp-json\/wp\/v2\/users\/1"}],"replies":[{"embeddable":true,"href":"https:\/\/stalovers.pl\/de\/wp-json\/wp\/v2\/comments?post=339"}],"version-history":[{"count":1,"href":"https:\/\/stalovers.pl\/de\/wp-json\/wp\/v2\/pages\/339\/revisions"}],"predecessor-version":[{"id":5174,"href":"https:\/\/stalovers.pl\/de\/wp-json\/wp\/v2\/pages\/339\/revisions\/5174"}],"up":[{"embeddable":true,"href":"https:\/\/stalovers.pl\/de\/wp-json\/wp\/v2\/pages\/207"}],"wp:featuredmedia":[{"embeddable":true,"href":"https:\/\/stalovers.pl\/de\/wp-json\/wp\/v2\/media\/2557"}],"wp:attachment":[{"href":"https:\/\/stalovers.pl\/de\/wp-json\/wp\/v2\/media?parent=339"}],"curies":[{"name":"wp","href":"https:\/\/api.w.org\/{rel}","templated":true}]}}