{"id":3227,"date":"2025-06-16T12:07:52","date_gmt":"2025-06-16T12:07:52","guid":{"rendered":"https:\/\/stalovers.pl\/?page_id=3227"},"modified":"2025-12-02T19:57:12","modified_gmt":"2025-12-02T19:57:12","slug":"bauprozess","status":"publish","type":"page","link":"https:\/\/stalovers.pl\/de\/bauprozess\/","title":{"rendered":"Bauprozess"},"content":{"rendered":"<section class=\"instruction\">\r\n    <div class=\"container\">\r\n        <h1 class=\"section-title\">Stalovers<\/h1>\r\n        <p class=\"section-description\"> Wie Ihr Haus entsteht - Schritt f\u00fcr Schritt vom Traum zur Wirklichkeit.<\/p>\r\n        <ol>\r\n                                    <li>\r\n                <div class=\"item-inner\">\r\n                    <div class=\"time-wrapper\">\r\n                        <h3>Schritt 1 Treffen Sie uns in unserem B\u00fcro - lernen Sie uns kennen und sprechen Sie \u00fcber Ihr Zuhause<\/h3>\r\n                    <\/div>\r\n                    <div class=\"details\">\r\n                        <p>Der Prozess des Hausbaus mit Stalovers beginnt mit einem Treffen in unserem B\u00fcro. Dies ist der Zeitpunkt, an dem wir gemeinsam festlegen, welche Art von Haus Sie bauen m\u00f6chten - wir besprechen Ihre Bed\u00fcrfnisse, Erwartungen und das erste Designkonzept. W\u00e4hrend des Gespr\u00e4chs stellen wir Ihnen auch unsere firmeneigene Bautechnologie vor, die H\u00e4user schneller, solider und energieeffizienter macht. Wir zeigen Ihnen Beispiele, teilen unsere Erfahrungen und beantworten alle Ihre Fragen - so k\u00f6nnen wir von Anfang an alle Zweifel ausr\u00e4umen.<\/p>\r\n                    <\/div>\r\n                <\/div>\r\n            <\/li>\r\n                        <li>\r\n                <div class=\"item-inner\">\r\n                    <div class=\"time-wrapper\">\r\n                        <h3>Schritt 2 Besuch von Baustellen - sehen, wie es in der Praxis aussieht<\/h3>\r\n                    <\/div>\r\n                    <div class=\"details\">\r\n                        <p>Nach dem Treffen im B\u00fcro laden wir Sie zu einem Rundgang durch unsere aktuellen Investitionen ein. Dies ist eine hervorragende Gelegenheit, um mit eigenen Augen zu sehen, wie unsere Technologie in der Praxis aussieht - sowohl in der Bauphase als auch in einem fortgeschrittenen Stadium. Wir zeigen Ihnen die Details der L\u00f6sungen, das Arbeitstempo und die Qualit\u00e4t der Ausf\u00fchrung. Auf diese Weise k\u00f6nnen Sie sich ein vollst\u00e4ndigeres Bild vom gesamten Bauprozess machen und sich davon \u00fcberzeugen, dass das, wor\u00fcber wir sprechen, auch wirklich funktioniert.<\/p>\r\n                    <\/div>\r\n                <\/div>\r\n            <\/li>\r\n                        <li>\r\n                <div class=\"item-inner\">\r\n                    <div class=\"time-wrapper\">\r\n                        <h3>Schritt 3 Vertrag und Entwurf - Zeit, zur Tat zu schreiten<\/h3>\r\n                    <\/div>\r\n                    <div class=\"details\">\r\n                        <p>Sobald die Entscheidung f\u00fcr eine Zusammenarbeit gefallen ist, unterzeichnen wir einen Vertrag und kassieren eine Vorauszahlung. Von diesem Moment an beginnen wir mit der Entwurfsarbeit - unsere Architekten beginnen mit der Ausarbeitung eines individuellen Entwurfs f\u00fcr das Haus, der zur Erlangung einer Baugenehmigung dienen wird. Alles geschieht in enger Zusammenarbeit mit Ihnen, damit das endg\u00fcltige Projekt Ihren Erwartungen und formalen Anforderungen voll entspricht.<\/p>\r\n                    <\/div>\r\n                <\/div>\r\n            <\/li>\r\n                        <li>\r\n                <div class=\"item-inner\">\r\n                    <div class=\"time-wrapper\">\r\n                        <h3>Schritt 4: Einreichung des Projekts bei der Beh\u00f6rde<\/h3>\r\n                    <\/div>\r\n                    <div class=\"details\">\r\n                        <p>Nach Abschluss der Planungsarbeiten reicht der Investor das fertige Bauprojekt zusammen mit den erforderlichen Unterlagen bei der zust\u00e4ndigen Gemeinde oder Stadtverwaltung ein, um eine Baugenehmigung zu erhalten. In dieser Phase bieten wir volle Unterst\u00fctzung - wir helfen bei der Vorbereitung der Unterlagen und beantworten alle Fragen, damit das Verfahren so reibungslos wie m\u00f6glich abl\u00e4uft.<\/p>\r\n                    <\/div>\r\n                <\/div>\r\n            <\/li>\r\n                        <li>\r\n                <div class=\"item-inner\">\r\n                    <div class=\"time-wrapper\">\r\n                        <h3>Schritt 5 Baubeginn - \u00dcbergabe des Baugrundst\u00fccks<\/h3>\r\n                    <\/div>\r\n                    <div class=\"details\">\r\n                        <p>Sobald die Baugenehmigung erteilt ist, informiert uns der Bautr\u00e4ger \u00fcber die Entscheidung der Beh\u00f6rde. Wir legen dann gemeinsam einen Termin f\u00fcr die \u00dcbergabe der Baustelle fest und bereiten den Beginn der Arbeiten vor. Von diesem Zeitpunkt an betreten wir die Baustelle und beginnen mit der Umsetzung - entsprechend dem genehmigten Entwurf und dem vereinbarten Zeitplan.<\/p>\r\n                    <\/div>\r\n                <\/div>\r\n            <\/li>\r\n                        <li>\r\n                <div class=\"item-inner\">\r\n                    <div class=\"time-wrapper\">\r\n                        <h3>Schritt 6 Baufortschritt - das Haus w\u00e4chst vor Ihren Augen<\/h3>\r\n                    <\/div>\r\n                    <div class=\"details\">\r\n                        <p>Schon jetzt k\u00f6nnen die Investoren in Ruhe zusehen, wie ihr Traumhaus in nur drei Monaten im Rohbau entsteht. Dank unserer bew\u00e4hrten Technik und unseres eingespielten Teams gehen die Arbeiten schnell, pr\u00e4zise und planm\u00e4\u00dfig voran. Wir berichten regelm\u00e4\u00dfig \u00fcber den Baufortschritt, und jede Woche bringt Sie dem eigenen Haus ein St\u00fcck n\u00e4her.<\/p>\r\n                    <\/div>\r\n                <\/div>\r\n            <\/li>\r\n                                <\/ol>\r\n    <\/div>\r\n<\/section>","protected":false},"excerpt":{"rendered":"<p>Erfahren Sie mehr \u00fcber den schrittweisen Aufbau eines Stahlhauses - von der Planung \u00fcber den Zusammenbau bis zur Fertigstellung.<\/p>","protected":false},"author":1,"featured_media":2929,"parent":0,"menu_order":0,"comment_status":"closed","ping_status":"closed","template":"page-templates\/about-us.php","meta":{"_acf_changed":false,"footnotes":""},"class_list":["post-3227","page","type-page","status-publish","has-post-thumbnail","hentry"],"acf":[],"yoast_head":"<!-- This site is optimized with the Yoast SEO plugin v26.5 - https:\/\/yoast.com\/wordpress\/plugins\/seo\/ -->\n<title>Proces budowy domu stalowego<\/title>\n<meta name=\"description\" content=\"Poznaj proces budowy domu stalowego krok po kroku \u2014 od projektu, przez monta\u017c konstrukcji, a\u017c po wyko\u0144czenie.\" \/>\n<meta name=\"robots\" content=\"index, follow, max-snippet:-1, max-image-preview:large, max-video-preview:-1\" \/>\n<link rel=\"canonical\" href=\"https:\/\/stalovers.pl\/de\/bauprozess\/\" \/>\n<meta property=\"og:locale\" content=\"de_DE\" \/>\n<meta property=\"og:type\" content=\"article\" \/>\n<meta property=\"og:title\" content=\"Proces budowy domu stalowego\" \/>\n<meta property=\"og:description\" content=\"Poznaj proces budowy domu stalowego krok po kroku \u2014 od projektu, przez monta\u017c konstrukcji, a\u017c po wyko\u0144czenie.\" \/>\n<meta property=\"og:url\" content=\"https:\/\/stalovers.pl\/de\/bauprozess\/\" \/>\n<meta property=\"og:site_name\" content=\"Stalovers\" \/>\n<meta property=\"article:modified_time\" content=\"2025-12-02T19:57:12+00:00\" \/>\n<meta property=\"og:image\" content=\"https:\/\/stalovers.pl\/wp-content\/uploads\/2025\/04\/rama-stalowa-budynku-na-tle-nieba-prezentujaca-etap-konstrukcji-domu-jednorodzinnego-w-swietle-slonecznym-1.jpg\" \/>\n\t<meta property=\"og:image:width\" content=\"1440\" \/>\n\t<meta property=\"og:image:height\" content=\"810\" \/>\n\t<meta property=\"og:image:type\" content=\"image\/jpeg\" \/>\n<meta name=\"twitter:card\" content=\"summary_large_image\" \/>\n<meta name=\"twitter:label1\" content=\"Gesch\u00e4tzte Lesezeit\" \/>\n\t<meta name=\"twitter:data1\" content=\"1\u00a0Minute\" \/>\n<script type=\"application\/ld+json\" class=\"yoast-schema-graph\">{\"@context\":\"https:\/\/schema.org\",\"@graph\":[{\"@type\":\"WebPage\",\"@id\":\"https:\/\/stalovers.pl\/proces-budowy\/\",\"url\":\"https:\/\/stalovers.pl\/proces-budowy\/\",\"name\":\"Proces budowy domu stalowego\",\"isPartOf\":{\"@id\":\"https:\/\/stalovers.pl\/#website\"},\"primaryImageOfPage\":{\"@id\":\"https:\/\/stalovers.pl\/proces-budowy\/#primaryimage\"},\"image\":{\"@id\":\"https:\/\/stalovers.pl\/proces-budowy\/#primaryimage\"},\"thumbnailUrl\":\"https:\/\/stalovers.pl\/wp-content\/uploads\/2025\/04\/rama-stalowa-budynku-na-tle-nieba-prezentujaca-etap-konstrukcji-domu-jednorodzinnego-w-swietle-slonecznym-1.jpg\",\"datePublished\":\"2025-06-16T12:07:52+00:00\",\"dateModified\":\"2025-12-02T19:57:12+00:00\",\"description\":\"Poznaj proces budowy domu stalowego krok po kroku \u2014 od projektu, przez monta\u017c konstrukcji, a\u017c po wyko\u0144czenie.\",\"breadcrumb\":{\"@id\":\"https:\/\/stalovers.pl\/proces-budowy\/#breadcrumb\"},\"inLanguage\":\"de\",\"potentialAction\":[{\"@type\":\"ReadAction\",\"target\":[\"https:\/\/stalovers.pl\/proces-budowy\/\"]}]},{\"@type\":\"ImageObject\",\"inLanguage\":\"de\",\"@id\":\"https:\/\/stalovers.pl\/proces-budowy\/#primaryimage\",\"url\":\"https:\/\/stalovers.pl\/wp-content\/uploads\/2025\/04\/rama-stalowa-budynku-na-tle-nieba-prezentujaca-etap-konstrukcji-domu-jednorodzinnego-w-swietle-slonecznym-1.jpg\",\"contentUrl\":\"https:\/\/stalovers.pl\/wp-content\/uploads\/2025\/04\/rama-stalowa-budynku-na-tle-nieba-prezentujaca-etap-konstrukcji-domu-jednorodzinnego-w-swietle-slonecznym-1.jpg\",\"width\":1440,\"height\":810,\"caption\":\"Rama stalowa budynku na tle nieba, prezentuj\u0105ca etap konstrukcji domu jednorodzinnego w \u015bwietle s\u0142onecznym.\"},{\"@type\":\"BreadcrumbList\",\"@id\":\"https:\/\/stalovers.pl\/proces-budowy\/#breadcrumb\",\"itemListElement\":[{\"@type\":\"ListItem\",\"position\":1,\"name\":\"Strona g\u0142\u00f3wna\",\"item\":\"https:\/\/stalovers.pl\/\"},{\"@type\":\"ListItem\",\"position\":2,\"name\":\"Proces budowy\"}]},{\"@type\":\"WebSite\",\"@id\":\"https:\/\/stalovers.pl\/#website\",\"url\":\"https:\/\/stalovers.pl\/\",\"name\":\"Stalovers\",\"description\":\"Fabryka dom\u00f3w stalowych \u2013 nowoczesne domy i hale\",\"publisher\":{\"@id\":\"https:\/\/stalovers.pl\/#organization\"},\"potentialAction\":[{\"@type\":\"SearchAction\",\"target\":{\"@type\":\"EntryPoint\",\"urlTemplate\":\"https:\/\/stalovers.pl\/?s={search_term_string}\"},\"query-input\":{\"@type\":\"PropertyValueSpecification\",\"valueRequired\":true,\"valueName\":\"search_term_string\"}}],\"inLanguage\":\"de\"},{\"@type\":\"Organization\",\"@id\":\"https:\/\/stalovers.pl\/#organization\",\"name\":\"Stalovers\",\"url\":\"https:\/\/stalovers.pl\/\",\"logo\":{\"@type\":\"ImageObject\",\"inLanguage\":\"de\",\"@id\":\"https:\/\/stalovers.pl\/#\/schema\/logo\/image\/\",\"url\":\"\",\"contentUrl\":\"\",\"caption\":\"Stalovers\"},\"image\":{\"@id\":\"https:\/\/stalovers.pl\/#\/schema\/logo\/image\/\"}}]}<\/script>\n<!-- \/ Yoast SEO plugin. -->","yoast_head_json":{"title":"Der Prozess des Baus eines Stahlhauses","description":"Erfahren Sie mehr \u00fcber den schrittweisen Aufbau eines Stahlhauses - von der Planung \u00fcber den Zusammenbau bis zur Fertigstellung.","robots":{"index":"index","follow":"follow","max-snippet":"max-snippet:-1","max-image-preview":"max-image-preview:large","max-video-preview":"max-video-preview:-1"},"canonical":"https:\/\/stalovers.pl\/de\/bauprozess\/","og_locale":"de_DE","og_type":"article","og_title":"Proces budowy domu stalowego","og_description":"Poznaj proces budowy domu stalowego krok po kroku \u2014 od projektu, przez monta\u017c konstrukcji, a\u017c po wyko\u0144czenie.","og_url":"https:\/\/stalovers.pl\/de\/bauprozess\/","og_site_name":"Stalovers","article_modified_time":"2025-12-02T19:57:12+00:00","og_image":[{"width":1440,"height":810,"url":"https:\/\/stalovers.pl\/wp-content\/uploads\/2025\/04\/rama-stalowa-budynku-na-tle-nieba-prezentujaca-etap-konstrukcji-domu-jednorodzinnego-w-swietle-slonecznym-1.jpg","type":"image\/jpeg"}],"twitter_card":"summary_large_image","twitter_misc":{"Gesch\u00e4tzte Lesezeit":"1\u00a0Minute"},"schema":{"@context":"https:\/\/schema.org","@graph":[{"@type":"WebPage","@id":"https:\/\/stalovers.pl\/proces-budowy\/","url":"https:\/\/stalovers.pl\/proces-budowy\/","name":"Der Prozess des Baus eines Stahlhauses","isPartOf":{"@id":"https:\/\/stalovers.pl\/#website"},"primaryImageOfPage":{"@id":"https:\/\/stalovers.pl\/proces-budowy\/#primaryimage"},"image":{"@id":"https:\/\/stalovers.pl\/proces-budowy\/#primaryimage"},"thumbnailUrl":"https:\/\/stalovers.pl\/wp-content\/uploads\/2025\/04\/rama-stalowa-budynku-na-tle-nieba-prezentujaca-etap-konstrukcji-domu-jednorodzinnego-w-swietle-slonecznym-1.jpg","datePublished":"2025-06-16T12:07:52+00:00","dateModified":"2025-12-02T19:57:12+00:00","description":"Erfahren Sie mehr \u00fcber den schrittweisen Aufbau eines Stahlhauses - von der Planung \u00fcber den Zusammenbau bis zur Fertigstellung.","breadcrumb":{"@id":"https:\/\/stalovers.pl\/proces-budowy\/#breadcrumb"},"inLanguage":"de","potentialAction":[{"@type":"ReadAction","target":["https:\/\/stalovers.pl\/proces-budowy\/"]}]},{"@type":"ImageObject","inLanguage":"de","@id":"https:\/\/stalovers.pl\/proces-budowy\/#primaryimage","url":"https:\/\/stalovers.pl\/wp-content\/uploads\/2025\/04\/rama-stalowa-budynku-na-tle-nieba-prezentujaca-etap-konstrukcji-domu-jednorodzinnego-w-swietle-slonecznym-1.jpg","contentUrl":"https:\/\/stalovers.pl\/wp-content\/uploads\/2025\/04\/rama-stalowa-budynku-na-tle-nieba-prezentujaca-etap-konstrukcji-domu-jednorodzinnego-w-swietle-slonecznym-1.jpg","width":1440,"height":810,"caption":"Rama stalowa budynku na tle nieba, prezentuj\u0105ca etap konstrukcji domu jednorodzinnego w \u015bwietle s\u0142onecznym."},{"@type":"BreadcrumbList","@id":"https:\/\/stalovers.pl\/proces-budowy\/#breadcrumb","itemListElement":[{"@type":"ListItem","position":1,"name":"Strona g\u0142\u00f3wna","item":"https:\/\/stalovers.pl\/"},{"@type":"ListItem","position":2,"name":"Proces budowy"}]},{"@type":"WebSite","@id":"https:\/\/stalovers.pl\/#website","url":"https:\/\/stalovers.pl\/","name":"Stalovers","description":"Stahlhausfabrik - moderne H\u00e4user und Hallen","publisher":{"@id":"https:\/\/stalovers.pl\/#organization"},"potentialAction":[{"@type":"SearchAction","target":{"@type":"EntryPoint","urlTemplate":"https:\/\/stalovers.pl\/?s={search_term_string}"},"query-input":{"@type":"PropertyValueSpecification","valueRequired":true,"valueName":"search_term_string"}}],"inLanguage":"de"},{"@type":"Organization","@id":"https:\/\/stalovers.pl\/#organization","name":"Stalovers","url":"https:\/\/stalovers.pl\/","logo":{"@type":"ImageObject","inLanguage":"de","@id":"https:\/\/stalovers.pl\/#\/schema\/logo\/image\/","url":"","contentUrl":"","caption":"Stalovers"},"image":{"@id":"https:\/\/stalovers.pl\/#\/schema\/logo\/image\/"}}]}},"_links":{"self":[{"href":"https:\/\/stalovers.pl\/de\/wp-json\/wp\/v2\/pages\/3227","targetHints":{"allow":["GET"]}}],"collection":[{"href":"https:\/\/stalovers.pl\/de\/wp-json\/wp\/v2\/pages"}],"about":[{"href":"https:\/\/stalovers.pl\/de\/wp-json\/wp\/v2\/types\/page"}],"author":[{"embeddable":true,"href":"https:\/\/stalovers.pl\/de\/wp-json\/wp\/v2\/users\/1"}],"replies":[{"embeddable":true,"href":"https:\/\/stalovers.pl\/de\/wp-json\/wp\/v2\/comments?post=3227"}],"version-history":[{"count":0,"href":"https:\/\/stalovers.pl\/de\/wp-json\/wp\/v2\/pages\/3227\/revisions"}],"wp:featuredmedia":[{"embeddable":true,"href":"https:\/\/stalovers.pl\/de\/wp-json\/wp\/v2\/media\/2929"}],"wp:attachment":[{"href":"https:\/\/stalovers.pl\/de\/wp-json\/wp\/v2\/media?parent=3227"}],"curies":[{"name":"wp","href":"https:\/\/api.w.org\/{rel}","templated":true}]}}