{"id":27,"date":"2024-05-23T07:42:53","date_gmt":"2024-05-23T07:42:53","guid":{"rendered":"https:\/\/stalovers.pl\/?page_id=27"},"modified":"2025-12-02T19:53:29","modified_gmt":"2025-12-02T19:53:29","slug":"kontakt","status":"publish","type":"page","link":"https:\/\/stalovers.pl\/de\/kontakt\/","title":{"rendered":"Kontakt"},"content":{"rendered":"<div class=\"overflow-hidden\">\r\n    <div class=\"container-fluid col-xxl-8\">\r\n        <div class=\"row flex-lg-nowrap align-items-center g-5\">\r\n            <div class=\"order-lg-1 w-100\">\r\n                                <img decoding=\"async\" style=\"clip-path: polygon(25% 0%, 100% 0%, 100% 99%, 0% 100%);\"\r\n                    src=\"https:\/\/stalovers.pl\/wp-content\/uploads\/2024\/05\/nowoczesny-dom-z-duzymi-oknami-w-otoczeniu-zieleni-przy-jasnym-slonecznym-niebie.webp\" class=\"d-block mx-lg-auto img-fluid\" alt=\"Stahlhaus\"\r\n                    loading=\"lazy\">\r\n                            <\/div>\r\n            <div class=\"col-lg-6 col-xl-5 text-center text-lg-start pt-lg-5 mt-xl-4\">\r\n                <div class=\"lc-block mb-4\">\r\n                    <div editable=\"rich\">\r\n                        <h1 class=\"display-3\">Stalovers - Polnische Stahlkonstruktion<\/h1>\r\n                    <\/div>\r\n                <\/div>\r\n\r\n                <div class=\"lc-block mb-5\">\r\n                    <div editable=\"rich\">\r\n                        <p class=\"rfs-8\"> Wir sind auf die Planung und Montage von Stahlkonstruktionen f\u00fcr H\u00e4user, Industrieanlagen und Hallen spezialisiert. Wir verbinden moderne Technik mit pr\u00e4ziser Verarbeitung zu langlebigen und \u00e4sthetisch ansprechenden L\u00f6sungen. Sprechen Sie uns an - wir beraten und unterst\u00fctzen Sie gerne bei Ihrem Projekt!<\/p>\r\n                    <\/div>\r\n                <\/div>\r\n\r\n                <div class=\"lc-block mb-6\"><a class=\"btn btn-primary px-4 me-md-2 btn-lg\" href=\"#contact-id\"\r\n                        role=\"button\">Nehmen Sie Kontakt mit uns auf!<\/a>\r\n                <\/div>\r\n            <\/div>\r\n\r\n        <\/div><!-- \/lc-block -->\r\n    <\/div>\r\n<\/div>\n\n<section class=\"form-section py-3\" id=\"contact-id\">\n    <div class=\"container\">\n        <div class=\"row contact-info\">\n                                    <div class=\"contact-info__description\">\n                <i class=\"fa-classic fa-solid fa-location-pin\" aria-hidden=\"true\"><\/i>                <p>ul. Legionowa 28 lok. 703<br \/>\n15-281 Bialystok<\/p>\n            <\/div>\n                                                            <div class=\"contact-info__description\">\n                <i class=\"fa-classic fa-solid fa-pager\" aria-hidden=\"true\"><\/i>                <p>NIP: 9662130864<br \/>\nREGON: 383564272<\/p>\n            <\/div>\n                                                            <div class=\"contact-info__description\">\n                <i class=\"fa-classic fa-solid fa-phone\" aria-hidden=\"true\"><\/i>                <a href=\"tel:+48884000770\"><p>884-000-770<\/p>\n<\/a>\n            <\/div>\n                                                            <div class=\"contact-info__description\">\n                <i class=\"fa-classic fa-solid fa-envelope\" aria-hidden=\"true\"><\/i>                <a href=\"mailto:biuro@stalovers.pl\"><p>biuro@stalovers.pl<\/p>\n<\/a>\n            <\/div>\n                                <\/div>\n        <div class=\"row\">\n            <div class=\"col-12 col-lg-6 pt-3\">\n                <iframe loading=\"lazy\"\n                    src=\"https:\/\/www.google.com\/maps\/embed?pb=!1m18!1m12!1m3!1d2393.946674765409!2d23.15348617115925!3d53.12910281098492!2m3!1f0!2f0!3f0!3m2!1i1024!2i768!4f13.1!3m3!1m2!1s0x471ffa3126b8a611%3A0xe014fd80f631b356!2sStalowe%20domy%20szkieletowe%20Bia%C5%82ystok%20-%20Stalovers!5e0!3m2!1spl!2spl!4v1721318456642!5m2!1spl!2spl\"\n                    width=\"100%\" height=\"650\" style=\"border:0;\" referrerpolicy=\"no-referrer-when-downgrade\"><\/iframe>\n            <\/div>\n            <div class=\"col-12 col-lg-6\">\n                \n<div class=\"wpcf7 no-js\" id=\"wpcf7-f5167-o1\" lang=\"pl-PL\" dir=\"ltr\" data-wpcf7-id=\"5167\">\n<div class=\"screen-reader-response\"><p role=\"status\" aria-live=\"polite\" aria-atomic=\"true\"><\/p> <ul><\/ul><\/div>\n<form action=\"\/de\/wp-json\/wp\/v2\/pages\/27#wpcf7-f5167-o1\" method=\"post\" class=\"wpcf7-form init\" aria-label=\"Kontakt-Formular\" novalidate=\"novalidate\" data-status=\"init\" data-trp-original-action=\"\/de\/wp-json\/wp\/v2\/pages\/27#wpcf7-f5167-o1\">\n<fieldset class=\"hidden-fields-container\"><input type=\"hidden\" name=\"_wpcf7\" value=\"5167\" \/><input type=\"hidden\" name=\"_wpcf7_version\" value=\"6.1.4\" \/><input type=\"hidden\" name=\"_wpcf7_locale\" value=\"pl_PL\" \/><input type=\"hidden\" name=\"_wpcf7_unit_tag\" value=\"wpcf7-f5167-o1\" \/><input type=\"hidden\" name=\"_wpcf7_container_post\" value=\"0\" \/><input type=\"hidden\" name=\"_wpcf7_posted_data_hash\" value=\"\" \/><input type=\"hidden\" name=\"_wpcf7_recaptcha_response\" value=\"\" \/>\n<\/fieldset>\n<div class=\"row gy-4 gy-xl-5 p-4 p-xl-5\">\n    <div class=\"col-12\">\n        <label for=\"fullname\">Name<\/label>\n        <span class=\"wpcf7-form-control-wrap\" data-name=\"fullname\"><input size=\"40\" maxlength=\"400\" class=\"wpcf7-form-control wpcf7-text wpcf7-validates-as-required form-control\" id=\"fullname\" aria-required=\"true\" aria-invalid=\"false\" value=\"\" type=\"text\" name=\"fullname\" \/><\/span>\n    <\/div>\n    <div class=\"col-12 col-md-6\">\n        <label for=\"email\">E-Mail<\/label>\n        <div class=\"input-group\">\n            <span class=\"input-group-text\">\n                <svg xmlns=\"http:\/\/www.w3.org\/2000\/svg\" width=\"16\" height=\"16\" fill=\"currentColor\" class=\"bi bi-envelope\" viewbox=\"0 0 16 16\">\n                    <path d=\"M0 4a2 2 0 0 1 2-2h12a2 2 0 0 1 2 2v8a2 2 0 0 1-2 2H2a2 2 0 0 1-2-2V4Zm2-1a1 1 0 0 0-1 1v.217l7 4.2 7-4.2V4a1 1 0 0 0-1-1H2Zm13 2.383-4.708 2.825L15 11.105V5.383Zm-.034 6.876-5.64-3.471L8 9.583l-1.326-.795-5.64 3.47A1 1 0 0 0 2 13h12a1 1 0 0 0 .966-.741ZM1 11.105l4.708-2.897L1 5.383v5.722Z\"\/>\n                <\/svg>\n            <\/span>\n            <span class=\"wpcf7-form-control-wrap\" data-name=\"email\"><input size=\"40\" maxlength=\"400\" class=\"wpcf7-form-control wpcf7-email wpcf7-validates-as-required wpcf7-text wpcf7-validates-as-email form-control\" id=\"email\" aria-required=\"true\" aria-invalid=\"false\" value=\"\" type=\"email\" name=\"email\" \/><\/span>\n        <\/div>\n    <\/div>\n    <div class=\"col-12 col-md-6\">\n        <label for=\"phone\">Telefon Nummer<\/label>\n        <div class=\"input-group\">\n            <span class=\"input-group-text\">\n                <svg xmlns=\"http:\/\/www.w3.org\/2000\/svg\" width=\"16\" height=\"16\" fill=\"currentColor\" class=\"bi bi-telephone\" viewbox=\"0 0 16 16\">\n                    <path d=\"M3.654 1.328a.678.678 0 0 0-1.015-.063L1.605 2.3c-.483.484-.661 1.169-.45 1.77a17.568 17.568 0 0 0 4.168 6.608 17.569 17.569 0 0 0 6.608 4.168c.601.211 1.286.033 1.77-.45l1.034-1.034a.678.678 0 0 0-.063-1.015l-2.307-1.794a.678.678 0 0 0-.58-.122l-2.19.547a1.745 1.745 0 0 1-1.657-.459L5.482 8.062a1.745 1.745 0 0 1-.46-1.657l.548-2.19a.678.678 0 0 0-.122-.58L3.654 1.328zM1.884.511a1.745 1.745 0 0 1 2.612.163L6.29 2.98c.329.423.445.974.315 1.494l-.547 2.19a.678.678 0 0 0 .178.643l2.457 2.457a.678.678 0 0 0 .644.178l2.189-.547a1.745 1.745 0 0 1 1.494.315l2.306 1.794c.829.645.905 1.87.163 2.611l-1.034 1.034c-.74.74-1.846 1.065-2.877.702a18.634 18.634 0 0 1-7.01-4.42 18.634 18.634 0 0 1-4.42-7.009c-.362-1.03-.037-2.137.703-2.877L1.885.511z\"\/>\n                <\/svg>\n            <\/span>\n            <span class=\"wpcf7-form-control-wrap\" data-name=\"phone\"><input size=\"40\" maxlength=\"400\" class=\"wpcf7-form-control wpcf7-tel wpcf7-text wpcf7-validates-as-tel form-control\" id=\"phone\" aria-invalid=\"false\" value=\"\" type=\"tel\" name=\"phone\" \/><\/span>\n        <\/div>\n    <\/div>\n    <div class=\"col-12\">\n        <label for=\"subject\">Thema<\/label>\n        <span class=\"wpcf7-form-control-wrap\" data-name=\"subject\"><input size=\"40\" maxlength=\"400\" class=\"wpcf7-form-control wpcf7-text wpcf7-validates-as-required form-control\" id=\"subject\" aria-required=\"true\" aria-invalid=\"false\" value=\"\" type=\"text\" name=\"subject\" \/><\/span>\n    <\/div>\n    <div class=\"col-12\">\n        <label for=\"message\">Nachricht<\/label>\n        <span class=\"wpcf7-form-control-wrap\" data-name=\"message\"><textarea cols=\"40\" rows=\"3\" maxlength=\"2000\" class=\"wpcf7-form-control wpcf7-textarea wpcf7-validates-as-required form-control\" id=\"message\" aria-required=\"true\" aria-invalid=\"false\" name=\"message\"><\/textarea><\/span>\n    <\/div>\n    \n    <div class=\"col-12\">\n        <span class=\"wpcf7-form-control-wrap\" data-name=\"your-acceptance-field-name\"><span class=\"wpcf7-form-control wpcf7-acceptance\"><span class=\"wpcf7-list-item\"><label><input type=\"checkbox\" name=\"your-acceptance-field-name\" value=\"1\" aria-invalid=\"false\" \/><span class=\"wpcf7-list-item-label\">Ich akzeptiere <a href=\"\/de\/datenschutzbestimmungen\/\" target=\"_blank\">Datenschutzbestimmungen<\/a> Dienst*<\/span><\/label><\/span><\/span><\/span>\n    <\/div>\n\n    <div class=\"col-12\">\n        <div class=\"d-grid\">\n            <input class=\"wpcf7-form-control wpcf7-submit has-spinner btn btn-primary btn-lg\" type=\"submit\" value=\"Eine Nachricht senden\" \/>\n        <\/div>\n    <\/div>\n<\/div><div class=\"wpcf7-response-output\" aria-hidden=\"true\"><\/div>\n<input type=\"hidden\" name=\"trp-form-language\" value=\"de\"\/><\/form>\n<\/div>\n            <\/div>\n        <\/div>\n    <\/div>\n<\/section>","protected":false},"excerpt":{"rendered":"<p>Kontaktieren Sie Stalovers f\u00fcr ein Angebot f\u00fcr Ihr Haus oder Ihre Stahlhalle. Rufen Sie an oder schreiben Sie uns - wir antworten schnell und sachlich.<\/p>","protected":false},"author":1,"featured_media":3225,"parent":0,"menu_order":0,"comment_status":"closed","ping_status":"closed","template":"page-templates\/contact-us.php","meta":{"_acf_changed":false,"footnotes":""},"class_list":["post-27","page","type-page","status-publish","has-post-thumbnail","hentry"],"acf":[],"yoast_head":"<!-- This site is optimized with the Yoast SEO plugin v26.5 - https:\/\/yoast.com\/wordpress\/plugins\/seo\/ -->\n<title>Kontakt \u2013 Stalovers<\/title>\n<meta name=\"description\" content=\"Skontaktuj si\u0119 ze Stalovers, aby uzyska\u0107 wycen\u0119 domu lub hali stalowej. Zadzwo\u0144 lub napisz \u2013 odpowiadamy szybko i rzeczowo.\" \/>\n<meta name=\"robots\" content=\"index, follow, max-snippet:-1, max-image-preview:large, max-video-preview:-1\" \/>\n<link rel=\"canonical\" href=\"https:\/\/stalovers.pl\/de\/kontakt\/\" \/>\n<meta property=\"og:locale\" content=\"de_DE\" \/>\n<meta property=\"og:type\" content=\"article\" \/>\n<meta property=\"og:title\" content=\"Kontakt \u2013 Stalovers\" \/>\n<meta property=\"og:description\" content=\"Skontaktuj si\u0119 ze Stalovers, aby uzyska\u0107 wycen\u0119 domu lub hali stalowej. Zadzwo\u0144 lub napisz \u2013 odpowiadamy szybko i rzeczowo.\" \/>\n<meta property=\"og:url\" content=\"https:\/\/stalovers.pl\/de\/kontakt\/\" \/>\n<meta property=\"og:site_name\" content=\"Stalovers\" \/>\n<meta property=\"article:modified_time\" content=\"2025-12-02T19:53:29+00:00\" \/>\n<meta name=\"twitter:card\" content=\"summary_large_image\" \/>\n<meta name=\"twitter:label1\" content=\"Gesch\u00e4tzte Lesezeit\" \/>\n\t<meta name=\"twitter:data1\" content=\"1\u00a0Minute\" \/>\n<script type=\"application\/ld+json\" class=\"yoast-schema-graph\">{\"@context\":\"https:\/\/schema.org\",\"@graph\":[{\"@type\":\"WebPage\",\"@id\":\"https:\/\/stalovers.pl\/kontakt\/\",\"url\":\"https:\/\/stalovers.pl\/kontakt\/\",\"name\":\"Kontakt \u2013 Stalovers\",\"isPartOf\":{\"@id\":\"https:\/\/stalovers.pl\/#website\"},\"primaryImageOfPage\":{\"@id\":\"https:\/\/stalovers.pl\/kontakt\/#primaryimage\"},\"image\":{\"@id\":\"https:\/\/stalovers.pl\/kontakt\/#primaryimage\"},\"thumbnailUrl\":\"https:\/\/stalovers.pl\/wp-content\/uploads\/2025\/06\/o-nas.bmp\",\"datePublished\":\"2024-05-23T07:42:53+00:00\",\"dateModified\":\"2025-12-02T19:53:29+00:00\",\"description\":\"Skontaktuj si\u0119 ze Stalovers, aby uzyska\u0107 wycen\u0119 domu lub hali stalowej. Zadzwo\u0144 lub napisz \u2013 odpowiadamy szybko i rzeczowo.\",\"breadcrumb\":{\"@id\":\"https:\/\/stalovers.pl\/kontakt\/#breadcrumb\"},\"inLanguage\":\"de\",\"potentialAction\":[{\"@type\":\"ReadAction\",\"target\":[\"https:\/\/stalovers.pl\/kontakt\/\"]}]},{\"@type\":\"ImageObject\",\"inLanguage\":\"de\",\"@id\":\"https:\/\/stalovers.pl\/kontakt\/#primaryimage\",\"url\":\"https:\/\/stalovers.pl\/wp-content\/uploads\/2025\/06\/o-nas.bmp\",\"contentUrl\":\"https:\/\/stalovers.pl\/wp-content\/uploads\/2025\/06\/o-nas.bmp\",\"width\":965,\"height\":400},{\"@type\":\"BreadcrumbList\",\"@id\":\"https:\/\/stalovers.pl\/kontakt\/#breadcrumb\",\"itemListElement\":[{\"@type\":\"ListItem\",\"position\":1,\"name\":\"Strona g\u0142\u00f3wna\",\"item\":\"https:\/\/stalovers.pl\/\"},{\"@type\":\"ListItem\",\"position\":2,\"name\":\"Kontakt\"}]},{\"@type\":\"WebSite\",\"@id\":\"https:\/\/stalovers.pl\/#website\",\"url\":\"https:\/\/stalovers.pl\/\",\"name\":\"Stalovers\",\"description\":\"Fabryka dom\u00f3w stalowych \u2013 nowoczesne domy i hale\",\"publisher\":{\"@id\":\"https:\/\/stalovers.pl\/#organization\"},\"potentialAction\":[{\"@type\":\"SearchAction\",\"target\":{\"@type\":\"EntryPoint\",\"urlTemplate\":\"https:\/\/stalovers.pl\/?s={search_term_string}\"},\"query-input\":{\"@type\":\"PropertyValueSpecification\",\"valueRequired\":true,\"valueName\":\"search_term_string\"}}],\"inLanguage\":\"de\"},{\"@type\":\"Organization\",\"@id\":\"https:\/\/stalovers.pl\/#organization\",\"name\":\"Stalovers\",\"url\":\"https:\/\/stalovers.pl\/\",\"logo\":{\"@type\":\"ImageObject\",\"inLanguage\":\"de\",\"@id\":\"https:\/\/stalovers.pl\/#\/schema\/logo\/image\/\",\"url\":\"\",\"contentUrl\":\"\",\"caption\":\"Stalovers\"},\"image\":{\"@id\":\"https:\/\/stalovers.pl\/#\/schema\/logo\/image\/\"}}]}<\/script>\n<!-- \/ Yoast SEO plugin. -->","yoast_head_json":{"title":"Kontakt - Stalovers","description":"Kontaktieren Sie Stalovers f\u00fcr ein Angebot f\u00fcr Ihr Haus oder Ihre Stahlhalle. Rufen Sie an oder schreiben Sie uns - wir antworten schnell und sachlich.","robots":{"index":"index","follow":"follow","max-snippet":"max-snippet:-1","max-image-preview":"max-image-preview:large","max-video-preview":"max-video-preview:-1"},"canonical":"https:\/\/stalovers.pl\/de\/kontakt\/","og_locale":"de_DE","og_type":"article","og_title":"Kontakt \u2013 Stalovers","og_description":"Skontaktuj si\u0119 ze Stalovers, aby uzyska\u0107 wycen\u0119 domu lub hali stalowej. Zadzwo\u0144 lub napisz \u2013 odpowiadamy szybko i rzeczowo.","og_url":"https:\/\/stalovers.pl\/de\/kontakt\/","og_site_name":"Stalovers","article_modified_time":"2025-12-02T19:53:29+00:00","twitter_card":"summary_large_image","twitter_misc":{"Gesch\u00e4tzte Lesezeit":"1\u00a0Minute"},"schema":{"@context":"https:\/\/schema.org","@graph":[{"@type":"WebPage","@id":"https:\/\/stalovers.pl\/kontakt\/","url":"https:\/\/stalovers.pl\/kontakt\/","name":"Kontakt - Stalovers","isPartOf":{"@id":"https:\/\/stalovers.pl\/#website"},"primaryImageOfPage":{"@id":"https:\/\/stalovers.pl\/kontakt\/#primaryimage"},"image":{"@id":"https:\/\/stalovers.pl\/kontakt\/#primaryimage"},"thumbnailUrl":"https:\/\/stalovers.pl\/wp-content\/uploads\/2025\/06\/o-nas.bmp","datePublished":"2024-05-23T07:42:53+00:00","dateModified":"2025-12-02T19:53:29+00:00","description":"Kontaktieren Sie Stalovers f\u00fcr ein Angebot f\u00fcr Ihr Haus oder Ihre Stahlhalle. Rufen Sie an oder schreiben Sie uns - wir antworten schnell und sachlich.","breadcrumb":{"@id":"https:\/\/stalovers.pl\/kontakt\/#breadcrumb"},"inLanguage":"de","potentialAction":[{"@type":"ReadAction","target":["https:\/\/stalovers.pl\/kontakt\/"]}]},{"@type":"ImageObject","inLanguage":"de","@id":"https:\/\/stalovers.pl\/kontakt\/#primaryimage","url":"https:\/\/stalovers.pl\/wp-content\/uploads\/2025\/06\/o-nas.bmp","contentUrl":"https:\/\/stalovers.pl\/wp-content\/uploads\/2025\/06\/o-nas.bmp","width":965,"height":400},{"@type":"BreadcrumbList","@id":"https:\/\/stalovers.pl\/kontakt\/#breadcrumb","itemListElement":[{"@type":"ListItem","position":1,"name":"Strona g\u0142\u00f3wna","item":"https:\/\/stalovers.pl\/"},{"@type":"ListItem","position":2,"name":"Kontakt"}]},{"@type":"WebSite","@id":"https:\/\/stalovers.pl\/#website","url":"https:\/\/stalovers.pl\/","name":"Stalovers","description":"Stahlhausfabrik - moderne H\u00e4user und Hallen","publisher":{"@id":"https:\/\/stalovers.pl\/#organization"},"potentialAction":[{"@type":"SearchAction","target":{"@type":"EntryPoint","urlTemplate":"https:\/\/stalovers.pl\/?s={search_term_string}"},"query-input":{"@type":"PropertyValueSpecification","valueRequired":true,"valueName":"search_term_string"}}],"inLanguage":"de"},{"@type":"Organization","@id":"https:\/\/stalovers.pl\/#organization","name":"Stalovers","url":"https:\/\/stalovers.pl\/","logo":{"@type":"ImageObject","inLanguage":"de","@id":"https:\/\/stalovers.pl\/#\/schema\/logo\/image\/","url":"","contentUrl":"","caption":"Stalovers"},"image":{"@id":"https:\/\/stalovers.pl\/#\/schema\/logo\/image\/"}}]}},"_links":{"self":[{"href":"https:\/\/stalovers.pl\/de\/wp-json\/wp\/v2\/pages\/27","targetHints":{"allow":["GET"]}}],"collection":[{"href":"https:\/\/stalovers.pl\/de\/wp-json\/wp\/v2\/pages"}],"about":[{"href":"https:\/\/stalovers.pl\/de\/wp-json\/wp\/v2\/types\/page"}],"author":[{"embeddable":true,"href":"https:\/\/stalovers.pl\/de\/wp-json\/wp\/v2\/users\/1"}],"replies":[{"embeddable":true,"href":"https:\/\/stalovers.pl\/de\/wp-json\/wp\/v2\/comments?post=27"}],"version-history":[{"count":0,"href":"https:\/\/stalovers.pl\/de\/wp-json\/wp\/v2\/pages\/27\/revisions"}],"wp:featuredmedia":[{"embeddable":true,"href":"https:\/\/stalovers.pl\/de\/wp-json\/wp\/v2\/media\/3225"}],"wp:attachment":[{"href":"https:\/\/stalovers.pl\/de\/wp-json\/wp\/v2\/media?parent=27"}],"curies":[{"name":"wp","href":"https:\/\/api.w.org\/{rel}","templated":true}]}}