{"id":25,"date":"2024-05-23T07:42:40","date_gmt":"2024-05-23T07:42:40","guid":{"rendered":"https:\/\/stalovers.pl\/?page_id=25"},"modified":"2025-12-08T11:12:18","modified_gmt":"2025-12-08T11:12:18","slug":"subventionen","status":"publish","type":"page","link":"https:\/\/stalovers.pl\/de\/subventionen\/","title":{"rendered":"Zusch\u00fcsse"},"content":{"rendered":"<figure class=\"wp-block-image\"><img decoding=\"async\" src=\"https:\/\/stalovers.pl\/wp-content\/uploads\/2023\/08\/eu-scaled-1.jpg\" alt=\"\"\/><\/figure>\n\n\n\n<p>STALOVERS SP. Z O.O. mit Sitz in der ul. Legionowa 28\/703, 15-281 Bia\u0142ystok erhielt Unterst\u00fctzung f\u00fcr das Projekt Nr. POPW.01.02.00-20-0001\/22 \u201e<strong>Internationalisierung der Aktivit\u00e4ten von STALOVERS Sp. z o.o.<\/strong>\u201d im Rahmen der am 08.12.2022 unterzeichneten F\u00f6rdervereinbarung Nr. POPW.01.02.00-20-0001\/22-00 im Rahmen des Operationellen Programms Ostpolen 2014-2020, Priorit\u00e4tsachse I Unternehmerisches Ostpolen, Ma\u00dfnahme 1.2 Internationalisierung von KMU.<\/p>\n\n\n\n<p>Das Ziel des Projekts ist die Internationalisierung des Unternehmens auf dem deutschen Markt auf der Grundlage seiner wettbewerbsf\u00e4higen Produkte - Stahlrahmenh\u00e4user. Die Umsetzung des Ziels soll zur Verwirklichung der Vision beitragen, dass STALOVERS Sp. z o.o. auf dem in- und ausl\u00e4ndischen Markt ein bekannter und angesehener Hersteller von Stahlrahmenh\u00e4usern ist, der h\u00f6chste Qualit\u00e4t zu wettbewerbsf\u00e4higen Preisen bietet.<\/p>\n\n\n\n<p>Wert des Projekts:                     404547,00 PLN<\/p>\n\n\n\n<p>H\u00f6he der Finanzierung:           279.565,00 PLN<\/p>\n\n\n\n<figure class=\"wp-block-image\"><img decoding=\"async\" src=\"https:\/\/stalovers.pl\/wp-content\/uploads\/2024\/05\/EU-PODLASKI.png\" alt=\"\"\/><\/figure>\n\n\n\n<p><em>STALOVERS SP. Z O.O. f\u00fchrt ein Projekt gem\u00e4\u00df dem am 06. M\u00e4rz 2024 abgeschlossenen F\u00f6rdervertrag Nr. GRANT3\/3 durch, das aus den Mitteln des Europ\u00e4ischen Fonds f\u00fcr Podlachien f\u00fcr die Jahre 2021-2027 im Rahmen des Projekts \u201eF\u00f6rdermittel f\u00fcr Forschung\u201d finanziert wird. Ziel des Projekts ist die Durchf\u00fchrung von Forschungsarbeiten, die die Entwicklung neuer oder verbesserter Produkte in Stalovers oder Prozess\u00e4nderungen bei der Herstellung von H\u00e4usern mit Stahlrahmen zum Inhalt haben.<\/em><\/p>\n\n\n\n<p><em>Der Wert des Projekts betr\u00e4gt 111 250,00 PLN.<\/em><\/p>\n\n\n\n<p><em>Der Wert der Finanzierung aus den europ\u00e4ischen Fonds betr\u00e4gt 76.500,00 PLN.<\/em><\/p>\n\n\n\n<p><\/p>\n\n\n\n<figure class=\"wp-block-image\"><img decoding=\"async\" src=\"https:\/\/stalovers.pl\/wp-content\/uploads\/2024\/05\/EU-PODLASKI.png\" alt=\"\"\/><\/figure>\n\n\n\n<p>STALOVERS Sp. z o.o. f\u00fchrt das Projekt gem\u00e4\u00df dem am 30. Dezember 2024 abgeschlossenen F\u00f6rdervertrag Nr. 25\/U\/BB\/2024 durch. Der Zuschuss wird aus den Mitteln des Europ\u00e4ischen Fonds f\u00fcr Podlachien f\u00fcr die Jahre 2021-2027 im Rahmen des Projekts \u201eVoucher for research\u201d gew\u00e4hrt. Ziel des Projekts ist der Erwerb einer Dienstleistung f\u00fcr die Durchf\u00fchrung von Forschungs- und Entwicklungsarbeiten zur Entwicklung eines innovativen D\u00e4mm- und W\u00e4rmed\u00e4mmungssystems auf Zellulosebasis f\u00fcr den Einsatz im Bauwesen.<\/p>\n\n\n\n<p>Das Ergebnis des Projekts wird allen Mitarbeitern und Kunden des Unternehmens zugute kommen.<\/p>\n\n\n\n<p><em>#EU Finanzierung #Europ\u00e4ische Fonds<\/em><\/p>\n\n\n\n<p><em>Der Wert des Projekts betr\u00e4gt 109.470,00 PLN.<\/em><\/p>\n\n\n\n<p><em>Der Wert der Finanzierung aus den europ\u00e4ischen Fonds betr\u00e4gt 75.650,00 PLN.<\/em><\/p>","protected":false},"excerpt":{"rendered":"<p>STALOVERS SP. Z O.O. mit Sitz in der ul. Legionowa 28\/703, 15-281 Bia\u0142ystok erhielt Unterst\u00fctzung f\u00fcr das Projekt Nr. POPW.01.02.00-20-0001\/22 \u201eInternationalisierung der T\u00e4tigkeit von STALOVERS Sp. z o.o.\u201d im Rahmen der am 08.12.2022 unterzeichneten Finanzierungsvereinbarung Nr. POPW.01.02.00-20-0001\/22-00 als Teil des Operationellen Programms Ostpolen 2014-2020, Priorit\u00e4tsachse I Unternehmerisches Ostpolen, Ma\u00dfnahme 1.2 Internationalisierung von KMU. Das Ziel des Projektes ist die Internationalisierung [...]<\/p>","protected":false},"author":1,"featured_media":3225,"parent":0,"menu_order":0,"comment_status":"closed","ping_status":"closed","template":"page-templates\/page-blank-with-container.php","meta":{"_acf_changed":false,"footnotes":""},"class_list":["post-25","page","type-page","status-publish","has-post-thumbnail","hentry"],"acf":[],"yoast_head":"<!-- This site is optimized with the Yoast SEO plugin v26.5 - https:\/\/yoast.com\/wordpress\/plugins\/seo\/ -->\n<title>Dotacje - Stalovers<\/title>\n<meta name=\"description\" content=\"Dotacje Stalovers z \u015arodk\u00f3w Unii Europejskiej.\" \/>\n<meta name=\"robots\" content=\"index, follow, max-snippet:-1, max-image-preview:large, max-video-preview:-1\" \/>\n<link rel=\"canonical\" href=\"https:\/\/stalovers.pl\/de\/subventionen\/\" \/>\n<meta property=\"og:locale\" content=\"de_DE\" \/>\n<meta property=\"og:type\" content=\"article\" \/>\n<meta property=\"og:title\" content=\"Dotacje - Stalovers\" \/>\n<meta property=\"og:description\" content=\"Dotacje Stalovers z \u015arodk\u00f3w Unii Europejskiej.\" \/>\n<meta property=\"og:url\" content=\"https:\/\/stalovers.pl\/de\/subventionen\/\" \/>\n<meta property=\"og:site_name\" content=\"Stalovers\" \/>\n<meta property=\"article:modified_time\" content=\"2025-12-08T11:12:18+00:00\" \/>\n<meta name=\"twitter:card\" content=\"summary_large_image\" \/>\n<meta name=\"twitter:label1\" content=\"Gesch\u00e4tzte Lesezeit\" \/>\n\t<meta name=\"twitter:data1\" content=\"3\u00a0Minuten\" \/>\n<script type=\"application\/ld+json\" class=\"yoast-schema-graph\">{\"@context\":\"https:\/\/schema.org\",\"@graph\":[{\"@type\":\"WebPage\",\"@id\":\"https:\/\/stalovers.pl\/dotacje\/\",\"url\":\"https:\/\/stalovers.pl\/dotacje\/\",\"name\":\"Dotacje - Stalovers\",\"isPartOf\":{\"@id\":\"https:\/\/stalovers.pl\/#website\"},\"primaryImageOfPage\":{\"@id\":\"https:\/\/stalovers.pl\/dotacje\/#primaryimage\"},\"image\":{\"@id\":\"https:\/\/stalovers.pl\/dotacje\/#primaryimage\"},\"thumbnailUrl\":\"https:\/\/stalovers.pl\/wp-content\/uploads\/2025\/06\/o-nas.bmp\",\"datePublished\":\"2024-05-23T07:42:40+00:00\",\"dateModified\":\"2025-12-08T11:12:18+00:00\",\"description\":\"Dotacje Stalovers z \u015arodk\u00f3w Unii Europejskiej.\",\"breadcrumb\":{\"@id\":\"https:\/\/stalovers.pl\/dotacje\/#breadcrumb\"},\"inLanguage\":\"de\",\"potentialAction\":[{\"@type\":\"ReadAction\",\"target\":[\"https:\/\/stalovers.pl\/dotacje\/\"]}]},{\"@type\":\"ImageObject\",\"inLanguage\":\"de\",\"@id\":\"https:\/\/stalovers.pl\/dotacje\/#primaryimage\",\"url\":\"https:\/\/stalovers.pl\/wp-content\/uploads\/2025\/06\/o-nas.bmp\",\"contentUrl\":\"https:\/\/stalovers.pl\/wp-content\/uploads\/2025\/06\/o-nas.bmp\",\"width\":965,\"height\":400},{\"@type\":\"BreadcrumbList\",\"@id\":\"https:\/\/stalovers.pl\/dotacje\/#breadcrumb\",\"itemListElement\":[{\"@type\":\"ListItem\",\"position\":1,\"name\":\"Strona g\u0142\u00f3wna\",\"item\":\"https:\/\/stalovers.pl\/\"},{\"@type\":\"ListItem\",\"position\":2,\"name\":\"Dotacje\"}]},{\"@type\":\"WebSite\",\"@id\":\"https:\/\/stalovers.pl\/#website\",\"url\":\"https:\/\/stalovers.pl\/\",\"name\":\"Stalovers\",\"description\":\"Fabryka dom\u00f3w stalowych \u2013 nowoczesne domy i hale\",\"publisher\":{\"@id\":\"https:\/\/stalovers.pl\/#organization\"},\"potentialAction\":[{\"@type\":\"SearchAction\",\"target\":{\"@type\":\"EntryPoint\",\"urlTemplate\":\"https:\/\/stalovers.pl\/?s={search_term_string}\"},\"query-input\":{\"@type\":\"PropertyValueSpecification\",\"valueRequired\":true,\"valueName\":\"search_term_string\"}}],\"inLanguage\":\"de\"},{\"@type\":\"Organization\",\"@id\":\"https:\/\/stalovers.pl\/#organization\",\"name\":\"Stalovers\",\"url\":\"https:\/\/stalovers.pl\/\",\"logo\":{\"@type\":\"ImageObject\",\"inLanguage\":\"de\",\"@id\":\"https:\/\/stalovers.pl\/#\/schema\/logo\/image\/\",\"url\":\"\",\"contentUrl\":\"\",\"caption\":\"Stalovers\"},\"image\":{\"@id\":\"https:\/\/stalovers.pl\/#\/schema\/logo\/image\/\"}}]}<\/script>\n<!-- \/ Yoast SEO plugin. -->","yoast_head_json":{"title":"Zusch\u00fcsse - Stalovers","description":"Stalovers Subventionen aus Mitteln der Europ\u00e4ischen Union.","robots":{"index":"index","follow":"follow","max-snippet":"max-snippet:-1","max-image-preview":"max-image-preview:large","max-video-preview":"max-video-preview:-1"},"canonical":"https:\/\/stalovers.pl\/de\/subventionen\/","og_locale":"de_DE","og_type":"article","og_title":"Dotacje - Stalovers","og_description":"Dotacje Stalovers z \u015arodk\u00f3w Unii Europejskiej.","og_url":"https:\/\/stalovers.pl\/de\/subventionen\/","og_site_name":"Stalovers","article_modified_time":"2025-12-08T11:12:18+00:00","twitter_card":"summary_large_image","twitter_misc":{"Gesch\u00e4tzte Lesezeit":"3\u00a0Minuten"},"schema":{"@context":"https:\/\/schema.org","@graph":[{"@type":"WebPage","@id":"https:\/\/stalovers.pl\/dotacje\/","url":"https:\/\/stalovers.pl\/dotacje\/","name":"Zusch\u00fcsse - Stalovers","isPartOf":{"@id":"https:\/\/stalovers.pl\/#website"},"primaryImageOfPage":{"@id":"https:\/\/stalovers.pl\/dotacje\/#primaryimage"},"image":{"@id":"https:\/\/stalovers.pl\/dotacje\/#primaryimage"},"thumbnailUrl":"https:\/\/stalovers.pl\/wp-content\/uploads\/2025\/06\/o-nas.bmp","datePublished":"2024-05-23T07:42:40+00:00","dateModified":"2025-12-08T11:12:18+00:00","description":"Stalovers Subventionen aus Mitteln der Europ\u00e4ischen Union.","breadcrumb":{"@id":"https:\/\/stalovers.pl\/dotacje\/#breadcrumb"},"inLanguage":"de","potentialAction":[{"@type":"ReadAction","target":["https:\/\/stalovers.pl\/dotacje\/"]}]},{"@type":"ImageObject","inLanguage":"de","@id":"https:\/\/stalovers.pl\/dotacje\/#primaryimage","url":"https:\/\/stalovers.pl\/wp-content\/uploads\/2025\/06\/o-nas.bmp","contentUrl":"https:\/\/stalovers.pl\/wp-content\/uploads\/2025\/06\/o-nas.bmp","width":965,"height":400},{"@type":"BreadcrumbList","@id":"https:\/\/stalovers.pl\/dotacje\/#breadcrumb","itemListElement":[{"@type":"ListItem","position":1,"name":"Strona g\u0142\u00f3wna","item":"https:\/\/stalovers.pl\/"},{"@type":"ListItem","position":2,"name":"Dotacje"}]},{"@type":"WebSite","@id":"https:\/\/stalovers.pl\/#website","url":"https:\/\/stalovers.pl\/","name":"Stalovers","description":"Stahlhausfabrik - moderne H\u00e4user und Hallen","publisher":{"@id":"https:\/\/stalovers.pl\/#organization"},"potentialAction":[{"@type":"SearchAction","target":{"@type":"EntryPoint","urlTemplate":"https:\/\/stalovers.pl\/?s={search_term_string}"},"query-input":{"@type":"PropertyValueSpecification","valueRequired":true,"valueName":"search_term_string"}}],"inLanguage":"de"},{"@type":"Organization","@id":"https:\/\/stalovers.pl\/#organization","name":"Stalovers","url":"https:\/\/stalovers.pl\/","logo":{"@type":"ImageObject","inLanguage":"de","@id":"https:\/\/stalovers.pl\/#\/schema\/logo\/image\/","url":"","contentUrl":"","caption":"Stalovers"},"image":{"@id":"https:\/\/stalovers.pl\/#\/schema\/logo\/image\/"}}]}},"_links":{"self":[{"href":"https:\/\/stalovers.pl\/de\/wp-json\/wp\/v2\/pages\/25","targetHints":{"allow":["GET"]}}],"collection":[{"href":"https:\/\/stalovers.pl\/de\/wp-json\/wp\/v2\/pages"}],"about":[{"href":"https:\/\/stalovers.pl\/de\/wp-json\/wp\/v2\/types\/page"}],"author":[{"embeddable":true,"href":"https:\/\/stalovers.pl\/de\/wp-json\/wp\/v2\/users\/1"}],"replies":[{"embeddable":true,"href":"https:\/\/stalovers.pl\/de\/wp-json\/wp\/v2\/comments?post=25"}],"version-history":[{"count":1,"href":"https:\/\/stalovers.pl\/de\/wp-json\/wp\/v2\/pages\/25\/revisions"}],"predecessor-version":[{"id":5185,"href":"https:\/\/stalovers.pl\/de\/wp-json\/wp\/v2\/pages\/25\/revisions\/5185"}],"wp:featuredmedia":[{"embeddable":true,"href":"https:\/\/stalovers.pl\/de\/wp-json\/wp\/v2\/media\/3225"}],"wp:attachment":[{"href":"https:\/\/stalovers.pl\/de\/wp-json\/wp\/v2\/media?parent=25"}],"curies":[{"name":"wp","href":"https:\/\/api.w.org\/{rel}","templated":true}]}}