{"id":231,"date":"2024-07-30T10:22:09","date_gmt":"2024-07-30T10:22:09","guid":{"rendered":"https:\/\/stalovers.pl\/?page_id=231"},"modified":"2025-12-02T19:30:21","modified_gmt":"2025-12-02T19:30:21","slug":"s-serie","status":"publish","type":"page","link":"https:\/\/stalovers.pl\/de\/hauser\/s-serie\/","title":{"rendered":"Serie S"},"content":{"rendered":"<div class=\"breadcrumbs\"><nav aria-label=\"Brotkr\u00fcmel\" class=\"breadcrumb-container\"><ol class=\"breadcrumb\"><li class=\"breadcrumb-item\"><a href=\"https:\/\/stalovers.pl\/de\"><i class=\"fas fa-home\"><\/i> Startseite<\/a><\/li><\/ol><\/nav><\/div>\n\n\r\n\r\n<h1 class=\"section-title\">Serie S<\/h1>\r\n<p class=\"section-description\"><\/p>\r\n<div class=\"row g-4\">\r\n            <a href=\"\/de\/hauser\/s-serie\/haus-s1\/\" class=\"col-12 col-md-6 col-lg-4\">\r\n        <div class=\"card\">\r\n            <div class=\"card-header p-0\">\r\n                                                <img decoding=\"async\" src=\"https:\/\/stalovers.pl\/wp-content\/uploads\/2024\/07\/nowoczesny-dom-jednorodzinny-otoczony-lasem-z-zaparkowanym-samochodem-i-motocyklem-na-podjezdzie.jpg\" alt=\"Modernes, freistehendes Haus, umgeben von Wald, mit Auto- und Motorradparkpl\u00e4tzen in der Einfahrt.\"\r\n                    class=\"w-100\" \/>\r\n                            <\/div>\r\n            <div class=\"card-body\">\r\n                <h5 class=\"card-title\">S1<\/h5>\r\n                <p class=\"card-text\"><p><em>Ein Haus, das sich durch seine einzigartige Form und seine klassische Fassade in Kombination mit gefalzten Blechen auszeichnet. Eine Mischung aus minimalistischer \u00c4sthetik und Funktionalit\u00e4t.<\/em><\/p>\n<\/p>\r\n            <\/div>\r\n        <\/div>\r\n    <\/a>\r\n        <a href=\"\/de\/hauser\/s-serie\/haus-s2\/\" class=\"col-12 col-md-6 col-lg-4\">\r\n        <div class=\"card\">\r\n            <div class=\"card-header p-0\">\r\n                                                <img decoding=\"async\" src=\"https:\/\/stalovers.pl\/wp-content\/uploads\/2024\/07\/nowoczesny-dom-z-drewnianymi-elementami-i-tarasem-w-otoczeniu-zieleni-i-drzew-pod-niebieskim-niebem.jpg\" alt=\"Ein modernes Haus mit Holzelementen und einer Terrasse, umgeben von Gr\u00fcn und B\u00e4umen, unter einem blauen Himmel.\"\r\n                    class=\"w-100\" \/>\r\n                            <\/div>\r\n            <div class=\"card-body\">\r\n                <h5 class=\"card-title\">S2<\/h5>\r\n                <p class=\"card-text\"><p><em>Haus im Scheunenstil. Eine ideale Wahl f\u00fcr Liebhaber von modernem Design und Raum.<\/em><\/p>\n<\/p>\r\n            <\/div>\r\n        <\/div>\r\n    <\/a>\r\n        <a href=\"\/de\/hauser\/s-serie\/s3-haus\/\" class=\"col-12 col-md-6 col-lg-4\">\r\n        <div class=\"card\">\r\n            <div class=\"card-header p-0\">\r\n                                                <img decoding=\"async\" src=\"https:\/\/stalovers.pl\/wp-content\/uploads\/2024\/07\/nowoczesny-dom-nad-jeziorem-otoczony-zielenia-i-spokojnymi-falami-idealne-miejsce-na-relaks-w-naturze.jpg\" alt=\"Ein modernes Haus am See, umgeben von viel Gr\u00fcn und ruhigen Wellen, der perfekte Ort, um sich in der Natur zu entspannen.\"\r\n                    class=\"w-100\" \/>\r\n                            <\/div>\r\n            <div class=\"card-body\">\r\n                <h5 class=\"card-title\">S3<\/h5>\r\n                <p class=\"card-text\"><p><em>Moderne Scheune mit Vollverglasung an der Giebelseite und einer Fassade ganz aus gefalztem Blech. Minimalistisches Design f\u00fcr Liebhaber von Raum und zeitgen\u00f6ssischem Stil.<\/em><\/p>\n<\/p>\r\n            <\/div>\r\n        <\/div>\r\n    <\/a>\r\n        <a href=\"\/de\/hauser\/s-serie\/s4-haus\/\" class=\"col-12 col-md-6 col-lg-4\">\r\n        <div class=\"card\">\r\n            <div class=\"card-header p-0\">\r\n                                                <img decoding=\"async\" src=\"https:\/\/stalovers.pl\/wp-content\/uploads\/2024\/07\/nowoczesny-dom-z-ciemnym-dachem-otoczony-ogrodem-i-zielonymi-drzewami-w-sloneczny-dzien.jpg\" alt=\"Ein modernes Haus mit einem dunklen Dach, umgeben von einem Garten und gr\u00fcnen B\u00e4umen an einem sonnigen Tag.\"\r\n                    class=\"w-100\" \/>\r\n                            <\/div>\r\n            <div class=\"card-body\">\r\n                <h5 class=\"card-title\">S4<\/h5>\r\n                <p class=\"card-text\"><p>S<em style=\"font-size: 16px\">todo\u0142y verbindet Klassik und Moderne - der untere Teil der Fassade ist in traditionellem Material ausgef\u00fchrt, der obere Teil in gefalzten Blechen. Eine perfekte Kombination aus zeitloser \u00c4sthetik und zeitgen\u00f6ssischem Design.<\/em><\/p>\n<\/p>\r\n            <\/div>\r\n        <\/div>\r\n    <\/a>\r\n        <a href=\"\/de\/hauser\/s-serie\/s5-haus\/\" class=\"col-12 col-md-6 col-lg-4\">\r\n        <div class=\"card\">\r\n            <div class=\"card-header p-0\">\r\n                                                <img decoding=\"async\" src=\"https:\/\/stalovers.pl\/wp-content\/uploads\/2024\/07\/nowoczesny-bialy-dom-z-czarnym-dachem-dwupietrowy-z-garazem-otoczony-zielonym-ogrodem-i-samochodem-na-podjezdzie.png\" alt=\"Modernes wei\u00dfes Haus mit schwarzem Dach, zweist\u00f6ckig, mit Garage, umgeben von gr\u00fcnem Garten und Auto auf Einfahrt.\"\r\n                    class=\"w-100\" \/>\r\n                            <\/div>\r\n            <div class=\"card-body\">\r\n                <h5 class=\"card-title\">S5<\/h5>\r\n                <p class=\"card-text\"><p><em>Eine moderne Scheune mit einer Garage im Korpus des Geb\u00e4udes. Die minimalistische Form verbindet Funktionalit\u00e4t mit zeitgen\u00f6ssischem Stil und schafft einen komfortablen Raum f\u00fcr die ganze Familie.<\/em><\/p>\n<\/p>\r\n            <\/div>\r\n        <\/div>\r\n    <\/a>\r\n        <\/div>\n\n\n<p><\/p>","protected":false},"excerpt":{"rendered":"<p>Die S-Serie sind energieeffiziente Stahlh\u00e4user in Leichtbauweise. Ideal f\u00fcr diejenigen, die ein modernes und erschwingliches Hausdesign suchen.<\/p>","protected":false},"author":1,"featured_media":2933,"parent":207,"menu_order":0,"comment_status":"closed","ping_status":"closed","template":"page-templates\/houses.php","meta":{"_acf_changed":false,"footnotes":""},"class_list":["post-231","page","type-page","status-publish","has-post-thumbnail","hentry"],"acf":[],"yoast_head":"<!-- This site is optimized with the Yoast SEO plugin v26.5 - https:\/\/yoast.com\/wordpress\/plugins\/seo\/ -->\n<title>Seria S \u2013 ekonomiczne domy stalowe<\/title>\n<meta name=\"description\" content=\"Seria S to energooszcz\u0119dne domy stalowe o lekkiej konstrukcji. Idealne dla os\u00f3b szukaj\u0105cych nowoczesnego i niedrogiego projektu domu.\" \/>\n<meta name=\"robots\" content=\"index, follow, max-snippet:-1, max-image-preview:large, max-video-preview:-1\" \/>\n<link rel=\"canonical\" href=\"https:\/\/stalovers.pl\/de\/hauser\/s-serie\/\" \/>\n<meta property=\"og:locale\" content=\"de_DE\" \/>\n<meta property=\"og:type\" content=\"article\" \/>\n<meta property=\"og:title\" content=\"Seria S \u2013 ekonomiczne domy stalowe\" \/>\n<meta property=\"og:description\" content=\"Seria S to energooszcz\u0119dne domy stalowe o lekkiej konstrukcji. Idealne dla os\u00f3b szukaj\u0105cych nowoczesnego i niedrogiego projektu domu.\" \/>\n<meta property=\"og:url\" content=\"https:\/\/stalovers.pl\/de\/hauser\/s-serie\/\" \/>\n<meta property=\"og:site_name\" content=\"Stalovers\" \/>\n<meta property=\"article:modified_time\" content=\"2025-12-02T19:30:21+00:00\" \/>\n<meta property=\"og:image\" content=\"https:\/\/stalovers.pl\/wp-content\/uploads\/2025\/04\/nowoczesny-dom-jednorodzinny-z-biala-fasada-samochodem-i-motocyklem-na-podjezdzie-otoczony-zalesiona-dzialka-1.webp\" \/>\n\t<meta property=\"og:image:width\" content=\"1200\" \/>\n\t<meta property=\"og:image:height\" content=\"675\" \/>\n\t<meta property=\"og:image:type\" content=\"image\/webp\" \/>\n<meta name=\"twitter:card\" content=\"summary_large_image\" \/>\n<meta name=\"twitter:label1\" content=\"Gesch\u00e4tzte Lesezeit\" \/>\n\t<meta name=\"twitter:data1\" content=\"1\u00a0Minute\" \/>\n<script type=\"application\/ld+json\" class=\"yoast-schema-graph\">{\"@context\":\"https:\/\/schema.org\",\"@graph\":[{\"@type\":\"WebPage\",\"@id\":\"https:\/\/stalovers.pl\/domy\/seria-s\/\",\"url\":\"https:\/\/stalovers.pl\/domy\/seria-s\/\",\"name\":\"Seria S \u2013 ekonomiczne domy stalowe\",\"isPartOf\":{\"@id\":\"https:\/\/stalovers.pl\/#website\"},\"primaryImageOfPage\":{\"@id\":\"https:\/\/stalovers.pl\/domy\/seria-s\/#primaryimage\"},\"image\":{\"@id\":\"https:\/\/stalovers.pl\/domy\/seria-s\/#primaryimage\"},\"thumbnailUrl\":\"https:\/\/stalovers.pl\/wp-content\/uploads\/2025\/04\/nowoczesny-dom-jednorodzinny-z-biala-fasada-samochodem-i-motocyklem-na-podjezdzie-otoczony-zalesiona-dzialka-1.webp\",\"datePublished\":\"2024-07-30T10:22:09+00:00\",\"dateModified\":\"2025-12-02T19:30:21+00:00\",\"description\":\"Seria S to energooszcz\u0119dne domy stalowe o lekkiej konstrukcji. Idealne dla os\u00f3b szukaj\u0105cych nowoczesnego i niedrogiego projektu domu.\",\"breadcrumb\":{\"@id\":\"https:\/\/stalovers.pl\/domy\/seria-s\/#breadcrumb\"},\"inLanguage\":\"de\",\"potentialAction\":[{\"@type\":\"ReadAction\",\"target\":[\"https:\/\/stalovers.pl\/domy\/seria-s\/\"]}]},{\"@type\":\"ImageObject\",\"inLanguage\":\"de\",\"@id\":\"https:\/\/stalovers.pl\/domy\/seria-s\/#primaryimage\",\"url\":\"https:\/\/stalovers.pl\/wp-content\/uploads\/2025\/04\/nowoczesny-dom-jednorodzinny-z-biala-fasada-samochodem-i-motocyklem-na-podjezdzie-otoczony-zalesiona-dzialka-1.webp\",\"contentUrl\":\"https:\/\/stalovers.pl\/wp-content\/uploads\/2025\/04\/nowoczesny-dom-jednorodzinny-z-biala-fasada-samochodem-i-motocyklem-na-podjezdzie-otoczony-zalesiona-dzialka-1.webp\",\"width\":1200,\"height\":675,\"caption\":\"Nowoczesny dom jednorodzinny z bia\u0142\u0105 fasad\u0105, samochodem i motocyklem na podje\u017adzie, otoczony zalesion\u0105 dzia\u0142k\u0105.\"},{\"@type\":\"BreadcrumbList\",\"@id\":\"https:\/\/stalovers.pl\/domy\/seria-s\/#breadcrumb\",\"itemListElement\":[{\"@type\":\"ListItem\",\"position\":1,\"name\":\"Strona g\u0142\u00f3wna\",\"item\":\"https:\/\/stalovers.pl\/\"},{\"@type\":\"ListItem\",\"position\":2,\"name\":\"Domy\",\"item\":\"https:\/\/stalovers.pl\/domy\/\"},{\"@type\":\"ListItem\",\"position\":3,\"name\":\"Seria S\"}]},{\"@type\":\"WebSite\",\"@id\":\"https:\/\/stalovers.pl\/#website\",\"url\":\"https:\/\/stalovers.pl\/\",\"name\":\"Stalovers\",\"description\":\"Fabryka dom\u00f3w stalowych \u2013 nowoczesne domy i hale\",\"publisher\":{\"@id\":\"https:\/\/stalovers.pl\/#organization\"},\"potentialAction\":[{\"@type\":\"SearchAction\",\"target\":{\"@type\":\"EntryPoint\",\"urlTemplate\":\"https:\/\/stalovers.pl\/?s={search_term_string}\"},\"query-input\":{\"@type\":\"PropertyValueSpecification\",\"valueRequired\":true,\"valueName\":\"search_term_string\"}}],\"inLanguage\":\"de\"},{\"@type\":\"Organization\",\"@id\":\"https:\/\/stalovers.pl\/#organization\",\"name\":\"Stalovers\",\"url\":\"https:\/\/stalovers.pl\/\",\"logo\":{\"@type\":\"ImageObject\",\"inLanguage\":\"de\",\"@id\":\"https:\/\/stalovers.pl\/#\/schema\/logo\/image\/\",\"url\":\"\",\"contentUrl\":\"\",\"caption\":\"Stalovers\"},\"image\":{\"@id\":\"https:\/\/stalovers.pl\/#\/schema\/logo\/image\/\"}}]}<\/script>\n<!-- \/ Yoast SEO plugin. -->","yoast_head_json":{"title":"Serie S - wirtschaftliche Stahlh\u00e4user","description":"Die S-Serie sind energieeffiziente Stahlh\u00e4user in Leichtbauweise. Ideal f\u00fcr diejenigen, die ein modernes und erschwingliches Hausdesign suchen.","robots":{"index":"index","follow":"follow","max-snippet":"max-snippet:-1","max-image-preview":"max-image-preview:large","max-video-preview":"max-video-preview:-1"},"canonical":"https:\/\/stalovers.pl\/de\/hauser\/s-serie\/","og_locale":"de_DE","og_type":"article","og_title":"Seria S \u2013 ekonomiczne domy stalowe","og_description":"Seria S to energooszcz\u0119dne domy stalowe o lekkiej konstrukcji. Idealne dla os\u00f3b szukaj\u0105cych nowoczesnego i niedrogiego projektu domu.","og_url":"https:\/\/stalovers.pl\/de\/hauser\/s-serie\/","og_site_name":"Stalovers","article_modified_time":"2025-12-02T19:30:21+00:00","og_image":[{"width":1200,"height":675,"url":"https:\/\/stalovers.pl\/wp-content\/uploads\/2025\/04\/nowoczesny-dom-jednorodzinny-z-biala-fasada-samochodem-i-motocyklem-na-podjezdzie-otoczony-zalesiona-dzialka-1.webp","type":"image\/webp"}],"twitter_card":"summary_large_image","twitter_misc":{"Gesch\u00e4tzte Lesezeit":"1\u00a0Minute"},"schema":{"@context":"https:\/\/schema.org","@graph":[{"@type":"WebPage","@id":"https:\/\/stalovers.pl\/domy\/seria-s\/","url":"https:\/\/stalovers.pl\/domy\/seria-s\/","name":"Serie S - wirtschaftliche Stahlh\u00e4user","isPartOf":{"@id":"https:\/\/stalovers.pl\/#website"},"primaryImageOfPage":{"@id":"https:\/\/stalovers.pl\/domy\/seria-s\/#primaryimage"},"image":{"@id":"https:\/\/stalovers.pl\/domy\/seria-s\/#primaryimage"},"thumbnailUrl":"https:\/\/stalovers.pl\/wp-content\/uploads\/2025\/04\/nowoczesny-dom-jednorodzinny-z-biala-fasada-samochodem-i-motocyklem-na-podjezdzie-otoczony-zalesiona-dzialka-1.webp","datePublished":"2024-07-30T10:22:09+00:00","dateModified":"2025-12-02T19:30:21+00:00","description":"Die S-Serie sind energieeffiziente Stahlh\u00e4user in Leichtbauweise. Ideal f\u00fcr diejenigen, die ein modernes und erschwingliches Hausdesign suchen.","breadcrumb":{"@id":"https:\/\/stalovers.pl\/domy\/seria-s\/#breadcrumb"},"inLanguage":"de","potentialAction":[{"@type":"ReadAction","target":["https:\/\/stalovers.pl\/domy\/seria-s\/"]}]},{"@type":"ImageObject","inLanguage":"de","@id":"https:\/\/stalovers.pl\/domy\/seria-s\/#primaryimage","url":"https:\/\/stalovers.pl\/wp-content\/uploads\/2025\/04\/nowoczesny-dom-jednorodzinny-z-biala-fasada-samochodem-i-motocyklem-na-podjezdzie-otoczony-zalesiona-dzialka-1.webp","contentUrl":"https:\/\/stalovers.pl\/wp-content\/uploads\/2025\/04\/nowoczesny-dom-jednorodzinny-z-biala-fasada-samochodem-i-motocyklem-na-podjezdzie-otoczony-zalesiona-dzialka-1.webp","width":1200,"height":675,"caption":"Nowoczesny dom jednorodzinny z bia\u0142\u0105 fasad\u0105, samochodem i motocyklem na podje\u017adzie, otoczony zalesion\u0105 dzia\u0142k\u0105."},{"@type":"BreadcrumbList","@id":"https:\/\/stalovers.pl\/domy\/seria-s\/#breadcrumb","itemListElement":[{"@type":"ListItem","position":1,"name":"Strona g\u0142\u00f3wna","item":"https:\/\/stalovers.pl\/"},{"@type":"ListItem","position":2,"name":"Domy","item":"https:\/\/stalovers.pl\/domy\/"},{"@type":"ListItem","position":3,"name":"Seria S"}]},{"@type":"WebSite","@id":"https:\/\/stalovers.pl\/#website","url":"https:\/\/stalovers.pl\/","name":"Stalovers","description":"Stahlhausfabrik - moderne H\u00e4user und Hallen","publisher":{"@id":"https:\/\/stalovers.pl\/#organization"},"potentialAction":[{"@type":"SearchAction","target":{"@type":"EntryPoint","urlTemplate":"https:\/\/stalovers.pl\/?s={search_term_string}"},"query-input":{"@type":"PropertyValueSpecification","valueRequired":true,"valueName":"search_term_string"}}],"inLanguage":"de"},{"@type":"Organization","@id":"https:\/\/stalovers.pl\/#organization","name":"Stalovers","url":"https:\/\/stalovers.pl\/","logo":{"@type":"ImageObject","inLanguage":"de","@id":"https:\/\/stalovers.pl\/#\/schema\/logo\/image\/","url":"","contentUrl":"","caption":"Stalovers"},"image":{"@id":"https:\/\/stalovers.pl\/#\/schema\/logo\/image\/"}}]}},"_links":{"self":[{"href":"https:\/\/stalovers.pl\/de\/wp-json\/wp\/v2\/pages\/231","targetHints":{"allow":["GET"]}}],"collection":[{"href":"https:\/\/stalovers.pl\/de\/wp-json\/wp\/v2\/pages"}],"about":[{"href":"https:\/\/stalovers.pl\/de\/wp-json\/wp\/v2\/types\/page"}],"author":[{"embeddable":true,"href":"https:\/\/stalovers.pl\/de\/wp-json\/wp\/v2\/users\/1"}],"replies":[{"embeddable":true,"href":"https:\/\/stalovers.pl\/de\/wp-json\/wp\/v2\/comments?post=231"}],"version-history":[{"count":0,"href":"https:\/\/stalovers.pl\/de\/wp-json\/wp\/v2\/pages\/231\/revisions"}],"up":[{"embeddable":true,"href":"https:\/\/stalovers.pl\/de\/wp-json\/wp\/v2\/pages\/207"}],"wp:featuredmedia":[{"embeddable":true,"href":"https:\/\/stalovers.pl\/de\/wp-json\/wp\/v2\/media\/2933"}],"wp:attachment":[{"href":"https:\/\/stalovers.pl\/de\/wp-json\/wp\/v2\/media?parent=231"}],"curies":[{"name":"wp","href":"https:\/\/api.w.org\/{rel}","templated":true}]}}