{"id":23,"date":"2024-05-23T07:42:35","date_gmt":"2024-05-23T07:42:35","guid":{"rendered":"https:\/\/stalovers.pl\/?page_id=23"},"modified":"2025-12-02T13:23:03","modified_gmt":"2025-12-02T13:23:03","slug":"hallen","status":"publish","type":"page","link":"https:\/\/stalovers.pl\/de\/hallen\/","title":{"rendered":"S\u00e4le"},"content":{"rendered":"<section class=\"hero-section-centered\">\r\n    <div class=\"container-fluid\">\r\n        <div class=\"row mb-4 mb-lg-5 justify-content-lg-between\">\r\n            <div class=\"col-3 col-md-1 col-lg-2 d-none d-md-flex align-items-center\">\r\n                <div class=\"lc-block bg-dark ratio ratio-1x1 opacity-25\" style=\"\"> <\/div><!-- \/lc-block -->\r\n            <\/div><!-- \/col -->\r\n            <div class=\"col-4 col-md-3 col-lg-2 d-flex flex-column justify-content-between\">\r\n                <div class=\"lc-block bg-primary ratio ratio-1x1 opacity-25\" style=\"\"> <\/div><!-- \/lc-block -->\r\n                <div class=\"lc-block\">\r\n                                                            <img decoding=\"async\" class=\"img-fluid\" src=\"https:\/\/stalovers.pl\/wp-content\/uploads\/2025\/04\/new11-e1744541624139.jpg\"\r\n                        alt=\"Der Saal aus der Vogelperspektive der Stalovers\">\r\n                                    <\/div><!-- \/lc-block -->\r\n            <\/div><!-- \/col -->\r\n            <div class=\"col-4 col-md-4 col-lg-3\">\r\n                                                <img decoding=\"async\" class=\"img-fluid\" src=\"https:\/\/stalovers.pl\/wp-content\/uploads\/2025\/04\/IMG-1544.jpg\" style=\"object-fit:cover\"\r\n                    alt=\"Bau der Stalovers-Halle\">\r\n                            <\/div><!-- \/col -->\r\n            <div class=\"col-4 col-md-3 col-lg-2 d-flex flex-column justify-content-between\">\r\n                <div class=\"lc-block\">\r\n                                                            <img decoding=\"async\" class=\"img-fluid\" src=\"https:\/\/stalovers.pl\/wp-content\/uploads\/2025\/04\/HALA-STALOWA-KONSTRUKCJA-12m-x-25m-x-4m.jpeg\"\r\n                        alt=\"Stalovers Halle\">\r\n                                    <\/div><!-- \/lc-block -->\r\n                <div class=\"lc-block bg-primary ratio ratio-1x1 opacity-25\" style=\"\"> <\/div><!-- \/lc-block -->\r\n            <\/div><!-- \/col -->\r\n            <div class=\"col-3 col-md-1 col-lg-2 d-none d-md-flex  align-items-center\">\r\n                <div class=\"lc-block bg-dark ratio ratio-1x1 opacity-25\" style=\"\"> <\/div><!-- \/lc-block -->\r\n            <\/div><!-- \/col -->\r\n        <\/div>\r\n    <\/div>\r\n    <div class=\"container\">\r\n        <div class=\"row justify-content-center\">\r\n            <div class=\"lc-block text-center col-md-8\">\r\n                <div editable=\"rich\">\r\n                    <h1>Stalovers ist ein in Bialystok ans\u00e4ssiges Unternehmen, das sich auf den Bau moderner Hallen und Lager auf der Grundlage von leichten Stahlkonstruktionen spezialisiert hat.                    <\/h1>\r\n                <\/div>\r\n            <\/div>\r\n        <\/div>\r\n        <div class=\"row justify-content-center\">\r\n            <div class=\"lc-block text-center col-xxl-6 col-md-8\">\r\n                <div editable=\"rich\">\r\n                    <p class=\"lead\"><p>Unsere L\u00f6sungen vereinen Langlebigkeit, Funktionalit\u00e4t und Kosteneffizienz und sind damit die ideale Wahl f\u00fcr Unternehmen, die nach effizienten Industrier\u00e4umen suchen. <\/p>\n<\/p>\r\n                <\/div>\r\n            <\/div><!-- \/lc-block -->\r\n        <\/div>\r\n        <div class=\"d-grid gap-2 d-sm-flex justify-content-sm-center mb-5\">\r\n            <a href=\"#dlaczego\"\r\n                class=\"btn btn-primary btn-lg px-4 me-sm-3\">Warum unsere Hallen?<\/a>\r\n            <a href=\"\/de\/kontakt\/\"\r\n                class=\"btn btn-outline-secondary btn-lg px-4\">Kontakt<\/a>\r\n        <\/div>\r\n    <\/div>\r\n\r\n<\/section>\n\n\r\n<section class=\"hero-section-left\">\r\n    <div class=\"container py-2\">\r\n        <div class=\"row align-items-center g-5\">\r\n            <div class=\"col-12 col-lg-6\">\r\n                <h1 class=\"display-5  lh-1 mb-3\"><div id=\"dlaczego\"><\/div>Warum sollten Sie sich f\u00fcr Stahlhallen von Stalovers entscheiden?<\/h1>\r\n                <ul>\n<li><strong>Schnelle Umsetzung<\/strong>Dank des Einsatzes fortschrittlicher Technologien und bew\u00e4hrter Montagemethoden k\u00f6nnen wir den Bau der Halle in nur wenigen Monaten abschlie\u00dfen und so die Wartezeit bis zur Fertigstellung des Geb\u00e4udes erheblich verk\u00fcrzen.<\/li>\n<li><strong>Flexibilit\u00e4t bei der Gestaltung<\/strong>: Wir schneiden jedes Projekt auf die individuellen Bed\u00fcrfnisse des Kunden zu und ber\u00fccksichtigen dabei die Besonderheiten des Unternehmens und die geplante Raumnutzung.<\/li>\n<li><strong>Langlebigkeit und Sicherheit<\/strong>: Wir verwenden hochwertigen Stahl, der die Robustheit der Struktur und die Widerstandsf\u00e4higkeit gegen ung\u00fcnstige Witterungsbedingungen garantiert.<\/li>\n<li><strong>Kosten-Wirksamkeit<\/strong>Leichte Stahlkonstruktionen reduzieren die Gr\u00fcndungskosten und die Bauzeit, was zu finanziellen Einsparungen f\u00fchrt.<\/li>\n<\/ul>\n            <\/div>\r\n            <div class=\"col-12 col-lg-6\">\r\n                                                <img decoding=\"async\" src=\"https:\/\/stalovers.pl\/wp-content\/uploads\/2025\/04\/ChatGPT-Image-4-kwi-2025-14_08_11.jpg\" class=\"d-block mx-lg-auto img-fluid\"\r\n                    alt=\"Stalovers Halle\" width=\"700\" height=\"500\" loading=\"lazy\">\r\n                            <\/div>\r\n        <\/div>\r\n    <\/div>\r\n<\/section>\n\n\r\n<section class=\"hero-section-right\">\r\n    <div class=\"container py-2\">\r\n        <div class=\"row align-items-center g-5\">\r\n            <div class=\"col-10 col-sm-8 col-lg-6\">\r\n                                                <img decoding=\"async\" src=\"https:\/\/stalovers.pl\/wp-content\/uploads\/2025\/04\/1.jpg\" class=\"d-block mx-lg-auto img-fluid\"\r\n                    alt=\"Stalovers Hall aus der Vogelperspektive\" width=\"700\" height=\"500\" loading=\"lazy\">\r\n                            <\/div>\r\n            <div class=\"col-lg-6\">\r\n                <h1 class=\"display-5  lh-1 mb-3\">Umfassender Anlageservice<\/h1>\r\n                <p>Wir bieten eine umfassende Palette von Dienstleistungen an - von der Vorbereitung des Projekts \u00fcber die Unterst\u00fctzung bei der Einholung der erforderlichen Genehmigungen bis hin zur Realisierung und Inbetriebnahme des Geb\u00e4udes. Unser Spezialistenteam k\u00fcmmert sich um jede Phase des Bauprozesses und sorgt f\u00fcr h\u00f6chste Qualit\u00e4t der Dienstleistungen.<\/p>\n            <\/div>\r\n        <\/div>\r\n    <\/div>\r\n<\/section>\n\n\r\n<section class=\"hero-section-left\">\r\n    <div class=\"container py-2\">\r\n        <div class=\"row align-items-center g-5\">\r\n            <div class=\"col-12 col-lg-6\">\r\n                <h1 class=\"display-5  lh-1 mb-3\">Nutzung von Stahlhallen<\/h1>\r\n                <p>Unsere Strukturen werden in einer Vielzahl von Branchen eingesetzt, wie z. B..<\/p>\n<ul>\n<li><strong>Produktionshallen<\/strong>: Optimale L\u00f6sungen f\u00fcr Industrieanlagen.<\/li>\n<li><strong>L\u00e4den<\/strong>: Ger\u00e4umige und funktionelle Lagerr\u00e4ume f\u00fcr Waren.<\/li>\n<li><strong>Messehallen<\/strong>Moderne R\u00e4ume f\u00fcr kommerzielle Aktivit\u00e4ten.<\/li>\n<\/ul>\n<p><strong>Kontakt<\/strong><\/p>\n<p>Wenn Sie den Bau einer Stahlhalle planen und einen zuverl\u00e4ssigen Bauunternehmer suchen, laden wir Sie ein <a href=\"\/de\/kontakt\/\">Kontakt<\/a> z <strong>Stalovers<\/strong>. Gemeinsam werden wir einen Raum schaffen, der perfekt auf Ihre Bed\u00fcrfnisse zugeschnitten ist.<\/p>\n            <\/div>\r\n            <div class=\"col-12 col-lg-6\">\r\n                                                <img decoding=\"async\" src=\"https:\/\/stalovers.pl\/wp-content\/uploads\/2025\/04\/16731423_1753643414953506_1469395085_o.jpg\" class=\"d-block mx-lg-auto img-fluid\"\r\n                    alt=\"Bau der Stalovers-Halle\" width=\"700\" height=\"500\" loading=\"lazy\">\r\n                            <\/div>\r\n        <\/div>\r\n    <\/div>\r\n<\/section>","protected":false},"excerpt":{"rendered":"<p>Stalovers entwirft und baut funktionelle Hallen mit einem hohen Ma\u00df an Haltbarkeit und \u00c4sthetik. Sehen Sie sich unsere ma\u00dfgeschneiderten L\u00f6sungen an<\/p>","protected":false},"author":1,"featured_media":1782,"parent":0,"menu_order":0,"comment_status":"closed","ping_status":"closed","template":"page-templates\/steel-structures.php","meta":{"_acf_changed":false,"footnotes":""},"class_list":["post-23","page","type-page","status-publish","has-post-thumbnail","hentry"],"acf":[],"yoast_head":"<!-- This site is optimized with the Yoast SEO plugin v26.5 - https:\/\/yoast.com\/wordpress\/plugins\/seo\/ -->\n<title>Hale - Stalovers<\/title>\n<meta name=\"description\" content=\"Stalovers projektuje i buduje funkcjonalne hale o wysokiej trwa\u0142o\u015bci i estetyce. Sprawd\u017a nasze rozwi\u0105zania dopasowane do Twoich potrzeb.\" \/>\n<meta name=\"robots\" content=\"index, follow, max-snippet:-1, max-image-preview:large, max-video-preview:-1\" \/>\n<link rel=\"canonical\" href=\"https:\/\/stalovers.pl\/de\/hallen\/\" \/>\n<meta property=\"og:locale\" content=\"de_DE\" \/>\n<meta property=\"og:type\" content=\"article\" \/>\n<meta property=\"og:title\" content=\"Hale - Stalovers\" \/>\n<meta property=\"og:description\" content=\"Stalovers projektuje i buduje funkcjonalne hale o wysokiej trwa\u0142o\u015bci i estetyce. Sprawd\u017a nasze rozwi\u0105zania dopasowane do Twoich potrzeb.\" \/>\n<meta property=\"og:url\" content=\"https:\/\/stalovers.pl\/de\/hallen\/\" \/>\n<meta property=\"og:site_name\" content=\"Stalovers\" \/>\n<meta property=\"article:modified_time\" content=\"2025-12-02T13:23:03+00:00\" \/>\n<meta property=\"og:image\" content=\"https:\/\/stalovers.pl\/wp-content\/uploads\/2025\/04\/IMG-1544-1.jpg\" \/>\n\t<meta property=\"og:image:width\" content=\"810\" \/>\n\t<meta property=\"og:image:height\" content=\"1080\" \/>\n\t<meta property=\"og:image:type\" content=\"image\/jpeg\" \/>\n<meta name=\"twitter:card\" content=\"summary_large_image\" \/>\n<meta name=\"twitter:label1\" content=\"Gesch\u00e4tzte Lesezeit\" \/>\n\t<meta name=\"twitter:data1\" content=\"1\u00a0Minute\" \/>\n<script type=\"application\/ld+json\" class=\"yoast-schema-graph\">{\"@context\":\"https:\/\/schema.org\",\"@graph\":[{\"@type\":\"WebPage\",\"@id\":\"https:\/\/stalovers.pl\/hale\/\",\"url\":\"https:\/\/stalovers.pl\/hale\/\",\"name\":\"Hale - Stalovers\",\"isPartOf\":{\"@id\":\"https:\/\/stalovers.pl\/#website\"},\"primaryImageOfPage\":{\"@id\":\"https:\/\/stalovers.pl\/hale\/#primaryimage\"},\"image\":{\"@id\":\"https:\/\/stalovers.pl\/hale\/#primaryimage\"},\"thumbnailUrl\":\"https:\/\/stalovers.pl\/wp-content\/uploads\/2025\/04\/IMG-1544-1.jpg\",\"datePublished\":\"2024-05-23T07:42:35+00:00\",\"dateModified\":\"2025-12-02T13:23:03+00:00\",\"description\":\"Stalovers projektuje i buduje funkcjonalne hale o wysokiej trwa\u0142o\u015bci i estetyce. Sprawd\u017a nasze rozwi\u0105zania dopasowane do Twoich potrzeb.\",\"breadcrumb\":{\"@id\":\"https:\/\/stalovers.pl\/hale\/#breadcrumb\"},\"inLanguage\":\"de\",\"potentialAction\":[{\"@type\":\"ReadAction\",\"target\":[\"https:\/\/stalovers.pl\/hale\/\"]}]},{\"@type\":\"ImageObject\",\"inLanguage\":\"de\",\"@id\":\"https:\/\/stalovers.pl\/hale\/#primaryimage\",\"url\":\"https:\/\/stalovers.pl\/wp-content\/uploads\/2025\/04\/IMG-1544-1.jpg\",\"contentUrl\":\"https:\/\/stalovers.pl\/wp-content\/uploads\/2025\/04\/IMG-1544-1.jpg\",\"width\":810,\"height\":1080,\"caption\":\"Budowa hali Stalovers\"},{\"@type\":\"BreadcrumbList\",\"@id\":\"https:\/\/stalovers.pl\/hale\/#breadcrumb\",\"itemListElement\":[{\"@type\":\"ListItem\",\"position\":1,\"name\":\"Strona g\u0142\u00f3wna\",\"item\":\"https:\/\/stalovers.pl\/\"},{\"@type\":\"ListItem\",\"position\":2,\"name\":\"Hale\"}]},{\"@type\":\"WebSite\",\"@id\":\"https:\/\/stalovers.pl\/#website\",\"url\":\"https:\/\/stalovers.pl\/\",\"name\":\"Stalovers\",\"description\":\"Fabryka dom\u00f3w stalowych \u2013 nowoczesne domy i hale\",\"publisher\":{\"@id\":\"https:\/\/stalovers.pl\/#organization\"},\"potentialAction\":[{\"@type\":\"SearchAction\",\"target\":{\"@type\":\"EntryPoint\",\"urlTemplate\":\"https:\/\/stalovers.pl\/?s={search_term_string}\"},\"query-input\":{\"@type\":\"PropertyValueSpecification\",\"valueRequired\":true,\"valueName\":\"search_term_string\"}}],\"inLanguage\":\"de\"},{\"@type\":\"Organization\",\"@id\":\"https:\/\/stalovers.pl\/#organization\",\"name\":\"Stalovers\",\"url\":\"https:\/\/stalovers.pl\/\",\"logo\":{\"@type\":\"ImageObject\",\"inLanguage\":\"de\",\"@id\":\"https:\/\/stalovers.pl\/#\/schema\/logo\/image\/\",\"url\":\"\",\"contentUrl\":\"\",\"caption\":\"Stalovers\"},\"image\":{\"@id\":\"https:\/\/stalovers.pl\/#\/schema\/logo\/image\/\"}}]}<\/script>\n<!-- \/ Yoast SEO plugin. -->","yoast_head_json":{"title":"Hallen - Stalover","description":"Stalovers entwirft und baut funktionelle Hallen mit hoher Haltbarkeit und \u00c4sthetik. Sehen Sie sich unsere auf Ihre Bed\u00fcrfnisse zugeschnittenen L\u00f6sungen an.","robots":{"index":"index","follow":"follow","max-snippet":"max-snippet:-1","max-image-preview":"max-image-preview:large","max-video-preview":"max-video-preview:-1"},"canonical":"https:\/\/stalovers.pl\/de\/hallen\/","og_locale":"de_DE","og_type":"article","og_title":"Hale - Stalovers","og_description":"Stalovers projektuje i buduje funkcjonalne hale o wysokiej trwa\u0142o\u015bci i estetyce. Sprawd\u017a nasze rozwi\u0105zania dopasowane do Twoich potrzeb.","og_url":"https:\/\/stalovers.pl\/de\/hallen\/","og_site_name":"Stalovers","article_modified_time":"2025-12-02T13:23:03+00:00","og_image":[{"width":810,"height":1080,"url":"https:\/\/stalovers.pl\/wp-content\/uploads\/2025\/04\/IMG-1544-1.jpg","type":"image\/jpeg"}],"twitter_card":"summary_large_image","twitter_misc":{"Gesch\u00e4tzte Lesezeit":"1\u00a0Minute"},"schema":{"@context":"https:\/\/schema.org","@graph":[{"@type":"WebPage","@id":"https:\/\/stalovers.pl\/hale\/","url":"https:\/\/stalovers.pl\/hale\/","name":"Hallen - Stalover","isPartOf":{"@id":"https:\/\/stalovers.pl\/#website"},"primaryImageOfPage":{"@id":"https:\/\/stalovers.pl\/hale\/#primaryimage"},"image":{"@id":"https:\/\/stalovers.pl\/hale\/#primaryimage"},"thumbnailUrl":"https:\/\/stalovers.pl\/wp-content\/uploads\/2025\/04\/IMG-1544-1.jpg","datePublished":"2024-05-23T07:42:35+00:00","dateModified":"2025-12-02T13:23:03+00:00","description":"Stalovers entwirft und baut funktionelle Hallen mit hoher Haltbarkeit und \u00c4sthetik. Sehen Sie sich unsere auf Ihre Bed\u00fcrfnisse zugeschnittenen L\u00f6sungen an.","breadcrumb":{"@id":"https:\/\/stalovers.pl\/hale\/#breadcrumb"},"inLanguage":"de","potentialAction":[{"@type":"ReadAction","target":["https:\/\/stalovers.pl\/hale\/"]}]},{"@type":"ImageObject","inLanguage":"de","@id":"https:\/\/stalovers.pl\/hale\/#primaryimage","url":"https:\/\/stalovers.pl\/wp-content\/uploads\/2025\/04\/IMG-1544-1.jpg","contentUrl":"https:\/\/stalovers.pl\/wp-content\/uploads\/2025\/04\/IMG-1544-1.jpg","width":810,"height":1080,"caption":"Budowa hali Stalovers"},{"@type":"BreadcrumbList","@id":"https:\/\/stalovers.pl\/hale\/#breadcrumb","itemListElement":[{"@type":"ListItem","position":1,"name":"Strona g\u0142\u00f3wna","item":"https:\/\/stalovers.pl\/"},{"@type":"ListItem","position":2,"name":"Hale"}]},{"@type":"WebSite","@id":"https:\/\/stalovers.pl\/#website","url":"https:\/\/stalovers.pl\/","name":"Stalovers","description":"Stahlhausfabrik - moderne H\u00e4user und Hallen","publisher":{"@id":"https:\/\/stalovers.pl\/#organization"},"potentialAction":[{"@type":"SearchAction","target":{"@type":"EntryPoint","urlTemplate":"https:\/\/stalovers.pl\/?s={search_term_string}"},"query-input":{"@type":"PropertyValueSpecification","valueRequired":true,"valueName":"search_term_string"}}],"inLanguage":"de"},{"@type":"Organization","@id":"https:\/\/stalovers.pl\/#organization","name":"Stalovers","url":"https:\/\/stalovers.pl\/","logo":{"@type":"ImageObject","inLanguage":"de","@id":"https:\/\/stalovers.pl\/#\/schema\/logo\/image\/","url":"","contentUrl":"","caption":"Stalovers"},"image":{"@id":"https:\/\/stalovers.pl\/#\/schema\/logo\/image\/"}}]}},"_links":{"self":[{"href":"https:\/\/stalovers.pl\/de\/wp-json\/wp\/v2\/pages\/23","targetHints":{"allow":["GET"]}}],"collection":[{"href":"https:\/\/stalovers.pl\/de\/wp-json\/wp\/v2\/pages"}],"about":[{"href":"https:\/\/stalovers.pl\/de\/wp-json\/wp\/v2\/types\/page"}],"author":[{"embeddable":true,"href":"https:\/\/stalovers.pl\/de\/wp-json\/wp\/v2\/users\/1"}],"replies":[{"embeddable":true,"href":"https:\/\/stalovers.pl\/de\/wp-json\/wp\/v2\/comments?post=23"}],"version-history":[{"count":0,"href":"https:\/\/stalovers.pl\/de\/wp-json\/wp\/v2\/pages\/23\/revisions"}],"wp:featuredmedia":[{"embeddable":true,"href":"https:\/\/stalovers.pl\/de\/wp-json\/wp\/v2\/media\/1782"}],"wp:attachment":[{"href":"https:\/\/stalovers.pl\/de\/wp-json\/wp\/v2\/media?parent=23"}],"curies":[{"name":"wp","href":"https:\/\/api.w.org\/{rel}","templated":true}]}}