{"id":21,"date":"2024-05-23T07:42:29","date_gmt":"2024-05-23T07:42:29","guid":{"rendered":"https:\/\/stalovers.pl\/?page_id=21"},"modified":"2025-12-02T19:55:49","modified_gmt":"2025-12-02T19:55:49","slug":"entwicklungsangebot","status":"publish","type":"page","link":"https:\/\/stalovers.pl\/de\/entwicklungsangebot\/","title":{"rendered":"Angebot zur Entwicklung"},"content":{"rendered":"<section class=\"px-4 pt-2 text-center\">\r\n    <h1 class=\"display-4\">Moderne Fachwerkh\u00e4user in Bialystok<\/h1>\r\n    <div class=\"col-lg-6 mx-auto\">\r\n        <p class=\"lead mb-4\"><p>Wohnen in einem innovativen und energieeffizienten Haus<\/p>\n<\/p>\r\n        <div class=\"d-grid gap-2 d-sm-flex justify-content-sm-center mb-5\">\r\n            <a href=\"#oferta\"\r\n                class=\"btn btn-primary btn-lg px-4 me-sm-3\">Angebot ansehen<\/a>\r\n            <a href=\"\/de\/kontakt\/\"\r\n                class=\"btn btn-outline-secondary btn-lg px-4\">Kontakt<\/a>\r\n        <\/div>\r\n    <\/div>\r\n    <div class=\"overflow-hidden\" style=\"max-height: 30vh;\">\r\n        <div class=\"container px-5\">\r\n                                    <img decoding=\"async\" src=\"https:\/\/stalovers.pl\/wp-content\/uploads\/2024\/07\/nowoczesny-dom-nad-jeziorem-otoczony-zielenia-i-spokojnymi-falami-idealne-miejsce-na-relaks-w-naturze.jpg\" class=\"img-fluid rounded-3 mb-4\"\r\n                alt=\"Ein modernes Haus am See, umgeben von viel Gr\u00fcn und ruhigen Wellen, der perfekte Ort, um sich in der Natur zu entspannen.\" width=\"800\" height=\"600\" loading=\"lazy\">\r\n                    <\/div>\r\n    <\/div>\r\n<\/section>\n\n\r\n<section class=\"hero-section-left\">\r\n    <div class=\"container py-2\">\r\n        <div class=\"row align-items-center g-5\">\r\n            <div class=\"col-12 col-lg-6\">\r\n                <h1 class=\"display-5  lh-1 mb-3\">Eine Wohnung in ein Haus verwandeln...<\/h1>\r\n                <p>Es ist eine bequeme L\u00f6sung f\u00fcr Menschen, die ihre Wohnung ohne Stress und komplizierte Formalit\u00e4ten in ein neues Zuhause verwandeln wollen. Wenn Sie eine Eigentumswohnung oder ein Darlehen besitzen, helfen wir Ihnen, diese zu verkaufen, und k\u00fcmmern uns dann um den Bau Ihres neuen Heims. Der meiste Papierkram wird von uns erledigt, so dass der gesamte Prozess - vom Verkauf Ihrer Wohnung \u00fcber den Bau bis hin zum Umzug - einfach und stressfrei abl\u00e4uft. Das ist ideal f\u00fcr alle, die sich vor den Schwierigkeiten einer so gro\u00dfen Ver\u00e4nderung f\u00fcrchten.<\/p>\n            <\/div>\r\n            <div class=\"col-12 col-lg-6\">\r\n                                                <img decoding=\"async\" src=\"https:\/\/stalovers.pl\/wp-content\/uploads\/2025\/02\/Projekt-bez-nazwy.png\" class=\"d-block mx-lg-auto img-fluid\"\r\n                    alt=\"\" width=\"700\" height=\"500\" loading=\"lazy\">\r\n                            <\/div>\r\n        <\/div>\r\n    <\/div>\r\n<\/section>\n\n\r\n<section id=\"oferta\" class=\"offer py-5\">\r\n    <div class=\"container\">\r\n        <h2 class=\"text-center mb-4\">Unser Angebot<\/h2>\r\n        <div class=\"row\">\r\n                                    <div class=\"col-12 col-xl-4\">\r\n                <div class=\"card mb-4\">\r\n                                                            <img decoding=\"async\" src=\"https:\/\/stalovers.pl\/wp-content\/uploads\/2025\/02\/DJI_0174-e1739430858622.jpg\" class=\"card-img-top\"\r\n                        alt=\"\">\r\n                                        <div class=\"card-body\">\r\n                        <h3 class=\"card-title\">Zustand \u201eBasic\u201d<\/h3>\r\n                        <p class=\"card-text\"> In seinem Grundzustand ist das Haus von au\u00dfen vollst\u00e4ndig fertiggestellt. Dazu geh\u00f6ren eine solide Stahlkonstruktion, eine fertige Fassade, eingebaute Fenster und Au\u00dfent\u00fcren. Das bedeutet, dass das Geb\u00e4ude wetterfest und bereit f\u00fcr weitere Arbeiten im Inneren ist.<\/p>\r\n                    <\/div>\r\n                <\/div>\r\n            <\/div>\r\n                        <div class=\"col-12 col-xl-4\">\r\n                <div class=\"card mb-4\">\r\n                                                            <img decoding=\"async\" src=\"https:\/\/stalovers.pl\/wp-content\/uploads\/2025\/02\/IMG_20210816_121705_0026.jpg\" class=\"card-img-top\"\r\n                        alt=\"\">\r\n                                        <div class=\"card-body\">\r\n                        <h3 class=\"card-title\">Bedingung \u201eEntwickler\u201d<\/h3>\r\n                        <p class=\"card-text\"> Der Ausbauzustand umfasst alles, was im Grundzustand enthalten ist, aber zus\u00e4tzlich wird das Innere des Geb\u00e4udes umfassend vorbereitet. Es werden Sanit\u00e4r- und Elektroinstallationen vorgenommen, eine Fu\u00dfbodenheizung installiert, der Boden gegossen und eine PUR-Schaumd\u00e4mmung angebracht. Dar\u00fcber hinaus verf\u00fcgt das Haus \u00fcber Trennw\u00e4nde und Trockenbau, was einen schnellen \u00dcbergang zum Innenausbau erm\u00f6glicht.<\/p>\r\n                    <\/div>\r\n                <\/div>\r\n            <\/div>\r\n                        <div class=\"col-12 col-xl-4\">\r\n                <div class=\"card mb-4\">\r\n                                                            <img decoding=\"async\" src=\"https:\/\/stalovers.pl\/wp-content\/uploads\/2025\/02\/sdfsdsdf.jpg\" class=\"card-img-top\"\r\n                        alt=\"\">\r\n                                        <div class=\"card-body\">\r\n                        <h3 class=\"card-title\">Passen Sie den Geltungsbereich an Ihre Bed\u00fcrfnisse an!<\/h3>\r\n                        <p class=\"card-text\"> Wir wissen, dass jeder Bauherr andere Bed\u00fcrfnisse hat. Deshalb bieten wir die M\u00f6glichkeit, den Umfang der Arbeiten an die individuellen Erwartungen anzupassen. Wenn der Kunde Bauprofis in der Familie hat oder einen Teil der Arbeiten selbst erledigen m\u00f6chte, kann er entscheiden, welche Schritte er uns \u00fcberl\u00e4sst und welche er selbst ausf\u00fchren m\u00f6chte. So kann zum Beispiel auf die Elektroinstallation, die Fu\u00dfbodenheizung oder andere Elemente verzichtet werden, was eine gr\u00f6\u00dfere Flexibilit\u00e4t und Kontrolle \u00fcber das Budget erm\u00f6glicht.<\/p>\r\n                    <\/div>\r\n                <\/div>\r\n            <\/div>\r\n                                <\/div>\r\n    <\/div>\r\n<\/section>\n\n\r\n<section class=\"hero-section-left\">\r\n    <div class=\"container py-2\">\r\n        <div class=\"row align-items-center g-5\">\r\n            <div class=\"col-12 col-lg-6\">\r\n                <h1 class=\"display-5  lh-1 mb-3\">Ma\u00dfgeschneiderter Bialystok-Entwickler<\/h1>\r\n                <p>Wir haben uns auf die Herstellung von Einzel- und sogenannten Reihenh\u00e4usern spezialisiert. Unsere Arbeit basiert auf leichten und dauerhaften Stahlkonstruktionen, die das Skelett der von uns angebotenen H\u00e4user bilden. Ihre Verwendung, die bisher haupts\u00e4chlich mit westlichen Standards in Verbindung gebracht wurde, erm\u00f6glicht es, langlebige, feuerfeste Geb\u00e4ude mit nat\u00fcrlicher Erdung zu realisieren. Nat\u00fcrlich wird das Skelett mit traditionellen Materialien erg\u00e4nzt, je nach den W\u00fcnschen des Kunden.<\/p>\n<p><strong>Unser<\/strong>\u00a0<strong>Entwicklungsgesellschaft<\/strong>\u00a0besch\u00e4ftigt sich seit vielen Jahren mit dem Bau von Holzh\u00e4usern unterschiedlichster Gr\u00f6\u00dfe und Nutzung. Dank unserer umfangreichen Erfahrung im Bau gro\u00dfer Geb\u00e4ude sind wir in der Lage, die Herausforderung, ein komfortables und gleichzeitig dauerhaftes Wohnhaus zu errichten, zu meistern. Ein Beweis f\u00fcr unsere Professionalit\u00e4t ist die beachtliche Anzahl von Geb\u00e4uden, die von der\u00a0<strong>uns in Bialystok und Umgebung<\/strong>.<\/p>\n            <\/div>\r\n            <div class=\"col-12 col-lg-6\">\r\n                                                <img decoding=\"async\" src=\"https:\/\/stalovers.pl\/wp-content\/uploads\/2024\/11\/nowoczesne-domy-szeregowe-z-drewnianymi-elewacjami-podjazd-i-samochod-na-tle-slonecznego-dnia.jpg\" class=\"d-block mx-lg-auto img-fluid\"\r\n                    alt=\"Moderne Reihenh\u00e4user mit Holzfassade, Einfahrt und Auto vor der Kulisse eines sonnigen Tages.\" width=\"700\" height=\"500\" loading=\"lazy\">\r\n                            <\/div>\r\n        <\/div>\r\n    <\/div>\r\n<\/section>\n\n<section class=\"benefits py-5\">\r\n    <div class=\"container\">\r\n        <h2 class=\"text-center mb-5\">Vorteile unserer H\u00e4user<\/h2>\r\n        <div class=\"row text-center\">\r\n                                    <div class=\"col-md-6 col-xl-3 mb-5\">\r\n                <i class=\"fa fa-classic fa-solid fa-dollar-sign fa-3x mb-3\"><\/i>\r\n                <h4>Attraktiver Preis<\/h4>\r\n                <p>F\u00fcr den Bau der H\u00e4user sind keine massiven Fundamente erforderlich, was die Kosten senkt.<\/p>\r\n            <\/div>\r\n                        <div class=\"col-md-6 col-xl-3 mb-5\">\r\n                <i class=\"fa fa-classic fa-solid fa-clock fa-3x mb-3\"><\/i>\r\n                <h4>K\u00fcrzere Bauzeit<\/h4>\r\n                <p>Die schnelle Abwicklung des Projekts erm\u00f6glicht eine schnellere Eingew\u00f6hnung.<\/p>\r\n            <\/div>\r\n                        <div class=\"col-md-6 col-xl-3 mb-5\">\r\n                <i class=\"fa fa-classic fa-solid fa-paint-roller fa-3x mb-3\"><\/i>\r\n                <h4>Vielseitigkeit der Verarbeitungen<\/h4>\r\n                <p>M\u00f6glichkeit zur individuellen Gestaltung des \u00c4u\u00dferen nach dem eigenen Geschmack.<\/p>\r\n            <\/div>\r\n                        <div class=\"col-md-6 col-xl-3 mb-5\">\r\n                <i class=\"fa fa-classic fa-solid fa-leaf fa-3x mb-3\"><\/i>\r\n                <h4>Energie-Effizienz<\/h4>\r\n                <p>Moderne Technologie, die niedrigere Rechnungen garantiert.<\/p>\r\n            <\/div>\r\n                                <\/div>\r\n    <\/div>\r\n<\/section>\n\n\r\n<section class=\"testimonials\">\r\n    <div class=\"container text-center scrollUp\">\r\n        <h2 class=\"section-title\">Feedback von unseren Kunden <\/h2>\r\n        <p class=\"section-description\">Lesen Sie, was unsere Kunden \u00fcber ihre neuen Stahlh\u00e4user sagen. Ihre Zufriedenheit ist f\u00fcr uns von gr\u00f6\u00dfter Bedeutung<\/p>\r\n    <\/div>\r\n    <div class=\"testimonial mt-3 scrollUp\">\r\n        <div class=\"container\">\r\n            <div class=\"testimonial__inner\">\r\n                <div class=\"testimonial-slider\">\r\n                                                            <div class=\"testimonial-slide\">\r\n                        <div class=\"testimonial_box\">\r\n                            <div class=\"testimonial_box-inner\">\r\n                                <div class=\"testimonial_box-top\">\r\n                                    <div class=\"testimonial_box-icon d-none d-xl-block\">\r\n                                        <i class=\"fas fa-quote-right\"><\/i>\r\n                                    <\/div>\r\n                                    <div class=\"testimonial_box-text\">\r\n                                        <p><p>Wirklich tolle H\u00e4user. Schneller Bau, g\u00fcnstige Kosten und obendrein modern. Sehr zu empfehlen!<\/p>\n<\/p>\r\n                                    <\/div>\r\n                                    <div class=\"testimonial_box-shape\"><\/div>\r\n                                <\/div>\r\n                                <div class=\"testimonial_box-profile\">\r\n                                    <span>Jan Kowalski<\/span>\r\n                                <\/div>\r\n                            <\/div>\r\n                        <\/div>\r\n                    <\/div>\r\n                                        <div class=\"testimonial-slide\">\r\n                        <div class=\"testimonial_box\">\r\n                            <div class=\"testimonial_box-inner\">\r\n                                <div class=\"testimonial_box-top\">\r\n                                    <div class=\"testimonial_box-icon d-none d-xl-block\">\r\n                                        <i class=\"fas fa-quote-right\"><\/i>\r\n                                    <\/div>\r\n                                    <div class=\"testimonial_box-text\">\r\n                                        <p><p>Wirklich tolle H\u00e4user. Schneller Bau, g\u00fcnstige Kosten und obendrein modern. Sehr zu empfehlen!<\/p>\n<\/p>\r\n                                    <\/div>\r\n                                    <div class=\"testimonial_box-shape\"><\/div>\r\n                                <\/div>\r\n                                <div class=\"testimonial_box-profile\">\r\n                                    <span>Jan Kowalski<\/span>\r\n                                <\/div>\r\n                            <\/div>\r\n                        <\/div>\r\n                    <\/div>\r\n                                        <div class=\"testimonial-slide\">\r\n                        <div class=\"testimonial_box\">\r\n                            <div class=\"testimonial_box-inner\">\r\n                                <div class=\"testimonial_box-top\">\r\n                                    <div class=\"testimonial_box-icon d-none d-xl-block\">\r\n                                        <i class=\"fas fa-quote-right\"><\/i>\r\n                                    <\/div>\r\n                                    <div class=\"testimonial_box-text\">\r\n                                        <p><p>Wirklich tolle H\u00e4user. Schneller Bau, g\u00fcnstige Kosten und obendrein modern. Sehr zu empfehlen!<\/p>\n<\/p>\r\n                                    <\/div>\r\n                                    <div class=\"testimonial_box-shape\"><\/div>\r\n                                <\/div>\r\n                                <div class=\"testimonial_box-profile\">\r\n                                    <span>Jan Kowalski<\/span>\r\n                                <\/div>\r\n                            <\/div>\r\n                        <\/div>\r\n                    <\/div>\r\n                                        <div class=\"testimonial-slide\">\r\n                        <div class=\"testimonial_box\">\r\n                            <div class=\"testimonial_box-inner\">\r\n                                <div class=\"testimonial_box-top\">\r\n                                    <div class=\"testimonial_box-icon d-none d-xl-block\">\r\n                                        <i class=\"fas fa-quote-right\"><\/i>\r\n                                    <\/div>\r\n                                    <div class=\"testimonial_box-text\">\r\n                                        <p><p>Wirklich tolle H\u00e4user. Schneller Bau, g\u00fcnstige Kosten und obendrein modern. Sehr zu empfehlen!<\/p>\n<\/p>\r\n                                    <\/div>\r\n                                    <div class=\"testimonial_box-shape\"><\/div>\r\n                                <\/div>\r\n                                <div class=\"testimonial_box-profile\">\r\n                                    <span>Jan Kowalski<\/span>\r\n                                <\/div>\r\n                            <\/div>\r\n                        <\/div>\r\n                    <\/div>\r\n                                                        <\/div>\r\n            <\/div>\r\n        <\/div>\r\n    <\/div>\r\n<\/section>\n\n\r\n<div class=\"my-5 text-center\">\r\n    <a href=\"\/de\/verwirklichungen\/\" class=\"btn btn-primary btn-lg px-4\">Siehe unsere Realisierungen<\/a>\r\n<\/div>","protected":false},"excerpt":{"rendered":"<p>Fertige Stahlh\u00e4user im Angebot des Bautr\u00e4gers. Moderne Technik, schnelle Lieferung und hohe Energieeffizienz.<\/p>","protected":false},"author":1,"featured_media":3203,"parent":0,"menu_order":0,"comment_status":"closed","ping_status":"closed","template":"page-templates\/dev-offer.php","meta":{"_acf_changed":false,"footnotes":""},"class_list":["post-21","page","type-page","status-publish","has-post-thumbnail","hentry"],"acf":[],"yoast_head":"<!-- This site is optimized with the Yoast SEO plugin v26.5 - https:\/\/yoast.com\/wordpress\/plugins\/seo\/ -->\n<title>Oferta deweloperska \u2013 gotowe domy stalowe<\/title>\n<meta name=\"description\" content=\"Gotowe domy stalowe w ofercie deweloperskiej. Nowoczesna technologia, szybka realizacja i wysoka energooszcz\u0119dno\u015b\u0107.\" \/>\n<meta name=\"robots\" content=\"index, follow, max-snippet:-1, max-image-preview:large, max-video-preview:-1\" \/>\n<link rel=\"canonical\" href=\"https:\/\/stalovers.pl\/de\/entwicklungsangebot\/\" \/>\n<meta property=\"og:locale\" content=\"de_DE\" \/>\n<meta property=\"og:type\" content=\"article\" \/>\n<meta property=\"og:title\" content=\"Oferta deweloperska \u2013 gotowe domy stalowe\" \/>\n<meta property=\"og:description\" content=\"Gotowe domy stalowe w ofercie deweloperskiej. Nowoczesna technologia, szybka realizacja i wysoka energooszcz\u0119dno\u015b\u0107.\" \/>\n<meta property=\"og:url\" content=\"https:\/\/stalovers.pl\/de\/entwicklungsangebot\/\" \/>\n<meta property=\"og:site_name\" content=\"Stalovers\" \/>\n<meta property=\"article:modified_time\" content=\"2025-12-02T19:55:49+00:00\" \/>\n<meta property=\"og:image\" content=\"https:\/\/stalovers.pl\/wp-content\/uploads\/2025\/05\/IMG_0119.webp\" \/>\n\t<meta property=\"og:image:width\" content=\"1440\" \/>\n\t<meta property=\"og:image:height\" content=\"1080\" \/>\n\t<meta property=\"og:image:type\" content=\"image\/webp\" \/>\n<meta name=\"twitter:card\" content=\"summary_large_image\" \/>\n<meta name=\"twitter:label1\" content=\"Gesch\u00e4tzte Lesezeit\" \/>\n\t<meta name=\"twitter:data1\" content=\"1\u00a0Minute\" \/>\n<script type=\"application\/ld+json\" class=\"yoast-schema-graph\">{\"@context\":\"https:\/\/schema.org\",\"@graph\":[{\"@type\":\"WebPage\",\"@id\":\"https:\/\/stalovers.pl\/oferta-deweloperska\/\",\"url\":\"https:\/\/stalovers.pl\/oferta-deweloperska\/\",\"name\":\"Oferta deweloperska \u2013 gotowe domy stalowe\",\"isPartOf\":{\"@id\":\"https:\/\/stalovers.pl\/#website\"},\"primaryImageOfPage\":{\"@id\":\"https:\/\/stalovers.pl\/oferta-deweloperska\/#primaryimage\"},\"image\":{\"@id\":\"https:\/\/stalovers.pl\/oferta-deweloperska\/#primaryimage\"},\"thumbnailUrl\":\"https:\/\/stalovers.pl\/wp-content\/uploads\/2025\/05\/IMG_0119.webp\",\"datePublished\":\"2024-05-23T07:42:29+00:00\",\"dateModified\":\"2025-12-02T19:55:49+00:00\",\"description\":\"Gotowe domy stalowe w ofercie deweloperskiej. Nowoczesna technologia, szybka realizacja i wysoka energooszcz\u0119dno\u015b\u0107.\",\"breadcrumb\":{\"@id\":\"https:\/\/stalovers.pl\/oferta-deweloperska\/#breadcrumb\"},\"inLanguage\":\"de\",\"potentialAction\":[{\"@type\":\"ReadAction\",\"target\":[\"https:\/\/stalovers.pl\/oferta-deweloperska\/\"]}]},{\"@type\":\"ImageObject\",\"inLanguage\":\"de\",\"@id\":\"https:\/\/stalovers.pl\/oferta-deweloperska\/#primaryimage\",\"url\":\"https:\/\/stalovers.pl\/wp-content\/uploads\/2025\/05\/IMG_0119.webp\",\"contentUrl\":\"https:\/\/stalovers.pl\/wp-content\/uploads\/2025\/05\/IMG_0119.webp\",\"width\":1440,\"height\":1080,\"caption\":\"Konstrukcja Domu\"},{\"@type\":\"BreadcrumbList\",\"@id\":\"https:\/\/stalovers.pl\/oferta-deweloperska\/#breadcrumb\",\"itemListElement\":[{\"@type\":\"ListItem\",\"position\":1,\"name\":\"Strona g\u0142\u00f3wna\",\"item\":\"https:\/\/stalovers.pl\/\"},{\"@type\":\"ListItem\",\"position\":2,\"name\":\"Oferta deweloperska\"}]},{\"@type\":\"WebSite\",\"@id\":\"https:\/\/stalovers.pl\/#website\",\"url\":\"https:\/\/stalovers.pl\/\",\"name\":\"Stalovers\",\"description\":\"Fabryka dom\u00f3w stalowych \u2013 nowoczesne domy i hale\",\"publisher\":{\"@id\":\"https:\/\/stalovers.pl\/#organization\"},\"potentialAction\":[{\"@type\":\"SearchAction\",\"target\":{\"@type\":\"EntryPoint\",\"urlTemplate\":\"https:\/\/stalovers.pl\/?s={search_term_string}\"},\"query-input\":{\"@type\":\"PropertyValueSpecification\",\"valueRequired\":true,\"valueName\":\"search_term_string\"}}],\"inLanguage\":\"de\"},{\"@type\":\"Organization\",\"@id\":\"https:\/\/stalovers.pl\/#organization\",\"name\":\"Stalovers\",\"url\":\"https:\/\/stalovers.pl\/\",\"logo\":{\"@type\":\"ImageObject\",\"inLanguage\":\"de\",\"@id\":\"https:\/\/stalovers.pl\/#\/schema\/logo\/image\/\",\"url\":\"\",\"contentUrl\":\"\",\"caption\":\"Stalovers\"},\"image\":{\"@id\":\"https:\/\/stalovers.pl\/#\/schema\/logo\/image\/\"}}]}<\/script>\n<!-- \/ Yoast SEO plugin. -->","yoast_head_json":{"title":"Entwicklungsangebot - fertige Stahlh\u00e4user","description":"Fertige Stahlh\u00e4user im Angebot des Bautr\u00e4gers. Moderne Technik, schnelle Lieferung und hohe Energieeffizienz.","robots":{"index":"index","follow":"follow","max-snippet":"max-snippet:-1","max-image-preview":"max-image-preview:large","max-video-preview":"max-video-preview:-1"},"canonical":"https:\/\/stalovers.pl\/de\/entwicklungsangebot\/","og_locale":"de_DE","og_type":"article","og_title":"Oferta deweloperska \u2013 gotowe domy stalowe","og_description":"Gotowe domy stalowe w ofercie deweloperskiej. Nowoczesna technologia, szybka realizacja i wysoka energooszcz\u0119dno\u015b\u0107.","og_url":"https:\/\/stalovers.pl\/de\/entwicklungsangebot\/","og_site_name":"Stalovers","article_modified_time":"2025-12-02T19:55:49+00:00","og_image":[{"width":1440,"height":1080,"url":"https:\/\/stalovers.pl\/wp-content\/uploads\/2025\/05\/IMG_0119.webp","type":"image\/webp"}],"twitter_card":"summary_large_image","twitter_misc":{"Gesch\u00e4tzte Lesezeit":"1\u00a0Minute"},"schema":{"@context":"https:\/\/schema.org","@graph":[{"@type":"WebPage","@id":"https:\/\/stalovers.pl\/oferta-deweloperska\/","url":"https:\/\/stalovers.pl\/oferta-deweloperska\/","name":"Entwicklungsangebot - fertige Stahlh\u00e4user","isPartOf":{"@id":"https:\/\/stalovers.pl\/#website"},"primaryImageOfPage":{"@id":"https:\/\/stalovers.pl\/oferta-deweloperska\/#primaryimage"},"image":{"@id":"https:\/\/stalovers.pl\/oferta-deweloperska\/#primaryimage"},"thumbnailUrl":"https:\/\/stalovers.pl\/wp-content\/uploads\/2025\/05\/IMG_0119.webp","datePublished":"2024-05-23T07:42:29+00:00","dateModified":"2025-12-02T19:55:49+00:00","description":"Fertige Stahlh\u00e4user im Angebot des Bautr\u00e4gers. Moderne Technik, schnelle Lieferung und hohe Energieeffizienz.","breadcrumb":{"@id":"https:\/\/stalovers.pl\/oferta-deweloperska\/#breadcrumb"},"inLanguage":"de","potentialAction":[{"@type":"ReadAction","target":["https:\/\/stalovers.pl\/oferta-deweloperska\/"]}]},{"@type":"ImageObject","inLanguage":"de","@id":"https:\/\/stalovers.pl\/oferta-deweloperska\/#primaryimage","url":"https:\/\/stalovers.pl\/wp-content\/uploads\/2025\/05\/IMG_0119.webp","contentUrl":"https:\/\/stalovers.pl\/wp-content\/uploads\/2025\/05\/IMG_0119.webp","width":1440,"height":1080,"caption":"Konstrukcja Domu"},{"@type":"BreadcrumbList","@id":"https:\/\/stalovers.pl\/oferta-deweloperska\/#breadcrumb","itemListElement":[{"@type":"ListItem","position":1,"name":"Strona g\u0142\u00f3wna","item":"https:\/\/stalovers.pl\/"},{"@type":"ListItem","position":2,"name":"Oferta deweloperska"}]},{"@type":"WebSite","@id":"https:\/\/stalovers.pl\/#website","url":"https:\/\/stalovers.pl\/","name":"Stalovers","description":"Stahlhausfabrik - moderne H\u00e4user und Hallen","publisher":{"@id":"https:\/\/stalovers.pl\/#organization"},"potentialAction":[{"@type":"SearchAction","target":{"@type":"EntryPoint","urlTemplate":"https:\/\/stalovers.pl\/?s={search_term_string}"},"query-input":{"@type":"PropertyValueSpecification","valueRequired":true,"valueName":"search_term_string"}}],"inLanguage":"de"},{"@type":"Organization","@id":"https:\/\/stalovers.pl\/#organization","name":"Stalovers","url":"https:\/\/stalovers.pl\/","logo":{"@type":"ImageObject","inLanguage":"de","@id":"https:\/\/stalovers.pl\/#\/schema\/logo\/image\/","url":"","contentUrl":"","caption":"Stalovers"},"image":{"@id":"https:\/\/stalovers.pl\/#\/schema\/logo\/image\/"}}]}},"_links":{"self":[{"href":"https:\/\/stalovers.pl\/de\/wp-json\/wp\/v2\/pages\/21","targetHints":{"allow":["GET"]}}],"collection":[{"href":"https:\/\/stalovers.pl\/de\/wp-json\/wp\/v2\/pages"}],"about":[{"href":"https:\/\/stalovers.pl\/de\/wp-json\/wp\/v2\/types\/page"}],"author":[{"embeddable":true,"href":"https:\/\/stalovers.pl\/de\/wp-json\/wp\/v2\/users\/1"}],"replies":[{"embeddable":true,"href":"https:\/\/stalovers.pl\/de\/wp-json\/wp\/v2\/comments?post=21"}],"version-history":[{"count":0,"href":"https:\/\/stalovers.pl\/de\/wp-json\/wp\/v2\/pages\/21\/revisions"}],"wp:featuredmedia":[{"embeddable":true,"href":"https:\/\/stalovers.pl\/de\/wp-json\/wp\/v2\/media\/3203"}],"wp:attachment":[{"href":"https:\/\/stalovers.pl\/de\/wp-json\/wp\/v2\/media?parent=21"}],"curies":[{"name":"wp","href":"https:\/\/api.w.org\/{rel}","templated":true}]}}