{"id":207,"date":"2024-07-27T12:29:14","date_gmt":"2024-07-27T12:29:14","guid":{"rendered":"https:\/\/stalovers.pl\/?page_id=207"},"modified":"2025-12-02T19:07:59","modified_gmt":"2025-12-02T19:07:59","slug":"hauser","status":"publish","type":"page","link":"https:\/\/stalovers.pl\/de\/hauser\/","title":{"rendered":"H\u00e4user"},"content":{"rendered":"<div class=\"breadcrumbs\"><nav aria-label=\"Brotkr\u00fcmel\" class=\"breadcrumb-container\"><ol class=\"breadcrumb\"><li class=\"breadcrumb-item\"><a href=\"https:\/\/stalovers.pl\/de\"><i class=\"fas fa-home\"><\/i> Startseite<\/a><\/li><\/ol><\/nav><\/div>\n\n\r\n\r\n<h1 class=\"section-title\">Schauen Sie sich unsere H\u00e4user an!<\/h1>\r\n<p class=\"section-description\"><\/p>\r\n<div class=\"row g-4\">\r\n            <a href=\"\/de\/hauser\/s-serie\/\" class=\"col-12 col-md-6 col-lg-4\">\r\n        <div class=\"card\">\r\n            <div class=\"card-header p-0\">\r\n                                                <img decoding=\"async\" src=\"https:\/\/stalovers.pl\/wp-content\/uploads\/2024\/07\/nowoczesny-dom-w-otoczeniu-zieleni-z-drewnianym-tarasem-i-ogrodem-idealne-miejsce-na-relaks-i-odpoczynek-na-lonie-natury.jpg\" alt=\"Ein modernes Haus im Gr\u00fcnen mit Holzterrasse und Garten, ein idealer Ort zum Entspannen und Erholen in der Natur.\"\r\n                    class=\"w-100\" \/>\r\n                            <\/div>\r\n            <div class=\"card-body\">\r\n                <h5 class=\"card-title\">Serie S<\/h5>\r\n                <p class=\"card-text\"><p><em>Moderne Wohnungen in <span style=\"color: blue\">S<\/span>Heckscheune, die sich durch minimalistisches Design, gro\u00dfe Verglasungen und gefalzte Blechfassaden auszeichnet. Die perfekte Kombination aus \u00c4sthetik, Funktionalit\u00e4t und Energieeffizienz.<\/em><\/p>\n<\/p>\r\n            <\/div>\r\n        <\/div>\r\n    <\/a>\r\n        <a href=\"\/de\/hauser\/t-serie\/\" class=\"col-12 col-md-6 col-lg-4\">\r\n        <div class=\"card\">\r\n            <div class=\"card-header p-0\">\r\n                                                <img decoding=\"async\" src=\"https:\/\/stalovers.pl\/wp-content\/uploads\/2024\/07\/nowoczesny-bialy-dom-z-duzymi-oknami-w-otoczeniu-zieleni-z-zaparkowanym-bialym-samochodem-na-podjezdzie.jpg\" alt=\"Ein modernes wei\u00dfes Haus mit gro\u00dfen Fenstern, umgeben von Gr\u00fcn, mit einem wei\u00dfen Auto in der Einfahrt.\"\r\n                    class=\"w-100\" \/>\r\n                            <\/div>\r\n            <div class=\"card-body\">\r\n                <h5 class=\"card-title\">T-Serie<\/h5>\r\n                <p class=\"card-text\"><p><em>H\u00e4user mit <span style=\"color: blue\">T<\/span>eine radikale Karosserie mit einem klassischen Dach, das mit elegantem Blech verkleidet ist. Eine Kombination aus zeitloser \u00c4sthetik und modernen technischen L\u00f6sungen.<\/em><\/p>\n<\/p>\r\n            <\/div>\r\n        <\/div>\r\n    <\/a>\r\n        <a href=\"\/de\/hauser\/eine-serie\/\" class=\"col-12 col-md-6 col-lg-4\">\r\n        <div class=\"card\">\r\n            <div class=\"card-header p-0\">\r\n                                                <img decoding=\"async\" src=\"https:\/\/stalovers.pl\/wp-content\/uploads\/2024\/07\/nowoczesny-dom-z-drewna-w-lesie-otoczony-zielenia-z-tarasem-i-relaksujacymi-siedziskami-na-malowniczym-trawniku.jpg\" alt=\"Ein modernes Holzhaus im Wald, umgeben von viel Gr\u00fcn, mit einer Terrasse und Sitzgelegenheiten auf einer malerischen Wiese.\"\r\n                    class=\"w-100\" \/>\r\n                            <\/div>\r\n            <div class=\"card-body\">\r\n                <h5 class=\"card-title\">Eine Serie<\/h5>\r\n                <p class=\"card-text\"><p><em>H\u00e4user sollen gemeldet, nicht gebaut werden<span style=\"color: blue\">A<\/span>die eine Baugenehmigung erfordern, mit einem Fassadenumfang von bis zu 70 m\u00b2. Dank ihrer durchdachten Gestaltung bieten sie Ger\u00e4umigkeit und Komfort auf mehr als 100 m\u00b2 Wohnfl\u00e4che.<\/em><\/p>\n<\/p>\r\n            <\/div>\r\n        <\/div>\r\n    <\/a>\r\n        <a href=\"\/de\/hauser\/l-serie\/\" class=\"col-12 col-md-6 col-lg-4\">\r\n        <div class=\"card\">\r\n            <div class=\"card-header p-0\">\r\n                                                <img decoding=\"async\" src=\"https:\/\/stalovers.pl\/wp-content\/uploads\/2024\/07\/dom-jednorodzinny-z-drewnianymi-elementami-otoczony-ogrodem-sciezka-i-rowerem-na-tle-blekitnego-nieba.webp\" alt=\"Ein freistehendes Haus in Fachwerkbauweise, umgeben von einem Garten, einem Weg und einem Radweg, vor einem blauen Himmel.\"\r\n                    class=\"w-100\" \/>\r\n                            <\/div>\r\n            <div class=\"card-body\">\r\n                <h5 class=\"card-title\">Serie L<\/h5>\r\n                <p class=\"card-text\"><p><em>Einst\u00f6ckige H\u00e4user <span style=\"color: blue\">\u0141<\/span>die Funktionalit\u00e4t und Wohnkomfort auf einer Ebene vereint. Ger\u00e4umig und modern, ideal f\u00fcr diejenigen, die Komfort ohne Treppen zu sch\u00e4tzen wissen.<\/em><\/p>\n<\/p>\r\n            <\/div>\r\n        <\/div>\r\n    <\/a>\r\n        <a href=\"\/de\/hauser\/serie-uber\/\" class=\"col-12 col-md-6 col-lg-4\">\r\n        <div class=\"card\">\r\n            <div class=\"card-header p-0\">\r\n                                                <img decoding=\"async\" src=\"https:\/\/stalovers.pl\/wp-content\/uploads\/2025\/04\/20250401_1132_Realistyczna-Wizualizacja-Domu_remix_01jqrb4ntzfrdtjwpxzbvgs6bw.jpg\" alt=\"\"\r\n                    class=\"w-100\" \/>\r\n                            <\/div>\r\n            <div class=\"card-body\">\r\n                <h5 class=\"card-title\">O-Serie<\/h5>\r\n                <p class=\"card-text\"><p><em>D<span style=\"color: blue\">O<\/span>wir mit einer Garage im Korpus, die Wohnraum mit praktischen L\u00f6sungen harmonisch verbinden. Ideal f\u00fcr diejenigen, die Komfort und architektonische Konsistenz sch\u00e4tzen.<\/em><\/p>\n<\/p>\r\n            <\/div>\r\n        <\/div>\r\n    <\/a>\r\n        <a href=\"\/de\/hauser\/reihe-v\/\" class=\"col-12 col-md-6 col-lg-4\">\r\n        <div class=\"card\">\r\n            <div class=\"card-header p-0\">\r\n                                                <img decoding=\"async\" src=\"https:\/\/stalovers.pl\/wp-content\/uploads\/2024\/07\/jednorodzinny-dom-w-otoczeniu-zieleni-projekt-finansowany-z-funduszy-europejskich-polska.png\" alt=\"Von Gr\u00fcn umgebenes Einfamilienhaus, europ\u00e4isch finanziertes Projekt, Polen.\"\r\n                    class=\"w-100\" \/>\r\n                            <\/div>\r\n            <div class=\"card-body\">\r\n                <h5 class=\"card-title\">Baureihe V<\/h5>\r\n                <p class=\"card-text\"><p><em>Inspiro H\u00e4user<span style=\"color: blue\">V<\/span>ane deutsche Architektur, die sich durch ihre einzigartige Form, Funktionalit\u00e4t und h\u00f6chste Verarbeitungsqualit\u00e4t auszeichnet. Ideal f\u00fcr Liebhaber von zeitlosem Stil und praktischen L\u00f6sungen.<\/em><\/p>\n<\/p>\r\n            <\/div>\r\n        <\/div>\r\n    <\/a>\r\n        <a href=\"\/de\/hauser\/partner\/\" class=\"col-12 col-md-6 col-lg-4\">\r\n        <div class=\"card\">\r\n            <div class=\"card-header p-0\">\r\n                                                <img decoding=\"async\" src=\"https:\/\/stalovers.pl\/wp-content\/uploads\/2024\/07\/nowoczesne-domy-blizniacze-z-drewnianymi-elewacjami-i-przestronnymi-oknami-w-zielonej-okolicy.png\" alt=\"Moderne Doppelhaush\u00e4lften mit Holzfassade und gro\u00dfen Fenstern in einer gr\u00fcnen Umgebung.\"\r\n                    class=\"w-100\" \/>\r\n                            <\/div>\r\n            <div class=\"card-body\">\r\n                <h5 class=\"card-title\">PARTNER<\/h5>\r\n                <p class=\"card-text\"><p><em>Hausentw\u00fcrfe von renommierten externen Unternehmen, mit denen wir zusammenarbeiten. Sorgf\u00e4ltig ausgew\u00e4hlte L\u00f6sungen, die eine Vielfalt von Stilen und h\u00f6chste Qualit\u00e4t in der Ausf\u00fchrung garantieren.<\/em><\/p>\n<\/p>\r\n            <\/div>\r\n        <\/div>\r\n    <\/a>\r\n        <\/div>","protected":false},"excerpt":{"rendered":"<p>\u00dcberblick \u00fcber moderne Stahlh\u00e4user. Schnelle Konstruktion, Langlebigkeit und energieeffiziente L\u00f6sungen f\u00fcr Ihre Bed\u00fcrfnisse.<\/p>","protected":false},"author":1,"featured_media":3203,"parent":0,"menu_order":0,"comment_status":"closed","ping_status":"closed","template":"page-templates\/houses.php","meta":{"_acf_changed":false,"footnotes":""},"class_list":["post-207","page","type-page","status-publish","has-post-thumbnail","hentry"],"acf":[],"yoast_head":"<!-- This site is optimized with the Yoast SEO plugin v26.5 - https:\/\/yoast.com\/wordpress\/plugins\/seo\/ -->\n<title>Domy - Stalovers<\/title>\n<meta name=\"description\" content=\"Przegl\u0105d nowoczesnych dom\u00f3w stalowych. Szybka budowa, trwa\u0142o\u015b\u0107 i energooszcz\u0119dne rozwi\u0105zania dopasowane do Twoich potrzeb.\" \/>\n<meta name=\"robots\" content=\"index, follow, max-snippet:-1, max-image-preview:large, max-video-preview:-1\" \/>\n<link rel=\"canonical\" href=\"https:\/\/stalovers.pl\/de\/hauser\/\" \/>\n<meta property=\"og:locale\" content=\"de_DE\" \/>\n<meta property=\"og:type\" content=\"article\" \/>\n<meta property=\"og:title\" content=\"Domy\" \/>\n<meta property=\"og:description\" content=\"Domy Stalowe.\" \/>\n<meta property=\"og:url\" content=\"https:\/\/stalovers.pl\/de\/hauser\/\" \/>\n<meta property=\"og:site_name\" content=\"Stalovers\" \/>\n<meta property=\"article:modified_time\" content=\"2025-12-02T19:07:59+00:00\" \/>\n<meta property=\"og:image\" content=\"https:\/\/stalovers.pl\/wp-content\/uploads\/2025\/05\/IMG_0119.webp\" \/>\n\t<meta property=\"og:image:width\" content=\"1440\" \/>\n\t<meta property=\"og:image:height\" content=\"1080\" \/>\n\t<meta property=\"og:image:type\" content=\"image\/webp\" \/>\n<meta name=\"twitter:card\" content=\"summary_large_image\" \/>\n<meta name=\"twitter:label1\" content=\"Gesch\u00e4tzte Lesezeit\" \/>\n\t<meta name=\"twitter:data1\" content=\"1\u00a0Minute\" \/>\n<script type=\"application\/ld+json\" class=\"yoast-schema-graph\">{\"@context\":\"https:\/\/schema.org\",\"@graph\":[{\"@type\":\"WebPage\",\"@id\":\"https:\/\/stalovers.pl\/domy\/\",\"url\":\"https:\/\/stalovers.pl\/domy\/\",\"name\":\"Domy - Stalovers\",\"isPartOf\":{\"@id\":\"https:\/\/stalovers.pl\/#website\"},\"primaryImageOfPage\":{\"@id\":\"https:\/\/stalovers.pl\/domy\/#primaryimage\"},\"image\":{\"@id\":\"https:\/\/stalovers.pl\/domy\/#primaryimage\"},\"thumbnailUrl\":\"https:\/\/stalovers.pl\/wp-content\/uploads\/2025\/05\/IMG_0119.webp\",\"datePublished\":\"2024-07-27T12:29:14+00:00\",\"dateModified\":\"2025-12-02T19:07:59+00:00\",\"description\":\"Przegl\u0105d nowoczesnych dom\u00f3w stalowych. Szybka budowa, trwa\u0142o\u015b\u0107 i energooszcz\u0119dne rozwi\u0105zania dopasowane do Twoich potrzeb.\",\"breadcrumb\":{\"@id\":\"https:\/\/stalovers.pl\/domy\/#breadcrumb\"},\"inLanguage\":\"de\",\"potentialAction\":[{\"@type\":\"ReadAction\",\"target\":[\"https:\/\/stalovers.pl\/domy\/\"]}]},{\"@type\":\"ImageObject\",\"inLanguage\":\"de\",\"@id\":\"https:\/\/stalovers.pl\/domy\/#primaryimage\",\"url\":\"https:\/\/stalovers.pl\/wp-content\/uploads\/2025\/05\/IMG_0119.webp\",\"contentUrl\":\"https:\/\/stalovers.pl\/wp-content\/uploads\/2025\/05\/IMG_0119.webp\",\"width\":1440,\"height\":1080,\"caption\":\"Konstrukcja Domu\"},{\"@type\":\"BreadcrumbList\",\"@id\":\"https:\/\/stalovers.pl\/domy\/#breadcrumb\",\"itemListElement\":[{\"@type\":\"ListItem\",\"position\":1,\"name\":\"Strona g\u0142\u00f3wna\",\"item\":\"https:\/\/stalovers.pl\/\"},{\"@type\":\"ListItem\",\"position\":2,\"name\":\"Domy\"}]},{\"@type\":\"WebSite\",\"@id\":\"https:\/\/stalovers.pl\/#website\",\"url\":\"https:\/\/stalovers.pl\/\",\"name\":\"Stalovers\",\"description\":\"Fabryka dom\u00f3w stalowych \u2013 nowoczesne domy i hale\",\"publisher\":{\"@id\":\"https:\/\/stalovers.pl\/#organization\"},\"potentialAction\":[{\"@type\":\"SearchAction\",\"target\":{\"@type\":\"EntryPoint\",\"urlTemplate\":\"https:\/\/stalovers.pl\/?s={search_term_string}\"},\"query-input\":{\"@type\":\"PropertyValueSpecification\",\"valueRequired\":true,\"valueName\":\"search_term_string\"}}],\"inLanguage\":\"de\"},{\"@type\":\"Organization\",\"@id\":\"https:\/\/stalovers.pl\/#organization\",\"name\":\"Stalovers\",\"url\":\"https:\/\/stalovers.pl\/\",\"logo\":{\"@type\":\"ImageObject\",\"inLanguage\":\"de\",\"@id\":\"https:\/\/stalovers.pl\/#\/schema\/logo\/image\/\",\"url\":\"\",\"contentUrl\":\"\",\"caption\":\"Stalovers\"},\"image\":{\"@id\":\"https:\/\/stalovers.pl\/#\/schema\/logo\/image\/\"}}]}<\/script>\n<!-- \/ Yoast SEO plugin. -->","yoast_head_json":{"title":"H\u00e4user - Stalovers","description":"\u00dcberblick \u00fcber moderne Stahlh\u00e4user. Schnelle Konstruktion, Langlebigkeit und energieeffiziente L\u00f6sungen f\u00fcr Ihre Bed\u00fcrfnisse.","robots":{"index":"index","follow":"follow","max-snippet":"max-snippet:-1","max-image-preview":"max-image-preview:large","max-video-preview":"max-video-preview:-1"},"canonical":"https:\/\/stalovers.pl\/de\/hauser\/","og_locale":"de_DE","og_type":"article","og_title":"Domy","og_description":"Domy Stalowe.","og_url":"https:\/\/stalovers.pl\/de\/hauser\/","og_site_name":"Stalovers","article_modified_time":"2025-12-02T19:07:59+00:00","og_image":[{"width":1440,"height":1080,"url":"https:\/\/stalovers.pl\/wp-content\/uploads\/2025\/05\/IMG_0119.webp","type":"image\/webp"}],"twitter_card":"summary_large_image","twitter_misc":{"Gesch\u00e4tzte Lesezeit":"1\u00a0Minute"},"schema":{"@context":"https:\/\/schema.org","@graph":[{"@type":"WebPage","@id":"https:\/\/stalovers.pl\/domy\/","url":"https:\/\/stalovers.pl\/domy\/","name":"H\u00e4user - Stalovers","isPartOf":{"@id":"https:\/\/stalovers.pl\/#website"},"primaryImageOfPage":{"@id":"https:\/\/stalovers.pl\/domy\/#primaryimage"},"image":{"@id":"https:\/\/stalovers.pl\/domy\/#primaryimage"},"thumbnailUrl":"https:\/\/stalovers.pl\/wp-content\/uploads\/2025\/05\/IMG_0119.webp","datePublished":"2024-07-27T12:29:14+00:00","dateModified":"2025-12-02T19:07:59+00:00","description":"\u00dcberblick \u00fcber moderne Stahlh\u00e4user. Schnelle Konstruktion, Langlebigkeit und energieeffiziente L\u00f6sungen f\u00fcr Ihre Bed\u00fcrfnisse.","breadcrumb":{"@id":"https:\/\/stalovers.pl\/domy\/#breadcrumb"},"inLanguage":"de","potentialAction":[{"@type":"ReadAction","target":["https:\/\/stalovers.pl\/domy\/"]}]},{"@type":"ImageObject","inLanguage":"de","@id":"https:\/\/stalovers.pl\/domy\/#primaryimage","url":"https:\/\/stalovers.pl\/wp-content\/uploads\/2025\/05\/IMG_0119.webp","contentUrl":"https:\/\/stalovers.pl\/wp-content\/uploads\/2025\/05\/IMG_0119.webp","width":1440,"height":1080,"caption":"Konstrukcja Domu"},{"@type":"BreadcrumbList","@id":"https:\/\/stalovers.pl\/domy\/#breadcrumb","itemListElement":[{"@type":"ListItem","position":1,"name":"Strona g\u0142\u00f3wna","item":"https:\/\/stalovers.pl\/"},{"@type":"ListItem","position":2,"name":"Domy"}]},{"@type":"WebSite","@id":"https:\/\/stalovers.pl\/#website","url":"https:\/\/stalovers.pl\/","name":"Stalovers","description":"Stahlhausfabrik - moderne H\u00e4user und Hallen","publisher":{"@id":"https:\/\/stalovers.pl\/#organization"},"potentialAction":[{"@type":"SearchAction","target":{"@type":"EntryPoint","urlTemplate":"https:\/\/stalovers.pl\/?s={search_term_string}"},"query-input":{"@type":"PropertyValueSpecification","valueRequired":true,"valueName":"search_term_string"}}],"inLanguage":"de"},{"@type":"Organization","@id":"https:\/\/stalovers.pl\/#organization","name":"Stalovers","url":"https:\/\/stalovers.pl\/","logo":{"@type":"ImageObject","inLanguage":"de","@id":"https:\/\/stalovers.pl\/#\/schema\/logo\/image\/","url":"","contentUrl":"","caption":"Stalovers"},"image":{"@id":"https:\/\/stalovers.pl\/#\/schema\/logo\/image\/"}}]}},"_links":{"self":[{"href":"https:\/\/stalovers.pl\/de\/wp-json\/wp\/v2\/pages\/207","targetHints":{"allow":["GET"]}}],"collection":[{"href":"https:\/\/stalovers.pl\/de\/wp-json\/wp\/v2\/pages"}],"about":[{"href":"https:\/\/stalovers.pl\/de\/wp-json\/wp\/v2\/types\/page"}],"author":[{"embeddable":true,"href":"https:\/\/stalovers.pl\/de\/wp-json\/wp\/v2\/users\/1"}],"replies":[{"embeddable":true,"href":"https:\/\/stalovers.pl\/de\/wp-json\/wp\/v2\/comments?post=207"}],"version-history":[{"count":0,"href":"https:\/\/stalovers.pl\/de\/wp-json\/wp\/v2\/pages\/207\/revisions"}],"wp:featuredmedia":[{"embeddable":true,"href":"https:\/\/stalovers.pl\/de\/wp-json\/wp\/v2\/media\/3203"}],"wp:attachment":[{"href":"https:\/\/stalovers.pl\/de\/wp-json\/wp\/v2\/media?parent=207"}],"curies":[{"name":"wp","href":"https:\/\/api.w.org\/{rel}","templated":true}]}}