{"id":19,"date":"2024-05-23T07:42:21","date_gmt":"2024-05-23T07:42:21","guid":{"rendered":"https:\/\/stalovers.pl\/?page_id=19"},"modified":"2025-12-02T19:54:28","modified_gmt":"2025-12-02T19:54:28","slug":"uber-uns","status":"publish","type":"page","link":"https:\/\/stalovers.pl\/de\/uber-uns\/","title":{"rendered":"\u00dcber uns"},"content":{"rendered":"<section class=\"hero-section-left\">\r\n    <div class=\"container py-2\">\r\n        <div class=\"row align-items-center g-5\">\r\n            <div class=\"col-12 col-lg-6\">\r\n                <h1 class=\"display-5  lh-1 mb-3\">Wir sind Stalover!<\/h1>\r\n                <p>Wir bauen H\u00e4user, in denen wir selbst gerne leben w\u00fcrden - solide, modern und lebenswert. Bei Stalovers haben wir von Anfang an auf Qualit\u00e4t, Vertrauen und Menschlichkeit gesetzt. Unser Team besteht aus Menschen, die sich nicht nur mit Technik, sondern auch mit Beziehungen auskennen - denn alles begann mit einer gemeinsamen Familienidee, die wir heute mit der gleichen Leidenschaft weiterentwickeln wie zu Beginn.<\/p>\n<p>Wir haben uns auf den Bau von H\u00e4usern in Stahlrahmenbauweise spezialisiert und verwenden propriet\u00e4re L\u00f6sungen, die es Ihnen erm\u00f6glichen, den Traum vom Eigenheim schneller und effizienter zu verwirklichen, als Sie denken. Jedes Projekt ist f\u00fcr uns eine eigene Geschichte - deshalb h\u00f6ren wir zu, beraten und begleiten Sie bei jedem Schritt.<\/p>\n            <\/div>\r\n            <div class=\"col-12 col-lg-6\">\r\n                                                <img decoding=\"async\" src=\"https:\/\/stalovers.pl\/wp-content\/uploads\/2025\/06\/o-nas.bmp\" class=\"d-block mx-lg-auto img-fluid\"\r\n                    alt=\"\" width=\"700\" height=\"500\" loading=\"lazy\">\r\n                            <\/div>\r\n        <\/div>\r\n    <\/div>\r\n<\/section>\n\n\r\n<section class=\"core-values py-5\">\r\n    <div class=\"container scrollUp\">\r\n        <h2 class=\"section-title\">Unsere Werte<\/h2>\r\n        <p class=\"section-description\"> Die Werte, die unsere t\u00e4gliche Arbeit leiten, bestimmen unseren Arbeitsstil und die Qualit\u00e4t unserer Ausf\u00fchrung. Sie sind die Grundlage f\u00fcr jede Zusammenarbeit mit einem Kunden.<\/p>\r\n        <ul class=\"honeycomb pb-5\">\r\n                                    <li class=\"honeycomb-cell\">\r\n                <p class=\"honeycomb-cell__text\">F\u00fcr uns ist jede Umsetzung eine Verpflichtung zu h\u00f6chsten Standards - vom Entwurf bis zur Installation.<\/p>\r\n                <div class=\"honeycomb-cell__title\"> Qualit\u00e4t ohne Kompromisse<\/div>\r\n            <\/li>\r\n                        <li class=\"honeycomb-cell\">\r\n                <p class=\"honeycomb-cell__text\">Wir bauen auf Vertrauen. Die Kunden haben in jeder Phase der Zusammenarbeit vollen Einblick in den Prozess und die Kosten.<\/p>\r\n                <div class=\"honeycomb-cell__title\"> Integrit\u00e4t und Transparenz<\/div>\r\n            <\/li>\r\n                        <li class=\"honeycomb-cell\">\r\n                <p class=\"honeycomb-cell__text\">Wir respektieren die Zeit unserer Kunden - Zeitpl\u00e4ne sind f\u00fcr uns genauso wichtig wie die Qualit\u00e4t der Arbeit.<\/p>\r\n                <div class=\"honeycomb-cell__title\"> Innovation<\/div>\r\n            <\/li>\r\n                        <li class=\"honeycomb-cell\">\r\n                <p class=\"honeycomb-cell__text\">Wir k\u00fcmmern uns um die Umwelt und die Gemeinschaft, in der wir t\u00e4tig sind.<\/p>\r\n                <div class=\"honeycomb-cell__title\"> P\u00fcnktlichkeit<\/div>\r\n            <\/li>\r\n                        <li class=\"honeycomb-cell\">\r\n                <p class=\"honeycomb-cell__text\">Jedes Projekt ist anders - wir entwerfen und bauen nach den Bed\u00fcrfnissen und Lebensgewohnheiten unserer Kunden.<\/p>\r\n                <div class=\"honeycomb-cell__title\"> Individueller Ansatz<\/div>\r\n            <\/li>\r\n                        <li class=\"honeycomb-cell\">\r\n                <p class=\"honeycomb-cell__text\">Die Umwelt liegt uns am Herzen - unsere Entw\u00fcrfe sorgen f\u00fcr einen geringeren \u00f6kologischen Fu\u00dfabdruck, Energieeffizienz und Langlebigkeit \u00fcber Jahre hinweg.<\/p>\r\n                <div class=\"honeycomb-cell__title\"> Nachhaltige Entwicklung<\/div>\r\n            <\/li>\r\n                        <li class=\"honeycomb-cell\">\r\n                <p class=\"honeycomb-cell__text\">Was wir tun, tun wir mit Hingabe - denn wir m\u00f6gen, was wir schaffen, und wir m\u00f6chten, dass unsere Kunden in ihren H\u00e4usern und Hallen dasselbe f\u00fchlen.<\/p>\r\n                <div class=\"honeycomb-cell__title\"> Eine Leidenschaft f\u00fcr das Bauen<\/div>\r\n            <\/li>\r\n                        \r\n            <li class=\"honeycomb-cell honeycomb__placeholder\"><\/li>\r\n        <\/ul>\r\n    <\/div>\r\n<\/section>","protected":false},"excerpt":{"rendered":"<p>Lernen Sie Stalovers kennen - ein Unternehmen, das moderne H\u00e4user mit Liebe zum Detail, Langlebigkeit und Komfort f\u00fcr die Bewohner baut. Erfahren Sie, was uns auszeichnet.<\/p>","protected":false},"author":1,"featured_media":3225,"parent":0,"menu_order":0,"comment_status":"closed","ping_status":"closed","template":"page-templates\/about-us.php","meta":{"_acf_changed":false,"footnotes":""},"class_list":["post-19","page","type-page","status-publish","has-post-thumbnail","hentry"],"acf":[],"yoast_head":"<!-- This site is optimized with the Yoast SEO plugin v26.5 - https:\/\/yoast.com\/wordpress\/plugins\/seo\/ -->\n<title>O nas \u2013 producent dom\u00f3w stalowych<\/title>\n<meta name=\"description\" content=\"Poznaj Stalovers \u2014 firm\u0119 tworz\u0105c\u0105 nowoczesne domy z dba\u0142o\u015bci\u0105 o detale, trwa\u0142o\u015b\u0107 i komfort mieszka\u0144c\u00f3w. Sprawd\u017a, co nas wyr\u00f3\u017cnia.\" \/>\n<meta name=\"robots\" content=\"index, follow, max-snippet:-1, max-image-preview:large, max-video-preview:-1\" \/>\n<link rel=\"canonical\" href=\"https:\/\/stalovers.pl\/de\/uber-uns\/\" \/>\n<meta property=\"og:locale\" content=\"de_DE\" \/>\n<meta property=\"og:type\" content=\"article\" \/>\n<meta property=\"og:title\" content=\"O nas \u2013 producent dom\u00f3w stalowych\" \/>\n<meta property=\"og:description\" content=\"Poznaj Stalovers \u2014 firm\u0119 tworz\u0105c\u0105 nowoczesne domy z dba\u0142o\u015bci\u0105 o detale, trwa\u0142o\u015b\u0107 i komfort mieszka\u0144c\u00f3w. Sprawd\u017a, co nas wyr\u00f3\u017cnia.\" \/>\n<meta property=\"og:url\" content=\"https:\/\/stalovers.pl\/de\/uber-uns\/\" \/>\n<meta property=\"og:site_name\" content=\"Stalovers\" \/>\n<meta property=\"article:modified_time\" content=\"2025-12-02T19:54:28+00:00\" \/>\n<meta name=\"twitter:card\" content=\"summary_large_image\" \/>\n<meta name=\"twitter:label1\" content=\"Gesch\u00e4tzte Lesezeit\" \/>\n\t<meta name=\"twitter:data1\" content=\"1\u00a0Minute\" \/>\n<script type=\"application\/ld+json\" class=\"yoast-schema-graph\">{\"@context\":\"https:\/\/schema.org\",\"@graph\":[{\"@type\":\"WebPage\",\"@id\":\"https:\/\/stalovers.pl\/o-nas\/\",\"url\":\"https:\/\/stalovers.pl\/o-nas\/\",\"name\":\"O nas \u2013 producent dom\u00f3w stalowych\",\"isPartOf\":{\"@id\":\"https:\/\/stalovers.pl\/#website\"},\"primaryImageOfPage\":{\"@id\":\"https:\/\/stalovers.pl\/o-nas\/#primaryimage\"},\"image\":{\"@id\":\"https:\/\/stalovers.pl\/o-nas\/#primaryimage\"},\"thumbnailUrl\":\"https:\/\/stalovers.pl\/wp-content\/uploads\/2025\/06\/o-nas.bmp\",\"datePublished\":\"2024-05-23T07:42:21+00:00\",\"dateModified\":\"2025-12-02T19:54:28+00:00\",\"description\":\"Poznaj Stalovers \u2014 firm\u0119 tworz\u0105c\u0105 nowoczesne domy z dba\u0142o\u015bci\u0105 o detale, trwa\u0142o\u015b\u0107 i komfort mieszka\u0144c\u00f3w. Sprawd\u017a, co nas wyr\u00f3\u017cnia.\",\"breadcrumb\":{\"@id\":\"https:\/\/stalovers.pl\/o-nas\/#breadcrumb\"},\"inLanguage\":\"de\",\"potentialAction\":[{\"@type\":\"ReadAction\",\"target\":[\"https:\/\/stalovers.pl\/o-nas\/\"]}]},{\"@type\":\"ImageObject\",\"inLanguage\":\"de\",\"@id\":\"https:\/\/stalovers.pl\/o-nas\/#primaryimage\",\"url\":\"https:\/\/stalovers.pl\/wp-content\/uploads\/2025\/06\/o-nas.bmp\",\"contentUrl\":\"https:\/\/stalovers.pl\/wp-content\/uploads\/2025\/06\/o-nas.bmp\",\"width\":965,\"height\":400},{\"@type\":\"BreadcrumbList\",\"@id\":\"https:\/\/stalovers.pl\/o-nas\/#breadcrumb\",\"itemListElement\":[{\"@type\":\"ListItem\",\"position\":1,\"name\":\"Strona g\u0142\u00f3wna\",\"item\":\"https:\/\/stalovers.pl\/\"},{\"@type\":\"ListItem\",\"position\":2,\"name\":\"O nas\"}]},{\"@type\":\"WebSite\",\"@id\":\"https:\/\/stalovers.pl\/#website\",\"url\":\"https:\/\/stalovers.pl\/\",\"name\":\"Stalovers\",\"description\":\"Fabryka dom\u00f3w stalowych \u2013 nowoczesne domy i hale\",\"publisher\":{\"@id\":\"https:\/\/stalovers.pl\/#organization\"},\"potentialAction\":[{\"@type\":\"SearchAction\",\"target\":{\"@type\":\"EntryPoint\",\"urlTemplate\":\"https:\/\/stalovers.pl\/?s={search_term_string}\"},\"query-input\":{\"@type\":\"PropertyValueSpecification\",\"valueRequired\":true,\"valueName\":\"search_term_string\"}}],\"inLanguage\":\"de\"},{\"@type\":\"Organization\",\"@id\":\"https:\/\/stalovers.pl\/#organization\",\"name\":\"Stalovers\",\"url\":\"https:\/\/stalovers.pl\/\",\"logo\":{\"@type\":\"ImageObject\",\"inLanguage\":\"de\",\"@id\":\"https:\/\/stalovers.pl\/#\/schema\/logo\/image\/\",\"url\":\"\",\"contentUrl\":\"\",\"caption\":\"Stalovers\"},\"image\":{\"@id\":\"https:\/\/stalovers.pl\/#\/schema\/logo\/image\/\"}}]}<\/script>\n<!-- \/ Yoast SEO plugin. -->","yoast_head_json":{"title":"\u00dcber uns - Hersteller von Stahlh\u00e4usern","description":"Lernen Sie Stalovers kennen - ein Unternehmen, das moderne H\u00e4user mit Liebe zum Detail, Langlebigkeit und Komfort f\u00fcr die Bewohner baut. Erfahren Sie, was uns auszeichnet.","robots":{"index":"index","follow":"follow","max-snippet":"max-snippet:-1","max-image-preview":"max-image-preview:large","max-video-preview":"max-video-preview:-1"},"canonical":"https:\/\/stalovers.pl\/de\/uber-uns\/","og_locale":"de_DE","og_type":"article","og_title":"O nas \u2013 producent dom\u00f3w stalowych","og_description":"Poznaj Stalovers \u2014 firm\u0119 tworz\u0105c\u0105 nowoczesne domy z dba\u0142o\u015bci\u0105 o detale, trwa\u0142o\u015b\u0107 i komfort mieszka\u0144c\u00f3w. Sprawd\u017a, co nas wyr\u00f3\u017cnia.","og_url":"https:\/\/stalovers.pl\/de\/uber-uns\/","og_site_name":"Stalovers","article_modified_time":"2025-12-02T19:54:28+00:00","twitter_card":"summary_large_image","twitter_misc":{"Gesch\u00e4tzte Lesezeit":"1\u00a0Minute"},"schema":{"@context":"https:\/\/schema.org","@graph":[{"@type":"WebPage","@id":"https:\/\/stalovers.pl\/o-nas\/","url":"https:\/\/stalovers.pl\/o-nas\/","name":"\u00dcber uns - Hersteller von Stahlh\u00e4usern","isPartOf":{"@id":"https:\/\/stalovers.pl\/#website"},"primaryImageOfPage":{"@id":"https:\/\/stalovers.pl\/o-nas\/#primaryimage"},"image":{"@id":"https:\/\/stalovers.pl\/o-nas\/#primaryimage"},"thumbnailUrl":"https:\/\/stalovers.pl\/wp-content\/uploads\/2025\/06\/o-nas.bmp","datePublished":"2024-05-23T07:42:21+00:00","dateModified":"2025-12-02T19:54:28+00:00","description":"Lernen Sie Stalovers kennen - ein Unternehmen, das moderne H\u00e4user mit Liebe zum Detail, Langlebigkeit und Komfort f\u00fcr die Bewohner baut. Erfahren Sie, was uns auszeichnet.","breadcrumb":{"@id":"https:\/\/stalovers.pl\/o-nas\/#breadcrumb"},"inLanguage":"de","potentialAction":[{"@type":"ReadAction","target":["https:\/\/stalovers.pl\/o-nas\/"]}]},{"@type":"ImageObject","inLanguage":"de","@id":"https:\/\/stalovers.pl\/o-nas\/#primaryimage","url":"https:\/\/stalovers.pl\/wp-content\/uploads\/2025\/06\/o-nas.bmp","contentUrl":"https:\/\/stalovers.pl\/wp-content\/uploads\/2025\/06\/o-nas.bmp","width":965,"height":400},{"@type":"BreadcrumbList","@id":"https:\/\/stalovers.pl\/o-nas\/#breadcrumb","itemListElement":[{"@type":"ListItem","position":1,"name":"Strona g\u0142\u00f3wna","item":"https:\/\/stalovers.pl\/"},{"@type":"ListItem","position":2,"name":"O nas"}]},{"@type":"WebSite","@id":"https:\/\/stalovers.pl\/#website","url":"https:\/\/stalovers.pl\/","name":"Stalovers","description":"Stahlhausfabrik - moderne H\u00e4user und Hallen","publisher":{"@id":"https:\/\/stalovers.pl\/#organization"},"potentialAction":[{"@type":"SearchAction","target":{"@type":"EntryPoint","urlTemplate":"https:\/\/stalovers.pl\/?s={search_term_string}"},"query-input":{"@type":"PropertyValueSpecification","valueRequired":true,"valueName":"search_term_string"}}],"inLanguage":"de"},{"@type":"Organization","@id":"https:\/\/stalovers.pl\/#organization","name":"Stalovers","url":"https:\/\/stalovers.pl\/","logo":{"@type":"ImageObject","inLanguage":"de","@id":"https:\/\/stalovers.pl\/#\/schema\/logo\/image\/","url":"","contentUrl":"","caption":"Stalovers"},"image":{"@id":"https:\/\/stalovers.pl\/#\/schema\/logo\/image\/"}}]}},"_links":{"self":[{"href":"https:\/\/stalovers.pl\/de\/wp-json\/wp\/v2\/pages\/19","targetHints":{"allow":["GET"]}}],"collection":[{"href":"https:\/\/stalovers.pl\/de\/wp-json\/wp\/v2\/pages"}],"about":[{"href":"https:\/\/stalovers.pl\/de\/wp-json\/wp\/v2\/types\/page"}],"author":[{"embeddable":true,"href":"https:\/\/stalovers.pl\/de\/wp-json\/wp\/v2\/users\/1"}],"replies":[{"embeddable":true,"href":"https:\/\/stalovers.pl\/de\/wp-json\/wp\/v2\/comments?post=19"}],"version-history":[{"count":0,"href":"https:\/\/stalovers.pl\/de\/wp-json\/wp\/v2\/pages\/19\/revisions"}],"wp:featuredmedia":[{"embeddable":true,"href":"https:\/\/stalovers.pl\/de\/wp-json\/wp\/v2\/media\/3225"}],"wp:attachment":[{"href":"https:\/\/stalovers.pl\/de\/wp-json\/wp\/v2\/media?parent=19"}],"curies":[{"name":"wp","href":"https:\/\/api.w.org\/{rel}","templated":true}]}}